{"id":50372,"date":"2025-11-01T06:50:25","date_gmt":"2025-11-01T06:50:25","guid":{"rendered":"https:\/\/cultivers.es\/abonos\/edamame-samen\/"},"modified":"2026-03-14T10:03:22","modified_gmt":"2026-03-14T10:03:22","slug":"edamame-samen","status":"publish","type":"product","link":"https:\/\/cultivers.es\/de\/d\u00fcngemittel\/edamame-samen\/","title":{"rendered":"Edamame-Samen Eco"},"content":{"rendered":"","protected":false},"excerpt":{"rendered":"<p>Edamame, auch bekannt als gr\u00fcne Sojabohnen, ist eine H\u00fclsenfrucht asiatischen Ursprungs, die wegen ihrer zarten und schmackhaften Schoten, die reich an Proteinen und Mineralien sind, angebaut wird. Diese Bio-Edamame-Samen (Glycine max L.) sind ideal f\u00fcr alle, die eine nahrhafte, leicht zu pflegende Kultur mit gro\u00dfem kulinarischen Wert suchen. <\/p>\n<p>Sein milder, leicht s\u00fc\u00dfer und nussiger Geschmack macht ihn zu einer perfekten Zutat f\u00fcr Salate, Suppen, Pfannengerichte oder als gesunden Snack, ged\u00fcnstet mit einem Hauch von Meersalz.<\/p>\n<p>Unser Saatgut stammt aus kontrolliert biologischem Anbau, was kr\u00e4ftige Pflanzen und eine Ernte ohne Pestizide oder GVO garantiert.<\/p>\n","protected":false},"featured_media":50293,"comment_status":"open","ping_status":"closed","template":"","meta":{"_acf_changed":false},"product_brand":[],"product_cat":[757,419],"product_tag":[1580],"class_list":{"0":"post-50372","1":"product","2":"type-product","3":"status-publish","4":"has-post-thumbnail","6":"product_cat-bio-hulsenfrucht-samen","7":"product_cat-bio-saatgut","8":"product_tag-oko","10":"first","11":"instock","12":"taxable","13":"shipping-taxable","14":"purchasable","15":"product-type-simple"},"acf":[],"_links":{"self":[{"href":"https:\/\/cultivers.es\/de\/wp-json\/wp\/v2\/product\/50372","targetHints":{"allow":["GET"]}}],"collection":[{"href":"https:\/\/cultivers.es\/de\/wp-json\/wp\/v2\/product"}],"about":[{"href":"https:\/\/cultivers.es\/de\/wp-json\/wp\/v2\/types\/product"}],"replies":[{"embeddable":true,"href":"https:\/\/cultivers.es\/de\/wp-json\/wp\/v2\/comments?post=50372"}],"wp:featuredmedia":[{"embeddable":true,"href":"https:\/\/cultivers.es\/de\/wp-json\/wp\/v2\/media\/50293"}],"wp:attachment":[{"href":"https:\/\/cultivers.es\/de\/wp-json\/wp\/v2\/media?parent=50372"}],"wp:term":[{"taxonomy":"product_brand","embeddable":true,"href":"https:\/\/cultivers.es\/de\/wp-json\/wp\/v2\/product_brand?post=50372"},{"taxonomy":"product_cat","embeddable":true,"href":"https:\/\/cultivers.es\/de\/wp-json\/wp\/v2\/product_cat?post=50372"},{"taxonomy":"product_tag","embeddable":true,"href":"https:\/\/cultivers.es\/de\/wp-json\/wp\/v2\/product_tag?post=50372"}],"curies":[{"name":"wp","href":"https:\/\/api.w.org\/{rel}","templated":true}]}}