{"id":50382,"date":"2025-11-01T06:12:45","date_gmt":"2025-11-01T06:12:45","guid":{"rendered":"https:\/\/cultivers.es\/abonos\/mikrogruener-brokkoli\/"},"modified":"2026-03-14T10:04:52","modified_gmt":"2026-03-14T10:04:52","slug":"mikrogruener-brokkoli","status":"publish","type":"product","link":"https:\/\/cultivers.es\/de\/d\u00fcngemittel\/mikrogruener-brokkoli\/","title":{"rendered":"Mikrogr\u00fcner Brokkoli Eco"},"content":{"rendered":"","protected":false},"excerpt":{"rendered":"<p>Brokkoli-Mikrosprossen<em data-start=\"3156\" data-end=\"3169\">(Broccoletti<\/em>) haben einen w\u00fcrzigen und pikanten Geschmack und sind reich an Vitaminen und Mineralstoffen. Sie sind \u00e4u\u00dferst vielseitig und k\u00f6nnen als Beilage oder Topping verwendet werden, um Salaten, Sandwiches, Suppen und anderen Gerichten eine gesunde Note zu verleihen. <\/p>\n<p>1. weichen Sie den Boden in Wasser ein, bis er vollst\u00e4ndig ges\u00e4ttigt ist.<br \/>\n2. verteilen Sie die Samen gleichm\u00e4\u00dfig auf dem Boden. Legen Sie sie nicht zu dicht nebeneinander, um Schimmelbildung zu vermeiden.<br \/>\n3. Stellen Sie die Kiste an einen sonnigen Ort bei Zimmertemperatur und halten Sie die Unterlage stets feucht.<br \/>\n4. Ernten Sie nach 7-8 Tagen, wenn die Pflanzen etwa 5-10 cm hoch sind. Schneiden Sie die Pflanzen knapp \u00fcber dem Rand des Kastens ab. Waschen Sie sie vor dem Verzehr gut. Die Reste des Kastens sind vollst\u00e4ndig kompostierbar.    <\/p>\n","protected":false},"featured_media":50268,"comment_status":"open","ping_status":"closed","template":"","meta":{"_acf_changed":false},"product_brand":[],"product_cat":[419,730],"product_tag":[1580],"class_list":{"0":"post-50382","1":"product","2":"type-product","3":"status-publish","4":"has-post-thumbnail","6":"product_cat-bio-saatgut","7":"product_cat-microgreen-okologisch","8":"product_tag-oko","10":"first","11":"instock","12":"sale","13":"taxable","14":"shipping-taxable","15":"purchasable","16":"product-type-simple"},"acf":[],"_links":{"self":[{"href":"https:\/\/cultivers.es\/de\/wp-json\/wp\/v2\/product\/50382","targetHints":{"allow":["GET"]}}],"collection":[{"href":"https:\/\/cultivers.es\/de\/wp-json\/wp\/v2\/product"}],"about":[{"href":"https:\/\/cultivers.es\/de\/wp-json\/wp\/v2\/types\/product"}],"replies":[{"embeddable":true,"href":"https:\/\/cultivers.es\/de\/wp-json\/wp\/v2\/comments?post=50382"}],"wp:featuredmedia":[{"embeddable":true,"href":"https:\/\/cultivers.es\/de\/wp-json\/wp\/v2\/media\/50268"}],"wp:attachment":[{"href":"https:\/\/cultivers.es\/de\/wp-json\/wp\/v2\/media?parent=50382"}],"wp:term":[{"taxonomy":"product_brand","embeddable":true,"href":"https:\/\/cultivers.es\/de\/wp-json\/wp\/v2\/product_brand?post=50382"},{"taxonomy":"product_cat","embeddable":true,"href":"https:\/\/cultivers.es\/de\/wp-json\/wp\/v2\/product_cat?post=50382"},{"taxonomy":"product_tag","embeddable":true,"href":"https:\/\/cultivers.es\/de\/wp-json\/wp\/v2\/product_tag?post=50382"}],"curies":[{"name":"wp","href":"https:\/\/api.w.org\/{rel}","templated":true}]}}