{"id":53012,"date":"2026-01-16T07:18:26","date_gmt":"2026-01-16T07:18:26","guid":{"rendered":"https:\/\/cultivers.es\/producto\/multiple-deficiency-corrector-fluessig\/"},"modified":"2026-01-16T07:18:26","modified_gmt":"2026-01-16T07:18:26","slug":"multiple-deficiency-corrector-fluessig","status":"publish","type":"product","link":"https:\/\/cultivers.es\/de\/d\u00fcngemittel\/multiple-deficiency-corrector-fluessig\/","title":{"rendered":"Multiple Deficiency Corrector Fl\u00fcssig"},"content":{"rendered":"<p>Dieser organische Mangelkorrektor wurde formuliert, um eine technische und wirksame L\u00f6sung f\u00fcr den Mangel an essentiellen Mikroelementen in ertragreichen Kulturen zu bieten. Mit Zink, Eisen, Mangan, Kupfer und Bor hilft er, das N\u00e4hrstoffgleichgewicht wiederherzustellen, das die Pflanze ben\u00f6tigt, um eine gesunde und produktive Physiologie zu erhalten. Die Mikroelemente sind mit Lignosulfonaten komplexiert, was eine schnelle und effiziente Aufnahme sowohl bei der Blatt- als auch bei der Wurzelanwendung erm\u00f6glicht. Die Verwendung ist besonders w\u00e4hrend des vegetativen Wachstums angezeigt, wenn der Bedarf an Mikron\u00e4hrstoffen f\u00fcr die Photosynthese, die Synthese von Pflanzenhormonen, die Zellatmung und die Bildung von qualitativ hochwertigen Fr\u00fcchten entscheidend ist. Dank seiner stabilen fl\u00fcssigen Formulierung ist dieser fl\u00fcssige Pflanzend\u00fcnger f\u00fcr konventionelle D\u00fcngeprogramme und hydroponische Systeme geeignet, wo er eine konstante und homogene Versorgung mit Mikroelementen ohne das Risiko von Ausf\u00e4llungen oder Verstopfungen gew\u00e4hrleistet. Dieser D\u00fcnger mit Zink, Mangan und Eisen ist der Schl\u00fcssel zur Vermeidung von Mangelerscheinungen wie Chlorose, langsamem Wachstum, geringer Bl\u00fcte und Deformationen. Die regelm\u00e4\u00dfige Anwendung tr\u00e4gt dazu bei, h\u00e4ufige Physiopathologien bei Gartenbaukulturen, Obstb\u00e4umen, Zitrusfr\u00fcchten und Olivenb\u00e4umen zu vermeiden und die Produktivit\u00e4t der Kulturen nachhaltig zu verbessern. Besonders empfehlenswert f\u00fcr alle, die einen \u00f6kologischen D\u00fcnger mit Mikroelementen suchen, der agronomische Effizienz und Umweltfreundlichkeit miteinander verbindet. Ein vielseitiges und professionelles Mittel, das den aktuellen Anforderungen einer fortschrittlichen und ausgewogenen Landwirtschaft gerecht wird.        <\/p>\n","protected":false},"excerpt":{"rendered":"<p>Organischer D\u00fcnger mit schnell absorbierbaren essentiellen Mikron\u00e4hrstoffen: Enth\u00e4lt Zink, Eisen, Mangan, Kupfer und Bor in leicht absorbierbarer Form dank ihrer Komplexbildung mit Lignosulfonaten. Diese Mikron\u00e4hrstoffe sind an lebenswichtigen Prozessen wie der Photosynthese, der Proteinbildung, der Zellteilung und der Hormonsynthese beteiligt. Ideal zur Vorbeugung und Korrektur von M\u00e4ngeln in den fr\u00fchen Stadien des Pflanzenwachstums, zur Verbesserung der Vitalit\u00e4t der Pflanzen und der strukturellen Entwicklung.<br \/>\n\ud83c\udf4b Verhindert Physiopathologien und Ern\u00e4hrungsungleichgewichte bei allen Arten von Kulturen: Dieser Pflanzenmangelkorrektor ist sowohl bei Intensivkulturen als auch bei traditionellen Kulturen wirksam. Er reduziert das Auftreten von Chlorose, Nekrosen, Deformationen und vorzeitigem Blatt- oder Fruchtfall. Wird es w\u00e4hrend des vegetativen Wachstums angewendet, verbessert es den Fruchtansatz, die Bl\u00fcte und die Produktion. Besonders n\u00fctzlich in Gartenbaukulturen, Zitrusfr\u00fcchten, Obst, subtropischen Kulturen, Oliven und Wein.<br \/>\nZink-Mangan-Eisen-D\u00fcnger f\u00fcr ertrags- und qualit\u00e4tsorientierte Kulturen: Entwickelt, um den hohen Bedarf an Mikron\u00e4hrstoffen in der technischen Landwirtschaft zu decken, tr\u00e4gt dieser Korrektor dazu bei, das maximale genetische Potenzial der Pflanze zu erreichen. Seine kontinuierliche Anwendung erh\u00f6ht die Effizienz der Nutzung von Makron\u00e4hrstoffen wie Stickstoff und Phosphor und verbessert die Zellstruktur, die Stressresistenz und die endg\u00fcltige Fruchtqualit\u00e4t, sowohl was die Gr\u00f6\u00dfe als auch den N\u00e4hrstoffgehalt betrifft.<br \/>\nVielseitigkeit bei der Blatt- und Wurzelapplikation mit maximaler Effizienz: Dieser Korrektor kann durch direktes Spr\u00fchen auf die Bl\u00e4tter oder durch D\u00fcngung angewendet werden, wobei er sich an die Bedingungen der Pflanze anpasst. Seine Mikroelemente haben eine hohe systemische Mobilit\u00e4t, die eine schnelle und nachhaltige Wirkung gew\u00e4hrleistet. Er bietet kurzfristig sichtbare Vorteile, wie z.B. eine st\u00e4rkere Vitalit\u00e4t, eine bessere F\u00e4rbung und eine Erholung der von Mangelerscheinungen betroffenen Pflanzen.<br \/>\nZink-Mangan-Eisen-D\u00fcnger f\u00fcr ertrags- und qualit\u00e4tsorientierte Kulturen: Entwickelt, um den hohen Bedarf an Mikron\u00e4hrstoffen in der technischen Landwirtschaft zu decken, tr\u00e4gt dieser Korrektor dazu bei, das maximale genetische Potenzial der Pflanze zu erreichen. Seine kontinuierliche Anwendung erh\u00f6ht die Effizienz der Nutzung von Makron\u00e4hrstoffen wie Stickstoff und Phosphor und verbessert die Zellstruktur, die Stressresistenz und die endg\u00fcltige Fruchtqualit\u00e4t, sowohl was die Gr\u00f6\u00dfe als auch den N\u00e4hrstoffgehalt betrifft. <\/p>\n","protected":false},"featured_media":52283,"comment_status":"closed","ping_status":"closed","template":"","meta":{"_acf_changed":false},"product_brand":[],"product_cat":[585],"product_tag":[],"woo-feed-brand":[],"class_list":{"0":"post-53012","1":"product","2":"type-product","3":"status-publish","4":"has-post-thumbnail","6":"product_cat-defizit-korrektoren","8":"first","9":"instock","10":"taxable","11":"shipping-taxable","12":"purchasable","13":"product-type-variable"},"acf":[],"_links":{"self":[{"href":"https:\/\/cultivers.es\/de\/wp-json\/wp\/v2\/product\/53012","targetHints":{"allow":["GET"]}}],"collection":[{"href":"https:\/\/cultivers.es\/de\/wp-json\/wp\/v2\/product"}],"about":[{"href":"https:\/\/cultivers.es\/de\/wp-json\/wp\/v2\/types\/product"}],"replies":[{"embeddable":true,"href":"https:\/\/cultivers.es\/de\/wp-json\/wp\/v2\/comments?post=53012"}],"wp:featuredmedia":[{"embeddable":true,"href":"https:\/\/cultivers.es\/de\/wp-json\/wp\/v2\/media\/52283"}],"wp:attachment":[{"href":"https:\/\/cultivers.es\/de\/wp-json\/wp\/v2\/media?parent=53012"}],"wp:term":[{"taxonomy":"product_brand","embeddable":true,"href":"https:\/\/cultivers.es\/de\/wp-json\/wp\/v2\/product_brand?post=53012"},{"taxonomy":"product_cat","embeddable":true,"href":"https:\/\/cultivers.es\/de\/wp-json\/wp\/v2\/product_cat?post=53012"},{"taxonomy":"product_tag","embeddable":true,"href":"https:\/\/cultivers.es\/de\/wp-json\/wp\/v2\/product_tag?post=53012"},{"taxonomy":"woo-feed-brand","embeddable":true,"href":"https:\/\/cultivers.es\/de\/wp-json\/wp\/v2\/woo-feed-brand?post=53012"}],"curies":[{"name":"wp","href":"https:\/\/api.w.org\/{rel}","templated":true}]}}