{"id":17125,"date":"2021-09-13T11:30:39","date_gmt":"2021-09-13T11:30:39","guid":{"rendered":"https:\/\/cultivers.es\/politique-en-matiere-de-cookies\/"},"modified":"2023-09-16T18:04:17","modified_gmt":"2023-09-16T18:04:17","slug":"politique-en-matiere-de-cookies","status":"publish","type":"page","link":"https:\/\/cultivers.es\/fr\/politique-en-matiere-de-cookies\/","title":{"rendered":"Politique en mati\u00e8re de cookies"},"content":{"rendered":"\n<p><strong>Concept de cookies<\/strong><br\/>Les cookies sont un outil utilis\u00e9 par les serveurs web pour stocker et r\u00e9cup\u00e9rer des informations sur leurs visiteurs ou utilisateurs.<br\/>Ce n&rsquo;est rien d&rsquo;autre qu&rsquo;un fichier texte que certains serveurs installent pendant la navigation et qui leur permet de conna\u00eetre des informations telles que : l&rsquo;endroit \u00e0 partir duquel vous acc\u00e9dez, le temps de connexion, l&rsquo;appareil \u00e0 partir duquel vous acc\u00e9dez (fixe ou mobile), le syst\u00e8me d&rsquo;exploitation et le navigateur utilis\u00e9s, les pages les plus visit\u00e9es, le nombre de clics effectu\u00e9s et les donn\u00e9es relatives au comportement de l&rsquo;utilisateur sur le site web.<br\/>Internet.<br\/>Ils ne fournissent pas de r\u00e9f\u00e9rences permettant de d\u00e9duire le nom et le pr\u00e9nom de l&rsquo;utilisateur et ne peuvent pas lire les donn\u00e9es du disque dur de l&rsquo;utilisateur ou inclure des virus dans l&rsquo;\u00e9quipement de l&rsquo;utilisateur.<br\/>De m\u00eame, il ne peut pas lire les cookies implant\u00e9s sur le disque dur de l&rsquo;utilisateur \u00e0 partir d&rsquo;autres serveurs. Pourquoi sont-ils importants ?<br\/>Le site web est accessible sans que les cookies soient activ\u00e9s, bien que la d\u00e9sactivation des cookies puisse emp\u00eacher le site web de fonctionner correctement.<br\/>D&rsquo;un point de vue technique, les cookies permettent aux sites web de fonctionner de mani\u00e8re plus agile et de s&rsquo;adapter aux pr\u00e9f\u00e9rences des utilisateurs, par exemple en stockant la langue, la devise du pays ou en d\u00e9tectant le dispositif d&rsquo;acc\u00e8s.<br\/>Ils \u00e9tablissent des niveaux de protection et de s\u00e9curit\u00e9 qui pr\u00e9viennent ou entravent les cyber-attaques contre le site web ou ses utilisateurs et permettent aux gestionnaires de m\u00e9dias d&rsquo;obtenir des donn\u00e9es statistiques collect\u00e9es pour am\u00e9liorer la qualit\u00e9 et l&rsquo;exp\u00e9rience de leurs services. Ils sont utilis\u00e9s pour optimiser la publicit\u00e9 que nous montrons aux utilisateurs, en leur proposant la publicit\u00e9 qui correspond le mieux \u00e0 leurs int\u00e9r\u00eats.<\/p>\n\n<p><strong>Autorisation pour l&rsquo;utilisation de cookies<\/strong><\/p>\n\n<p>Un avis relatif aux cookies appara\u00eet sur le site web et l&rsquo;utilisateur ou le visiteur peut l&rsquo;accepter en consentant \u00e0 ce qui suit<br\/>consentir express\u00e9ment \u00e0 l&rsquo;utilisation de cookies telle qu&rsquo;elle est d\u00e9crite ci-dessous.<br\/>Les utilisateurs peuvent configurer leur navigateur pour rejeter tous les cookies par d\u00e9faut ou pour recevoir un avertissement \u00e0 l&rsquo;\u00e9cran concernant la r\u00e9ception de chaque cookie et d\u00e9cider de les installer ou non sur leur disque dur.<br\/>Configuration du navigateur ECOFORCE S.L. rappelle \u00e0 ses utilisateurs que l&rsquo;utilisation de cookies peut \u00eatre soumise \u00e0 leur acceptation lors de l&rsquo;installation ou de la mise \u00e0 jour du navigateur qu&rsquo;ils utilisent.<\/p>\n\n<p><strong>ECOFORCE S.L. Politique en mati\u00e8re de cookies<\/strong><\/p>\n\n<p>Cette acceptation peut \u00eatre r\u00e9voqu\u00e9e par le biais du contenu et des param\u00e8tres de confidentialit\u00e9.<br\/>disponibles dans celui-ci. Le titulaire recommande \u00e0 ses utilisateurs de consulter l&rsquo;aide de leur navigateur ou de consulter le site web de l&rsquo;entreprise.<br\/>acc\u00e9der aux pages d&rsquo;aide des principaux navigateurs : Firefox, Internet Explorer, Safari,<br\/>Chrome.<br\/>Pour plus d&rsquo;informations sur la mani\u00e8re de r\u00e9voquer le consentement donn\u00e9 ou sur la proc\u00e9dure<br\/>pour d\u00e9sactiver les cookies, ainsi que pour poser des questions sur la politique en mati\u00e8re de cookies, vous pouvez<br\/>veuillez contacter le titulaire \u00e0 l&rsquo;adresse \u00e9lectronique suivante<br\/>ADMINISTRACION@FERTILIZANTESECOFORCE.ES indiquant \u00ab\u00a0Politique en mati\u00e8re de cookies\u00a0\u00bb sur le site web<br\/>question.<\/p>\n\n<p><strong>Types de cookies utilis\u00e9s sur le web<\/strong><br\/>Les utilisateurs qui naviguent sur le site peuvent rencontrer des cookies ins\u00e9r\u00e9s directement par le propri\u00e9taire, ou des cookies ins\u00e9r\u00e9s par des entit\u00e9s autres que le propri\u00e9taire, comme d\u00e9taill\u00e9 dans les sections suivantes :<br\/>(indiquer les types de cookies utilis\u00e9s)<\/p>\n\n<p>* Les <strong> cookies de session<\/strong>, qui expirent lorsque l&rsquo;utilisateur quitte la page ou ferme le navigateur, c&rsquo;est-\u00e0-dire qu&rsquo;ils sont actifs pendant la dur\u00e9e de la visite du site web et sont donc supprim\u00e9s de notre ordinateur lorsque l&rsquo;utilisateur le quitte.<\/p>\n\n<p>* Les <strong> cookies permanents<\/strong>, qui expirent lorsque l&rsquo;objectif pour lequel ils sont utilis\u00e9s est atteint ou lorsqu&rsquo;ils sont supprim\u00e9s manuellement, ont une date de suppression et sont normalement utilis\u00e9s dans le processus d&rsquo;achat en ligne, de personnalisation ou d&rsquo;enregistrement, afin d&rsquo;\u00e9viter d&rsquo;avoir \u00e0 saisir constamment un mot de passe.<br\/>En fonction de l&rsquo;entit\u00e9 qui g\u00e8re l&rsquo;\u00e9quipement ou le domaine \u00e0 partir duquel les cookies sont envoy\u00e9s et qui traite les donn\u00e9es obtenues, on peut distinguer les cookies de premi\u00e8re partie et les cookies de tierce partie.<\/p>\n\n<p>* Les <strong> cookies propres<\/strong> sont ceux qui sont envoy\u00e9s \u00e0 l&rsquo;ordinateur de l&rsquo;utilisateur et qui sont g\u00e9r\u00e9s exclusivement par nous pour le meilleur fonctionnement du site Web. Les informations que nous recueillons sont utilis\u00e9es pour am\u00e9liorer la qualit\u00e9 de notre service et votre exp\u00e9rience en tant qu&rsquo;utilisateur.<\/p>\n\n<p>* Les <strong> cookies tiers<\/strong>, lorsque l&rsquo;utilisateur interagit avec le contenu de notre site web, des cookies tiers peuvent \u00e9galement \u00eatre install\u00e9s (par exemple, en cliquant sur des boutons de r\u00e9seaux sociaux ou en visionnant des vid\u00e9os h\u00e9berg\u00e9es sur un autre site web), qui sont ceux install\u00e9s par un domaine autre que notre site web. Nous ne pouvons pas acc\u00e9der aux donn\u00e9es stock\u00e9es dans les cookies d&rsquo;autres sites web lorsque vous naviguez sur ces sites.<\/p>\n","protected":false},"excerpt":{"rendered":"<p>Concept de cookiesLes cookies sont un outil utilis\u00e9 par les serveurs web pour stocker et r\u00e9cup\u00e9rer des informations sur leurs visiteurs ou utilisateurs.Ce n&rsquo;est rien d&rsquo;autre qu&rsquo;un fichier texte que certains serveurs installent pendant la navigation et qui leur permet de conna\u00eetre des informations telles que : l&rsquo;endroit \u00e0 partir duquel vous acc\u00e9dez, le temps [&hellip;]<\/p>\n","protected":false},"author":1,"featured_media":0,"parent":0,"menu_order":0,"comment_status":"closed","ping_status":"closed","template":"","meta":{"_acf_changed":false,"footnotes":""},"class_list":["post-17125","page","type-page","status-publish","hentry"],"acf":[],"_links":{"self":[{"href":"https:\/\/cultivers.es\/fr\/wp-json\/wp\/v2\/pages\/17125","targetHints":{"allow":["GET"]}}],"collection":[{"href":"https:\/\/cultivers.es\/fr\/wp-json\/wp\/v2\/pages"}],"about":[{"href":"https:\/\/cultivers.es\/fr\/wp-json\/wp\/v2\/types\/page"}],"author":[{"embeddable":true,"href":"https:\/\/cultivers.es\/fr\/wp-json\/wp\/v2\/users\/1"}],"replies":[{"embeddable":true,"href":"https:\/\/cultivers.es\/fr\/wp-json\/wp\/v2\/comments?post=17125"}],"version-history":[{"count":0,"href":"https:\/\/cultivers.es\/fr\/wp-json\/wp\/v2\/pages\/17125\/revisions"}],"wp:attachment":[{"href":"https:\/\/cultivers.es\/fr\/wp-json\/wp\/v2\/media?parent=17125"}],"curies":[{"name":"wp","href":"https:\/\/api.w.org\/{rel}","templated":true}]}}