{"id":20623,"date":"2020-05-28T18:15:46","date_gmt":"2020-05-28T18:15:46","guid":{"rendered":"https:\/\/cultivers.es\/contact\/"},"modified":"2025-09-22T04:19:36","modified_gmt":"2025-09-22T04:19:36","slug":"contact","status":"publish","type":"page","link":"https:\/\/cultivers.es\/fr\/contact\/","title":{"rendered":"CONTACT"},"content":{"rendered":"<p>[et_pb_section fb_built=\u00a0\u00bb1&Prime; admin_label=\u00a0\u00bbContact Section\u00a0\u00bb _builder_version=\u00a0\u00bb4.27.0&Prime; background_color=\u00a0\u00bbgcid-368b5e3a-09c6-482e-873c-c4265b67c126&Prime; background_image=\u00a0\u00bbhttps:\/\/cultivers.es\/wp-content\/uploads\/2024\/09\/contacta-fondo-inverse.svg\u00a0\u00bb background_size=\u00a0\u00bbcustom\u00a0\u00bb background_image_width=\u00a0\u00bb300px\u00a0\u00bb background_position=\u00a0\u00bbbottom_left\u00a0\u00bb background_horizontal_offset=\u00a0\u00bb-5%\u00a0\u00bb custom_padding=\u00a0\u00bb60px||120px||false|false\u00a0\u00bb global_colors_info=\u00a0\u00bb{%22gcid-368b5e3a-09c6-482e-873c-c4265b67c126%22:%91%22background_color%22%93}\u00a0\u00bb][et_pb_row column_structure=\u00a0\u00bb1_2,1_2&Prime; use_custom_gutter=\u00a0\u00bbon\u00a0\u00bb gutter_width=\u00a0\u00bb2&Prime; _builder_version=\u00a0\u00bb4.27.0&Prime; _module_preset=\u00a0\u00bbdefault\u00a0\u00bb background_last_edited=\u00a0\u00bbon|desktop\u00a0\u00bb custom_css_main_element=\u00a0\u00bb\/* estilo formulario de contacto %22Contact Form 7 *\/||||#contact{||\tlist-style:none;||\tmargin:0;||}||#contact li{||\tfloat: left;||    height: 60px;||\tmargin:0 0 30px;||    position: relative;||    width: 540px;||}||#contact li .text{||\tbackground: #F0EFEF;||\tpadding:15px 10px 10px 0;||\tposition:absolute;||\tz-index:100;||\tmin-width:85px;||\tborder-bottom-right-radius: 5px;||\t-moz-border-radius-bottomright:5px;||\t-webkit-border-bottom-right-radius:5px;||\tborder-top-left-radius: 5px;||\t-moz-border-radius-topleft:5px;||\t-webkit-border-top-left-radius:5px;||\ttext-indent: 5px;||}||#contact li .required{||\tposition:absolute;||\tright:10px;||\ttop:10px;||\tz-index:100;||}||#contact li .wpcf7-form-control-wrap{||\tposition: absolute;||}||||#contact li .wpcf7-form-control-wrap input, #contact li .wpcf7-form-control-wrap textarea{||\tbackground:#fff;||\tborder:solid 5px #34bd0f;||\tborder-radius:5px;||\t-moz-border-radius:5px;||\t-webkit-border-radius:5px;||\tpadding:15px 10px 25px;||\twidth: 509px;||\ttext-indent:95px;||\tz-index:100;||\tmargin:0;||||}||#contact li .wpcf7-form-control-wrap input:focus, #contact li .wpcf7-form-control-wrap textarea:focus{||\tbackground:#F0EFEF||}||#contact li .wpcf7-form-control-wrap textarea{||\tline-height: 28px;||    padding: 10px;||\theight:200px;||}||#contact li#message{||\tmin-height:220px;||}||#contact li#submit input{||\tcolor:#fff;||\ttext-decoration:none;||\tmargin:50px 30px 0 0;||\tbackground:#34bd0f;||\tfilter: progid:DXImageTransform.Microsoft.gradient(startColorstr=&rsquo;#33bd12&prime;, endColorstr=&rsquo;#008700&prime;);||\tbackground: -webkit-gradient(linear, 0% 0%, 0% 100%, from(#008700), to(#008700));||\tbackground: -moz-linear-gradient(top, #008700, #33bd12);||\tborder:none;||\t-moz-border-radius:3px;||\t-webkit-border-radius:3px;||\t-0-border-radius:3px;||\tborder-radius:3px;||\tdisplay:block;||\tpadding:10px 25px;||\ttext-align:center;||\ttext-shadow:0 1px 0 #008700;||\ttext-transform:uppercase;||}||#contact li#submit input:hover{||\tbackground:#34bd0f;||\tfilter: progid:DXImageTransform.Microsoft.gradient(startColorstr=&rsquo;#33bd12&prime;, endColorstr=&rsquo;#008700&prime;);||\tbackground: -webkit-gradient(linear, 0% 0%, 0% 100%, from(#09b2f3), to(#69d2f9));||\tbackground: -moz-linear-gradient(top, #09b2f3, #69d2f9);||\t-moz-box-shadow:0 1px 2px rgba(0,0,0,.5) inset;||\t-webkit-box-shadow:0 1px 2px rgba(0,0,0,.5) inset;||\t-o-box-shadow:0 1px 2px rgba(0,0,0,.5) inset;||\tbox-shadow:0 1px 2px rgba(0,0,0,.5) inset;||\tcolor:#34bd0f;||\ttext-shadow:0 1px 0 rgba(255,255,255,.25);||\ttext-transform:uppercase;||\tcursor:pointer;||}||div.wpcf7-validation-errors {||    clear: left;||}\u00a0\u00bb global_colors_info=\u00a0\u00bb{}\u00a0\u00bb background__hover_enabled=\u00a0\u00bbon|desktop\u00a0\u00bb][et_pb_column type=\u00a0\u00bb1_2&Prime; _builder_version=\u00a0\u00bb4.27.0&Prime; _module_preset=\u00a0\u00bbdefault\u00a0\u00bb global_colors_info=\u00a0\u00bb{}\u00a0\u00bb][et_pb_text _builder_version=\u00a0\u00bb4.27.2&Prime; _module_preset=\u00a0\u00bbe093e515-2f51-4ef7-840c-a2d3d382bc48&Prime; text_orientation=\u00a0\u00bbleft\u00a0\u00bb global_colors_info=\u00a0\u00bb{}\u00a0\u00bb]<\/p>\n<h1>Contactez-nous \u00e0 l&rsquo;adresse suivante<\/h1>\n<p>[\/et_pb_text][et_pb_text _builder_version=\u00a0\u00bb4.27.0&Prime; _module_preset=\u00a0\u00bbdefault\u00a0\u00bb text_font=\u00a0\u00bbLato||||||||\u00a0\u00bb text_text_color=\u00a0\u00bbgcid-e3f7f872-28fa-40a7-ba11-a8438a89bffe\u00a0\u00bb text_font_size=\u00a0\u00bb18px\u00a0\u00bb text_line_height=\u00a0\u00bb24px\u00a0\u00bb global_colors_info=\u00a0\u00bb{%22gcid-e3f7f872-28fa-40a7-ba11-a8438a89bffe%22:%91%22text_text_color%22%93}\u00a0\u00bb]Chez Cultivers, nous nous engageons en faveur d&rsquo;une agriculture durable et responsable, conscients de notre impact sur l&rsquo;environnement. Nous pensons qu&rsquo;un sol sain est la cl\u00e9 d&rsquo;un avenir au climat stable et \u00e0 l&rsquo;atmosph\u00e8re respirable. Si vous partagez notre vision et souhaitez en savoir plus, n&rsquo;h\u00e9sitez pas \u00e0 nous contacter - nous sommes l\u00e0 pour vous aider ![\/et_pb_text][et_pb_code _builder_version=\u00a0\u00bb4.27.0&Prime; _module_preset=\u00a0\u00bbdefault\u00a0\u00bb custom_css_free_form=\u00a0\u00bb.card{||  width:50% !important;||}||.cont{||  display:flex;||  margin-bottom:12px;||}\u00a0\u00bb global_colors_info=\u00a0\u00bb{}\u00a0\u00bb]<\/p>\n<div class=\"cont\"><!-- [et_pb_line_break_holder] -->\t<a class=\"card\" href=\"tel:+34962839179\"><!-- [et_pb_line_break_holder] -->  \t<img decoding=\"async\" src=\"https:\/\/cultivers.es\/wp-content\/uploads\/2024\/08\/Phone-Streamline-Core.svg\" alt=\"Ic\u00f4ne de janvier\" title=\"\"><!-- [et_pb_line_break_holder] -->  \t<span>APPELEZ-NOUS<\/span><!-- [et_pb_line_break_holder] -->\t<\/a><!-- [et_pb_line_break_holder] -->\t<a class=\"card\" href=\"https:\/\/wa.me\/34687013603\" target=\"_blank\" rel=\"noopener\"><!-- [et_pb_line_break_holder] -->  \t<img decoding=\"async\" src=\"https:\/\/cultivers.es\/wp-content\/uploads\/2024\/08\/Whatsapp-Streamline-Core.svg\" alt=\"Ic\u00f4ne de f\u00e9vrier\" title=\"\"><!-- [et_pb_line_break_holder] -->  \t<span>  WHATSAPP<\/span><!-- [et_pb_line_break_holder] -->\t<\/a><!-- [et_pb_line_break_holder] --><\/div>\n<p>[\/et_pb_code][et_pb_text _builder_version=\u00a0\u00bb4.27.0&Prime; _module_preset=\u00a0\u00bbdefault\u00a0\u00bb text_font=\u00a0\u00bbLato||||||||\u00a0\u00bb text_text_color=\u00a0\u00bbgcid-e3f7f872-28fa-40a7-ba11-a8438a89bffe\u00a0\u00bb text_font_size=\u00a0\u00bb18px\u00a0\u00bb text_line_height=\u00a0\u00bb24px\u00a0\u00bb global_colors_info=\u00a0\u00bb{%22gcid-e3f7f872-28fa-40a7-ba11-a8438a89bffe%22:%91%22text_text_color%22%93}\u00a0\u00bb]<strong>P\u00e9ninsule :<\/strong> Partida Rombins 30, 03780 Pego, Alicante. 962 839 179[\/et_pb_text][et_pb_text _builder_version=\u00a0\u00bb4.27.0&Prime; _module_preset=\u00a0\u00bbdefault\u00a0\u00bb text_font=\u00a0\u00bbLato||||||||\u00a0\u00bb text_text_color=\u00a0\u00bbgcid-e3f7f872-28fa-40a7-ba11-a8438a89bffe\u00a0\u00bb text_font_size=\u00a0\u00bb18px\u00a0\u00bb text_line_height=\u00a0\u00bb24px\u00a0\u00bb global_colors_info=\u00a0\u00bb{%22gcid-e3f7f872-28fa-40a7-ba11-a8438a89bffe%22:%91%22text_text_color%22%93}\u00a0\u00bb]<strong>\u00celes Canaries :<\/strong> Lomo de Barranquillo frio, 49. Santa Cristina.Santa Mar\u00eda de Gu\u00eda.[\/et_pb_text][\/et_pb_column][et_pb_column type=\u00a0\u00bb1_2&Prime; _builder_version=\u00a0\u00bb4.20.4&Prime; _module_preset=\u00a0\u00bbdefault\u00a0\u00bb global_colors_info=\u00a0\u00bb{}\u00a0\u00bb][et_pb_text module_class=\u00a0\u00bbcontact-page-form\u00a0\u00bb _builder_version=\u00a0\u00bb4.27.0&Prime; _module_preset=\u00a0\u00bbdefault\u00a0\u00bb background_color=\u00a0\u00bb#FFFFFF\u00a0\u00bb custom_padding=\u00a0\u00bb15px|15px|15px|15px|true|true\u00a0\u00bb custom_css_free_form=\u00a0\u00bb.contact-page-form .wpcf7-form-control{||  border: 1px solid #958080;||  border-radius:25px;||  padding: 12px 24px;||    color:#2C0000;||}||selector label{||  font-family: &lsquo;Lato&rsquo;, Helvetica, Arial, Lucida, sans-serif;;||  font-size:16px;||  font-weight:700;||  color:#2C0000;||}||.contact-page-form .wpcf7-submit{||  background-color:#968218;||  border-radius:100px;||  border:none;||  padding: 20px;||  height: auto;||  width:170px;||  color:white;||    font-family: &lsquo;Lato&rsquo;, Helvetica, Arial, Lucida, sans-serif;||font-size: 18px;||  font-weight:900;||}\u00a0\u00bb border_radii=\u00a0\u00bbon|10px|10px|10px|10px\u00a0\u00bb global_colors_info=\u00a0\u00bb{}\u00a0\u00bb]<\/p>\n\n<div class=\"wpcf7 no-js\" id=\"wpcf7-f21656-o1\" lang=\"fr-FR\" dir=\"ltr\" data-wpcf7-id=\"21656\">\n<div class=\"screen-reader-response\"><p role=\"status\" aria-live=\"polite\" aria-atomic=\"true\"><\/p> <ul><\/ul><\/div>\n<form action=\"\/fr\/wp-json\/wp\/v2\/pages\/20623#wpcf7-f21656-o1\" method=\"post\" class=\"wpcf7-form init\" aria-label=\"Formulaire de contact\" novalidate=\"novalidate\" data-status=\"init\">\n<fieldset class=\"hidden-fields-container\"><input type=\"hidden\" name=\"_wpcf7\" value=\"21656\" \/><input type=\"hidden\" name=\"_wpcf7_version\" value=\"6.1.5\" \/><input type=\"hidden\" name=\"_wpcf7_locale\" value=\"fr_FR\" \/><input type=\"hidden\" name=\"_wpcf7_unit_tag\" value=\"wpcf7-f21656-o1\" \/><input type=\"hidden\" name=\"_wpcf7_container_post\" value=\"0\" \/><input type=\"hidden\" name=\"_wpcf7_posted_data_hash\" value=\"\" \/>\n<\/fieldset>\n<p><label> Votre nom<br \/>\n<span class=\"wpcf7-form-control-wrap\" data-name=\"your-name\"><input size=\"40\" maxlength=\"400\" class=\"wpcf7-form-control wpcf7-text wpcf7-validates-as-required\" autocomplete=\"name\" aria-required=\"true\" aria-invalid=\"false\" value=\"\" type=\"text\" name=\"your-name\" \/><\/span> <\/label>\n<\/p>\n<p><label> Votre adresse \u00e9lectronique<br \/>\n<span class=\"wpcf7-form-control-wrap\" data-name=\"your-email\"><input size=\"40\" maxlength=\"400\" class=\"wpcf7-form-control wpcf7-email wpcf7-validates-as-required wpcf7-text wpcf7-validates-as-email\" autocomplete=\"email\" aria-required=\"true\" aria-invalid=\"false\" value=\"\" type=\"email\" name=\"your-email\" \/><\/span> <\/label>\n<\/p>\n<p><span class=\"wpcf7-form-control-wrap\" data-name=\"Asunto\"><select class=\"wpcf7-form-control wpcf7-select wpcf7-validates-as-required\" aria-required=\"true\" aria-invalid=\"false\" name=\"Asunto\"><option value=\"\">&#8212;Veuillez choisir une option&#8212;<\/option><option value=\"Pedidos\">Pedidos<\/option><option value=\"Consulta t\u00e9cnica\">Consulta t\u00e9cnica<\/option><option value=\"Ventas\">Ventas<\/option><option value=\"Jardiner\u00eda profesional\">Jardiner\u00eda profesional<\/option><option value=\"Distribuidor\">Distribuidor<\/option><option value=\"Marca Blanca\">Marca Blanca<\/option><\/select><\/span>\n<\/p>\n<p><span class=\"wpcf7-form-control-wrap\" data-name=\"tel\"><input size=\"40\" maxlength=\"400\" class=\"wpcf7-form-control wpcf7-tel wpcf7-validates-as-required wpcf7-text wpcf7-validates-as-tel\" aria-required=\"true\" aria-invalid=\"false\" value=\"\" type=\"tel\" name=\"tel\" \/><\/span>\n<\/p>\n<p><span class=\"wpcf7-form-control-wrap\" data-name=\"Mensaje\"><textarea cols=\"40\" rows=\"10\" maxlength=\"2000\" class=\"wpcf7-form-control wpcf7-textarea wpcf7-validates-as-required\" aria-required=\"true\" aria-invalid=\"false\" name=\"Mensaje\"><\/textarea><\/span>\n<\/p>\n<p><input class=\"wpcf7-form-control wpcf7-submit has-spinner\" type=\"submit\" value=\"Enviar\" \/>\n<\/p><div class=\"wpcf7-response-output\" aria-hidden=\"true\"><\/div>\n<\/form>\n<\/div>\n\n<p>[\/et_pb_text][\/et_pb_column][\/et_pb_row][\/et_pb_section]<\/p>\n","protected":false},"excerpt":{"rendered":"<p>[et_pb_section fb_built=\u00a0\u00bb1&Prime; admin_label=\u00a0\u00bbContact Section\u00a0\u00bb _builder_version=\u00a0\u00bb4.27.0&Prime; background_color=\u00a0\u00bbgcid-368b5e3a-09c6-482e-873c-c4265b67c126&Prime; background_image=\u00a0\u00bbhttps:\/\/cultivers.es\/wp-content\/uploads\/2024\/09\/contacta-fondo-inverse.svg\u00a0\u00bb background_size=\u00a0\u00bbcustom\u00a0\u00bb background_image_width=\u00a0\u00bb300px\u00a0\u00bb background_position=\u00a0\u00bbbottom_left\u00a0\u00bb background_horizontal_offset=\u00a0\u00bb-5%\u00a0\u00bb custom_padding=\u00a0\u00bb60px||120px||false|false\u00a0\u00bb global_colors_info=\u00a0\u00bb{%22gcid-368b5e3a-09c6-482e-873c-c4265b67c126%22:%91%22background_color%22%93}\u00a0\u00bb][et_pb_row column_structure=\u00a0\u00bb1_2,1_2&Prime; use_custom_gutter=\u00a0\u00bbon\u00a0\u00bb gutter_width=\u00a0\u00bb2&Prime; _builder_version=\u00a0\u00bb4.27.0&Prime; _module_preset=\u00a0\u00bbdefault\u00a0\u00bb background_last_edited=\u00a0\u00bbon|desktop\u00a0\u00bb custom_css_main_element=\u00a0\u00bb\/* estilo formulario de contacto %22Contact Form 7 *\/||||#contact{|| list-style:none;|| margin:0;||}||#contact li{|| float: left;|| height: 60px;|| margin:0 0 30px;|| position: relative;|| width: 540px;||}||#contact li .text{|| background: #F0EFEF;|| padding:15px 10px 10px 0;|| position:absolute;|| z-index:100;|| min-width:85px;|| border-bottom-right-radius: 5px;|| [&hellip;]<\/p>\n","protected":false},"author":1,"featured_media":0,"parent":0,"menu_order":0,"comment_status":"closed","ping_status":"closed","template":"","meta":{"_acf_changed":false,"footnotes":""},"class_list":["post-20623","page","type-page","status-publish","hentry"],"acf":[],"_links":{"self":[{"href":"https:\/\/cultivers.es\/fr\/wp-json\/wp\/v2\/pages\/20623","targetHints":{"allow":["GET"]}}],"collection":[{"href":"https:\/\/cultivers.es\/fr\/wp-json\/wp\/v2\/pages"}],"about":[{"href":"https:\/\/cultivers.es\/fr\/wp-json\/wp\/v2\/types\/page"}],"author":[{"embeddable":true,"href":"https:\/\/cultivers.es\/fr\/wp-json\/wp\/v2\/users\/1"}],"replies":[{"embeddable":true,"href":"https:\/\/cultivers.es\/fr\/wp-json\/wp\/v2\/comments?post=20623"}],"version-history":[{"count":1,"href":"https:\/\/cultivers.es\/fr\/wp-json\/wp\/v2\/pages\/20623\/revisions"}],"predecessor-version":[{"id":48332,"href":"https:\/\/cultivers.es\/fr\/wp-json\/wp\/v2\/pages\/20623\/revisions\/48332"}],"wp:attachment":[{"href":"https:\/\/cultivers.es\/fr\/wp-json\/wp\/v2\/media?parent=20623"}],"curies":[{"name":"wp","href":"https:\/\/api.w.org\/{rel}","templated":true}]}}