{"id":20636,"date":"2020-05-28T16:59:04","date_gmt":"2020-05-28T16:59:04","guid":{"rendered":"https:\/\/cultivers.es\/politique-de-confidentialite-2\/"},"modified":"2023-09-18T12:16:02","modified_gmt":"2023-09-18T12:16:02","slug":"politique-de-confidentialite-2","status":"publish","type":"page","link":"https:\/\/cultivers.es\/fr\/politique-de-confidentialite-2\/","title":{"rendered":"Politique de confidentialit\u00e9"},"content":{"rendered":"\n<p>ECOFORCE S.L., CIF B54671656, CALLE MAESTRO SERRANO,1, ALICANTE (EL VERGEL), 03770, est le propri\u00e9taire du site WWW.FERTILIZANTESECOFORCE.ES et est responsable du traitement des donn\u00e9es \u00e0 caract\u00e8re personnel fournies par les utilisateurs par l&rsquo;interm\u00e9diaire de ce site.<\/p>\n\n<p>ECOFORCE S.L. informe les utilisateurs de ce site web de sa politique en mati\u00e8re de traitement et de protection des donn\u00e9es personnelles des utilisateurs et des clients qui peuvent \u00eatre collect\u00e9es lors de la navigation et de l&rsquo;utilisation de ce site web.<br\/>L&rsquo;objectif de ce document est d&rsquo;informer les utilisateurs sur ce que nous faisons de leurs donn\u00e9es personnelles, comment elles sont collect\u00e9es, \u00e0 quelles fins elles sont utilis\u00e9es, les droits dont ils disposent et toutes les informations n\u00e9cessaires \u00e9tablies par la l\u00e9gislation en vigueur.<\/p>\n\n<p>En utilisant ce site web, nous comprenons que vous avez lu et compris les informations relatives au traitement de vos donn\u00e9es personnelles.<br\/>Notre principal objectif est de traiter les donn\u00e9es \u00e0 caract\u00e8re personnel de mani\u00e8re licite, loyale et transparente.<\/p>\n\n<p><strong>Donn\u00e9es collect\u00e9es, finalit\u00e9 et lic\u00e9it\u00e9<\/strong><br\/>Les donn\u00e9es personnelles trait\u00e9es sont celles fournies par les utilisateurs \u00e0 travers les formulaires disponibles sur ce site web et sont le minimum requis pour vous envoyer des informations sur nos produits\/services, pour passer des commandes, ainsi que pour pr\u00e9parer les factures correspondantes, rendre compte de l&rsquo;\u00e9tat des commandes, traiter les plaintes et toute autre gestion d\u00e9riv\u00e9e de la prestation du service fourni \u00e0 travers ce site web.<br\/>Ces finalit\u00e9s sont fond\u00e9es sur les principes juridiques du traitement des donn\u00e9es collect\u00e9es en vertu de la l\u00e9gislation en vigueur : pour l&rsquo;ex\u00e9cution d&rsquo;un contrat ou la fourniture d&rsquo;un service aux utilisateurs, pour le respect d&rsquo;obligations l\u00e9gales, pour l&rsquo;int\u00e9r\u00eat l\u00e9gitime et avec le consentement des utilisateurs.<\/p>\n\n<p>Donn\u00e9es collect\u00e9es pour la demande d&rsquo;information par le biais du formulaire web.<br\/>Les donn\u00e9es personnelles collect\u00e9es par le biais du formulaire web de demande d&rsquo;informations sont destin\u00e9es \u00e0 l&rsquo;envoi d&rsquo;informations commerciales sur nos produits et services.<br\/>Le traitement des donn\u00e9es dans ce cas pr\u00e9cis est l\u00e9gitim\u00e9 par le consentement expr\u00e8s que vous nous donnez en acceptant d&rsquo;envoyer les informations fournies par le biais du formulaire.<\/p>\n\n<p><strong>Op\u00e9rations effectu\u00e9es avec des donn\u00e9es \u00e0 caract\u00e8re personnel<\/strong><\/p>\n\n<p>Les donn\u00e9es personnelles sont enregistr\u00e9es via le site web et stock\u00e9es sur des supports \u00e9lectroniques contr\u00f4l\u00e9s et supervis\u00e9s par le responsable du traitement. Les m\u00e9dias sont \u00e9quip\u00e9s des mesures techniques et organisationnelles n\u00e9cessaires pour garantir la confidentialit\u00e9 du traitement des donn\u00e9es.<br\/>Le personnel impliqu\u00e9 dans les op\u00e9rations de traitement des donn\u00e9es : acc\u00e8s, \u00e9dition, suppression, etc&#8230; est form\u00e9 et s&rsquo;engage \u00e0 respecter notre politique de protection des donn\u00e9es.<\/p>\n\n<p><strong>Politique de confidentialit\u00e9 de ECOFORCE S.L.<\/strong><\/p>\n\n<p><strong>Conservation des donn\u00e9es<\/strong><br\/>Les donn\u00e9es \u00e0 caract\u00e8re personnel seront conserv\u00e9es aussi longtemps que n\u00e9cessaire pour atteindre l&rsquo;objectif ou les objectifs pour lesquels elles ont \u00e9t\u00e9 collect\u00e9es.<br\/>Nous conserverons donc vos informations personnelles tant qu&rsquo;il existera une relation contractuelle et\/ou commerciale avec vous ou tant que vous n&rsquo;aurez pas exerc\u00e9 votre droit \u00e0 l&rsquo;effacement, \u00e0 la suppression et\/ou \u00e0 la limitation du traitement de vos donn\u00e9es.<br\/>Dans ces cas, nous conserverons les informations d\u00fbment bloqu\u00e9es, sans les utiliser, tant qu&rsquo;elles seront n\u00e9cessaires \u00e0 l&rsquo;exercice ou \u00e0 la d\u00e9fense de r\u00e9clamations, ou tant qu&rsquo;il existera un type quelconque de responsabilit\u00e9 judiciaire, l\u00e9gale ou contractuelle d\u00e9coulant de leur traitement, qui doit \u00eatre pris en charge et pour lequel leur r\u00e9cup\u00e9ration est n\u00e9cessaire.<\/p>\n\n<p><strong>Protection des mineurs<\/strong><br\/>Ce site web n&rsquo;est pas destin\u00e9 aux utilisateurs mineurs. Si vous \u00eates mineur, n&rsquo;essayez pas de vous inscrire en tant qu&rsquo;utilisateur. Si nous d\u00e9couvrons que nous avons obtenu par inadvertance des informations personnelles concernant un enfant, nous supprimerons ces informations d\u00e8s que possible.<\/p>\n\n<p><strong>Destinataires de vos donn\u00e9es personnelles<\/strong><br\/>Nous informons les utilisateurs que leurs donn\u00e9es personnelles ne seront pas communiqu\u00e9es \u00e0 des tiers, \u00e0 l&rsquo;exception des cas o\u00f9 une telle communication de donn\u00e9es est couverte par une obligation l\u00e9gale ou lorsque, pour la fourniture correcte du service ou l&rsquo;ex\u00e9cution du contrat, il est n\u00e9cessaire de communiquer leurs donn\u00e9es \u00e0 d&rsquo;autres responsables du traitement des donn\u00e9es, tels que d&rsquo;autres soci\u00e9t\u00e9s du groupe, des sous-traitants de donn\u00e9es.<br\/>Dans les cas o\u00f9 la communication de donn\u00e9es \u00e0 des tiers n&rsquo;est pas couverte par les bases juridiques \u00e9tablies dans la section pr\u00e9c\u00e9dente, la communication de donn\u00e9es \u00e0 d&rsquo;autres destinataires n&rsquo;aura lieu que si l&rsquo;utilisateur a donn\u00e9 son consentement expr\u00e8s.<br\/>ECOFORCE S.L. maintient des crit\u00e8res stricts pour la s\u00e9lection des responsables du traitement des donn\u00e9es et s&rsquo;engage contractuellement avec chacun d&rsquo;eux \u00e0 respecter et \u00e0 faire respecter les obligations \u00e9tablies dans le domaine de la protection des donn\u00e9es.<br\/>Vous pouvez obtenir plus d&rsquo;informations sur le traitement des donn\u00e9es personnelles par notre organisation en cliquant sur le lien suivant :<\/p>\n\n<p><strong>Exercice des droits<\/strong><br\/>Conform\u00e9ment aux droits conf\u00e9r\u00e9s par la l\u00e9gislation en vigueur en mati\u00e8re de protection des donn\u00e9es \u00e0 caract\u00e8re personnel, les utilisateurs peuvent exercer leurs droits d&rsquo;acc\u00e8s, de rectification, de limitation du traitement, d&rsquo;effacement, de portabilit\u00e9 et d&rsquo;opposition au traitement de leurs donn\u00e9es en adressant leur demande \u00e0 l&rsquo;adresse postale indiqu\u00e9e ou \u00e0 l&rsquo;adresse \u00e9lectronique ADMINISTRACION@FERTILIZANTESECOFORCE.ES.<br\/>Politique de confidentialit\u00e9 de ECOFORCE S.L.<\/p>\n\n<p>Pour exercer vos droits, vous devez vous identifier en pr\u00e9sentant votre carte d&rsquo;identit\u00e9.<br\/>Si vous avez des r\u00e9clamations \u00e0 formuler, veuillez nous contacter \u00e0 la m\u00eame adresse. Vous pouvez \u00e9galement contacter le<br\/>Agence espagnole de protection des donn\u00e9es : www.agpd.es<\/p>\n","protected":false},"excerpt":{"rendered":"<p>ECOFORCE S.L., CIF B54671656, CALLE MAESTRO SERRANO,1, ALICANTE (EL VERGEL), 03770, est le propri\u00e9taire du site WWW.FERTILIZANTESECOFORCE.ES et est responsable du traitement des donn\u00e9es \u00e0 caract\u00e8re personnel fournies par les utilisateurs par l&rsquo;interm\u00e9diaire de ce site. ECOFORCE S.L. informe les utilisateurs de ce site web de sa politique en mati\u00e8re de traitement et de protection [&hellip;]<\/p>\n","protected":false},"author":1,"featured_media":0,"parent":0,"menu_order":0,"comment_status":"closed","ping_status":"closed","template":"","meta":{"_acf_changed":false,"footnotes":""},"class_list":["post-20636","page","type-page","status-publish","hentry"],"acf":[],"_links":{"self":[{"href":"https:\/\/cultivers.es\/fr\/wp-json\/wp\/v2\/pages\/20636","targetHints":{"allow":["GET"]}}],"collection":[{"href":"https:\/\/cultivers.es\/fr\/wp-json\/wp\/v2\/pages"}],"about":[{"href":"https:\/\/cultivers.es\/fr\/wp-json\/wp\/v2\/types\/page"}],"author":[{"embeddable":true,"href":"https:\/\/cultivers.es\/fr\/wp-json\/wp\/v2\/users\/1"}],"replies":[{"embeddable":true,"href":"https:\/\/cultivers.es\/fr\/wp-json\/wp\/v2\/comments?post=20636"}],"version-history":[{"count":0,"href":"https:\/\/cultivers.es\/fr\/wp-json\/wp\/v2\/pages\/20636\/revisions"}],"wp:attachment":[{"href":"https:\/\/cultivers.es\/fr\/wp-json\/wp\/v2\/media?parent=20636"}],"curies":[{"name":"wp","href":"https:\/\/api.w.org\/{rel}","templated":true}]}}