{"id":17256,"date":"2021-10-22T12:12:43","date_gmt":"2021-10-22T12:12:43","guid":{"rendered":"https:\/\/cultivers.es\/abonos\/engrais-organique-pour-coniferes\/"},"modified":"2025-09-22T05:08:41","modified_gmt":"2025-09-22T05:08:41","slug":"engrais-coniferes-ecologique-ecologique","status":"publish","type":"product","link":"https:\/\/cultivers.es\/fr\/abonnements\/engrais-coniferes-ecologique-ecologique\/","title":{"rendered":"Engrais organique pour conif\u00e8res"},"content":{"rendered":"<div class=\"detailmodule_html\" data-key=\"2\" data-slate-fragment=\"JTdCJTIyb2JqZWN0JTIyJTNBJTIyZG9jdW1lbnQlMjIlMkMlMjJkYXRhJTIyJTNBJTdCJTdEJTJDJTIybm9kZXMlMjIlM0ElNUIlN0IlMjJvYmplY3QlMjIlM0ElMjJibG9jayUyMiUyQyUyMnR5cGUlMjIlM0ElMjJkaXYlMjIlMkMlMjJpc1ZvaWQlMjIlM0FmYWxzZSUyQyUyMmRhdGElMjIlM0ElN0IlMjJjbGFzc05hbWUlMjIlM0ElMjJkZXRhaWxtb2R1bGVfaHRtbCUyMiU3RCUyQyUyMm5vZGVzJTIyJTNBJTVCJTdCJTIyb2JqZWN0JTIyJTNBJTIyYmxvY2slMjIlMkMlMjJ0eXBlJTIyJTNBJTIyZGl2JTIyJTJDJTIyaXNWb2lkJTIyJTNBZmFsc2UlMkMlMjJkYXRhJTIyJTNBJTdCJTIyY2xhc3NOYW1lJTIyJTNBJTIyZGV0YWlsLWRlc2MtZGVjb3JhdGUtcmljaHRleHQlMjIlN0QlMkMlMjJub2RlcyUyMiUzQSU1QiU3QiUyMm9iamVjdCUyMiUzQSUyMnRleHQlMjIlMkMlMjJsZWF2ZXMlMjIlM0ElNUIlN0IlMjJvYmplY3QlMjIlM0ElMjJsZWFmJTIyJTJDJTIydGV4dCUyMiUzQSUyMkZlcnRpbGl6YW50ZSUyMG9yZyVDMyVBMW5pY28lMjB2ZWdldGFsJTJDJTIwZW4lMjBmb3JtYSUyMHBlcmxhZGElMjBwYXJhJTIwbWVqb3JhciUyMGxhJTIwcGxhbnRhY2klQzMlQjNuJTIwaWRlYWwlMjBwYXJhJTIwZWwlMjBkZXNhcnJvbGxvJTIwb3B0aW1vJTIwZGUlMjBjb24lQzMlQURmZXJhcyUyMHklMjBzZXRvcy4lMjIlMkMlMjJtYXJrcyUyMiUzQSU1QiU1RCU3RCU1RCU3RCU1RCU3RCUyQyU3QiUyMm9iamVjdCUyMiUzQSUyMmJsb2NrJTIyJTJDJTIydHlwZSUyMiUzQSUyMmRpdiUyMiUyQyUyMmlzVm9pZCUyMiUzQWZhbHNlJTJDJTIyZGF0YSUyMiUzQSU3QiUyMmNsYXNzTmFtZSUyMiUzQSUyMmRldGFpbC1kZXNjLWRlY29yYXRlLXJpY2h0ZXh0JTIyJTdEJTJDJTIybm9kZXMlMjIlM0ElNUIlN0IlMjJvYmplY3QlMjIlM0ElMjJ0ZXh0JTIyJTJDJTIybGVhdmVzJTIyJTNBJTVCJTdCJTIyb2JqZWN0JTIyJTNBJTIybGVhZiUyMiUyQyUyMnRleHQlMjIlM0ElMjJDb250aWVuZSUyMG5pdHIlQzMlQjNnZW5vJTIwYSUyMGxvJTIwbGFyZ28lMjBkZSUyMHRvZGElMjBsYSUyMHRlbXBvcmFkYSUyQyUyMHByb3BvcmNpb25hbmRvJTIwdW4lMjB2ZXJkZSUyMHZpdm8lMjBlJTIwaW50ZW5zbyUyMGVuJTIwbGFzJTIwaG9qYXMlMjB5JTIwZXZpdGFuZG8lMjBlbCUyMGFtYXJyb25hbWllbnRvLiUyMiUyQyUyMm1hcmtzJTIyJTNBJTVCJTVEJTdEJTVEJTdEJTVEJTdEJTJDJTdCJTIyb2JqZWN0JTIyJTNBJTIyYmxvY2slMjIlMkMlMjJ0eXBlJTIyJTNBJTIyZGl2JTIyJTJDJTIyaXNWb2lkJTIyJTNBZmFsc2UlMkMlMjJkYXRhJTIyJTNBJTdCJTIyY2xhc3NOYW1lJTIyJTNBJTIyZGV0YWlsLWRlc2MtZGVjb3JhdGUtcmljaHRleHQlMjIlN0QlMkMlMjJub2RlcyUyMiUzQSU1QiU3QiUyMm9iamVjdCUyMiUzQSUyMnRleHQlMjIlMkMlMjJsZWF2ZXMlMjIlM0ElNUIlN0IlMjJvYmplY3QlMjIlM0ElMjJsZWFmJTIyJTJDJTIydGV4dCUyMiUzQSUyMiUyMiUyQyUyMm1hcmtzJTIyJTNBJTVCJTVEJTdEJTVEJTdEJTVEJTdEJTJDJTdCJTIyb2JqZWN0JTIyJTNBJTIyYmxvY2slMjIlMkMlMjJ0eXBlJTIyJTNBJTIyZGl2JTIyJTJDJTIyaXNWb2lkJTIyJTNBZmFsc2UlMkMlMjJkYXRhJTIyJTNBJTdCJTIyY2xhc3NOYW1lJTIyJTNBJTIyZGV0YWlsLWRlc2MtZGVjb3JhdGUtcmljaHRleHQlMjIlN0QlMkMlMjJub2RlcyUyMiUzQSU1QiU3QiUyMm9iamVjdCUyMiUzQSUyMnRleHQlMjIlMkMlMjJsZWF2ZXMlMjIlM0ElNUIlN0IlMjJvYmplY3QlMjIlM0ElMjJsZWFmJTIyJTJDJTIydGV4dCUyMiUzQSUyMkxvcyUyMHNldG9zJTIwZGViZW4lMjBjcmVjZXIlMjByJUMzJUExcGlkb3MlMjBwYXJhJTIwcXVlJTIwc2UlMjBmb3JtYW4lMjByJUMzJUExcGlkYW1lbnRlJTIweSUyMGNvbnNlZ3VpciUyMGVsJTIwZWZlY3RvJTIwYmFycmVyYSUyMGRlc2VhZG8uJTIyJTJDJTIybWFya3MlMjIlM0ElNUIlNUQlN0QlNUQlN0QlNUQlN0QlMkMlN0IlMjJvYmplY3QlMjIlM0ElMjJibG9jayUyMiUyQyUyMnR5cGUlMjIlM0ElMjJkaXYlMjIlMkMlMjJpc1ZvaWQlMjIlM0FmYWxzZSUyQyUyMmRhdGElMjIlM0ElN0IlMjJjbGFzc05hbWUlMjIlM0ElMjJkZXRhaWwtZGVzYy1kZWNvcmF0ZS1yaWNodGV4dCUyMiU3RCUyQyUyMm5vZGVzJTIyJTNBJTVCJTdCJTIyb2JqZWN0JTIyJTNBJTIydGV4dCUyMiUyQyUyMmxlYXZlcyUyMiUzQSU1QiU3QiUyMm9iamVjdCUyMiUzQSUyMmxlYWYlMjIlMkMlMjJ0ZXh0JTIyJTNBJTIyJTIyJTJDJTIybWFya3MlMjIlM0ElNUIlNUQlN0QlNUQlN0QlNUQlN0QlMkMlN0IlMjJvYmplY3QlMjIlM0ElMjJibG9jayUyMiUyQyUyMnR5cGUlMjIlM0ElMjJkaXYlMjIlMkMlMjJpc1ZvaWQlMjIlM0FmYWxzZSUyQyUyMmRhdGElMjIlM0ElN0IlMjJjbGFzc05hbWUlMjIlM0ElMjJkZXRhaWwtZGVzYy1kZWNvcmF0ZS1yaWNodGV4dCUyMiU3RCUyQyUyMm5vZGVzJTIyJTNBJTVCJTdCJTIyb2JqZWN0JTIyJTNBJTIydGV4dCUyMiUyQyUyMmxlYXZlcyUyMiUzQSU1QiU3QiUyMm9iamVjdCUyMiUzQSUyMmxlYWYlMjIlMkMlMjJ0ZXh0JTIyJTNBJTIyRW4lMjBsb3MlMjBzdWVsb3MlMjBwb2JyZXMlMjBkZWJlcmVtb3MlMjBpbmNyZW1lbnRhciUyMGxhJTIwYXBsaWNhY2klQzMlQjNuJTIwZGVsJTIwZmVydGlsaXphbnRlJTIwdW4lMjA1MCUyNS4lMjIlMkMlMjJtYXJrcyUyMiUzQSU1QiU1RCU3RCU1RCU3RCU1RCU3RCU1RCU3RCUyQyU3QiUyMm9iamVjdCUyMiUzQSUyMmJsb2NrJTIyJTJDJTIydHlwZSUyMiUzQSUyMnBhcmFncmFwaCUyMiUyQyUyMmlzVm9pZCUyMiUzQWZhbHNlJTJDJTIyZGF0YSUyMiUzQSU3QiU3RCUyQyUyMm5vZGVzJTIyJTNBJTVCJTdCJTIyb2JqZWN0JTIyJTNBJTIydGV4dCUyMiUyQyUyMmxlYXZlcyUyMiUzQSU1QiU3QiUyMm9iamVjdCUyMiUzQSUyMmxlYWYlMjIlMkMlMjJ0ZXh0JTIyJTNBJTIyJTIyJTJDJTIybWFya3MlMjIlM0ElNUIlNUQlN0QlNUQlN0QlNUQlN0QlNUQlN0Q=\">\n<div class=\"detail-desc-decorate-richtext\" data-key=\"10\"><span class=\"slate-node-text\" data-key=\"9\"><span data-offset-key=\"9:0\" data-spm-anchor-id=\"5261.product_publish.0.i13.1d454edfjM2f7r\">Engrais organique v\u00e9g\u00e9tal sous forme de perles pour am\u00e9liorer la plantation, id\u00e9al pour le d\u00e9veloppement optimal des conif\u00e8res et des haies.<\/span><\/span><\/div>\n<div class=\"detail-desc-decorate-richtext\" data-key=\"12\" data-spm-anchor-id=\"5261.product_publish.0.i14.1d454edfjM2f7r\"><span class=\"slate-node-text\" data-key=\"11\"><span data-offset-key=\"11:0\" data-spm-anchor-id=\"5261.product_publish.0.i12.1d454edfjM2f7r\">Contient de l&rsquo;azote tout au long de la saison, ce qui permet d&rsquo;obtenir des feuilles d&rsquo;un vert vif et intense et d&rsquo;\u00e9viter le brunissement.<\/span><\/span><\/div>\n<div class=\"detail-desc-decorate-richtext\" data-key=\"14\"><\/div>\n<div class=\"detail-desc-decorate-richtext\" data-key=\"16\" data-spm-anchor-id=\"5261.product_publish.0.i19.1d454edfjM2f7r\"><span class=\"slate-node-text\" data-key=\"15\"><span data-offset-key=\"15:0\" data-spm-anchor-id=\"5261.product_publish.0.i17.1d454edfjM2f7r\">Les haies doivent pousser rapidement afin de se former rapidement et d&rsquo;obtenir l&rsquo;effet de barri\u00e8re souhait\u00e9.<\/span><\/span><\/div>\n<div class=\"detail-desc-decorate-richtext\" data-key=\"18\" data-spm-anchor-id=\"5261.product_publish.0.i20.1d454edfjM2f7r\"><\/div>\n<div class=\"detail-desc-decorate-richtext\" data-key=\"20\"><span class=\"slate-node-text\" data-key=\"19\"><span data-offset-key=\"19:0\">Dans les sols pauvres, l&rsquo;application d&rsquo;engrais devrait \u00eatre augment\u00e9e de 50 %.<\/span><\/span><\/div>\n<\/div>\n<p>Engrais organique pour conif\u00e8res avec une formulation sp\u00e9ciale pour le pin, l&rsquo;\u00e9pic\u00e9a, le sapin, le thuya, le cypr\u00e8s et le c\u00e8dre. Am\u00e9liore la croissance des arbres et des feuilles, garantissant des arbres forts et sains. Engrais sous forme de micro-granules \u00e0 lib\u00e9ration lente et contr\u00f4l\u00e9e. Engrais organique \u00e9cologique avec NPK 8-1-5 74% M.O. et Acides Humiques. Am\u00e9liorer le d\u00e9veloppement des racines des plantes et l&rsquo;absorption des nutriments. 100% naturel et inoffensif pour les animaux et les plantes. Engrais organique sp\u00e9cial pour les conif\u00e8res et les haies (pins, sapins, cypr\u00e8s et thuyas). 100% d&rsquo;origine organique et naturelle avec une forte concentration de NPK.<\/p>\n","protected":false},"excerpt":{"rendered":"<ul class=\"a-unordered-list a-vertical a-spacing-mini\">\n<li><span class=\"a-list-item\">Formulation sp\u00e9ciale pour le pin, l&rsquo;\u00e9pic\u00e9a, le sapin, le thuya, le cypr\u00e8s et le c\u00e8dre.<\/span><\/li>\n<li><span class=\"a-list-item\">Am\u00e9liore la croissance des arbres et des feuilles, assure des arbres forts et sains<\/span><\/li>\n<li><span class=\"a-list-item\">Engrais micro-granul\u00e9s \u00e0 lib\u00e9ration lente et contr\u00f4l\u00e9e<\/span><\/li>\n<li><span class=\"a-list-item\">Engrais organique \u00e9cologique avec NPK 74% m.o. ; et acides humiques ; am\u00e9liorant le d\u00e9veloppement des racines des plantes et l&rsquo;absorption des nutriments.<\/span><\/li>\n<li><span class=\"a-list-item\">100% naturel et inoffensif pour les animaux et les plantes.<\/span><\/li>\n<\/ul>\n","protected":false},"featured_media":12374,"comment_status":"open","ping_status":"closed","template":"","meta":{"_acf_changed":false},"product_brand":[],"product_cat":[313,314,312],"product_tag":[1416],"class_list":{"0":"post-17256","1":"product","2":"type-product","3":"status-publish","4":"has-post-thumbnail","6":"product_cat-coniferes-et-haies","7":"product_cat-engrais","8":"product_cat-engrais-solides","9":"product_tag-caae-fr","11":"first","12":"instock","13":"taxable","14":"shipping-taxable","15":"purchasable","16":"product-type-variable"},"acf":[],"_links":{"self":[{"href":"https:\/\/cultivers.es\/fr\/wp-json\/wp\/v2\/product\/17256","targetHints":{"allow":["GET"]}}],"collection":[{"href":"https:\/\/cultivers.es\/fr\/wp-json\/wp\/v2\/product"}],"about":[{"href":"https:\/\/cultivers.es\/fr\/wp-json\/wp\/v2\/types\/product"}],"replies":[{"embeddable":true,"href":"https:\/\/cultivers.es\/fr\/wp-json\/wp\/v2\/comments?post=17256"}],"wp:featuredmedia":[{"embeddable":true,"href":"https:\/\/cultivers.es\/fr\/wp-json\/wp\/v2\/media\/12374"}],"wp:attachment":[{"href":"https:\/\/cultivers.es\/fr\/wp-json\/wp\/v2\/media?parent=17256"}],"wp:term":[{"taxonomy":"product_brand","embeddable":true,"href":"https:\/\/cultivers.es\/fr\/wp-json\/wp\/v2\/product_brand?post=17256"},{"taxonomy":"product_cat","embeddable":true,"href":"https:\/\/cultivers.es\/fr\/wp-json\/wp\/v2\/product_cat?post=17256"},{"taxonomy":"product_tag","embeddable":true,"href":"https:\/\/cultivers.es\/fr\/wp-json\/wp\/v2\/product_tag?post=17256"}],"curies":[{"name":"wp","href":"https:\/\/api.w.org\/{rel}","templated":true}]}}