{"id":17282,"date":"2021-10-22T12:12:43","date_gmt":"2021-10-22T12:12:43","guid":{"rendered":"https:\/\/cultivers.es\/abonos\/fertilisant-organique-pour-fruits\/"},"modified":"2025-09-22T05:28:56","modified_gmt":"2025-09-22T05:28:56","slug":"engrais-arbres-fruitiers-ecologique","status":"publish","type":"product","link":"https:\/\/cultivers.es\/fr\/abonnements\/engrais-arbres-fruitiers-ecologique\/","title":{"rendered":"Fertilisant organique pour fruits"},"content":{"rendered":"<p data-key=\"10\" data-slate-type=\"p\" data-style=\"{}\"><span class=\"slate-node-text\" data-key=\"9\"><span data-offset-key=\"9:0\" data-spm-anchor-id=\"5261.product_publish.0.i13.3ffe4edf8PUP1x\">Engrais organique v\u00e9g\u00e9tal riche en azote, potassium et mati\u00e8re organique qui favorise l&rsquo;apport de nutriments \u00e0 toutes sortes de plantes, en particulier les arbres fruitiers.<\/span><\/span><\/p>\n<p data-key=\"14\" data-slate-type=\"p\" data-style=\"{}\" data-spm-anchor-id=\"5261.product_publish.0.i10.3ffe4edf8PUP1x\"><span class=\"slate-node-text\" data-key=\"13\"><span data-offset-key=\"13:0\" data-spm-anchor-id=\"5261.product_publish.0.i9.3ffe4edf8PUP1x\">L&rsquo;apport de mati\u00e8re organique et d&rsquo;azote aux arbres fruitiers avant la germination est essentiel pour que la plante dispose des \u00e9l\u00e9ments nutritifs n\u00e9cessaires \u00e0 la production de fruits de qualit\u00e9.<\/span><\/span><\/p>\n<p data-key=\"18\" data-slate-type=\"p\" data-style=\"{}\" data-spm-anchor-id=\"5261.product_publish.0.i14.3ffe4edf8PUP1x\" data-slate-fragment=\"JTdCJTIyb2JqZWN0JTIyJTNBJTIyZG9jdW1lbnQlMjIlMkMlMjJkYXRhJTIyJTNBJTdCJTdEJTJDJTIybm9kZXMlMjIlM0ElNUIlN0IlMjJvYmplY3QlMjIlM0ElMjJibG9jayUyMiUyQyUyMnR5cGUlMjIlM0ElMjJwYXJhZ3JhcGglMjIlMkMlMjJpc1ZvaWQlMjIlM0FmYWxzZSUyQyUyMmRhdGElMjIlM0ElN0IlN0QlMkMlMjJub2RlcyUyMiUzQSU1QiU3QiUyMm9iamVjdCUyMiUzQSUyMnRleHQlMjIlMkMlMjJsZWF2ZXMlMjIlM0ElNUIlN0IlMjJvYmplY3QlMjIlM0ElMjJsZWFmJTIyJTJDJTIydGV4dCUyMiUzQSUyMkZlcnRpbGl6YW50ZSUyMG9yZyVDMyVBMW5pY28lMjB2ZWdldGFsJTIwcmljbyUyMGVuJTIwTml0ciVDMyVCM2dlbm8lMkMlMjBQb3Rhc2lvJTIweSUyMG1hdGVyaWElMjBvcmclQzMlQTFuaWNhJTIwcXVlJTIwZmF2b3JlY2UlMjBlbCUyMHN1bWluaXN0cm8lMjBkZSUyMG51dHJpZW50ZXMlMjBhJTIwdG9kYSUyMGNsYXNlJTIwZGUlMjBwbGFudGFzJTIweSUyMGVuJTIwZXNwZWNpYWwlMjBhJTIwbG9zJTIwZnJ1dGFsZXMuJTIyJTJDJTIybWFya3MlMjIlM0ElNUIlNUQlN0QlNUQlN0QlNUQlN0QlMkMlN0IlMjJvYmplY3QlMjIlM0ElMjJibG9jayUyMiUyQyUyMnR5cGUlMjIlM0ElMjJwYXJhZ3JhcGglMjIlMkMlMjJpc1ZvaWQlMjIlM0FmYWxzZSUyQyUyMmRhdGElMjIlM0ElN0IlN0QlMkMlMjJub2RlcyUyMiUzQSU1QiU3QiUyMm9iamVjdCUyMiUzQSUyMnRleHQlMjIlMkMlMjJsZWF2ZXMlMjIlM0ElNUIlN0IlMjJvYmplY3QlMjIlM0ElMjJsZWFmJTIyJTJDJTIydGV4dCUyMiUzQSUyMiUyMiUyQyUyMm1hcmtzJTIyJTNBJTVCJTVEJTdEJTVEJTdEJTVEJTdEJTJDJTdCJTIyb2JqZWN0JTIyJTNBJTIyYmxvY2slMjIlMkMlMjJ0eXBlJTIyJTNBJTIycGFyYWdyYXBoJTIyJTJDJTIyaXNWb2lkJTIyJTNBZmFsc2UlMkMlMjJkYXRhJTIyJTNBJTdCJTdEJTJDJTIybm9kZXMlMjIlM0ElNUIlN0IlMjJvYmplY3QlMjIlM0ElMjJ0ZXh0JTIyJTJDJTIybGVhdmVzJTIyJTNBJTVCJTdCJTIyb2JqZWN0JTIyJTNBJTIybGVhZiUyMiUyQyUyMnRleHQlMjIlM0ElMjJFbCUyMGFwb3J0ZSUyMGRlJTIwTWF0ZXJpYSUyMG9yZyVDMyVBMW5pY2ElMjB5JTIwbml0ciVDMyVCM2dlbm8lMjBhJTIwbG9zJTIwZnJ1dGFsZXMlMjBhbnRlcyUyMGRlJTIwbGElMjBicm90YWNpJUMzJUIzbiUyMGVzJTIwZnVuZGFtZW50YWwlMjBwYXJhJTIwcG9kZXIlMjB0ZW5lciUyMG51dHJpZW50ZXMlMjBkaXNwb25pYmxlcyUyMHBvciUyMGxhJTIwcGxhbnRhJTIwJTYwcGFyYSUyMGxhJTIwcHJvZHVjY2klQzMlQjNuJTIwZGVsJTIwZnJ1dG8lMjBkZSUyMGNhbGlkYWQuJTIyJTJDJTIybWFya3MlMjIlM0ElNUIlNUQlN0QlNUQlN0QlNUQlN0QlMkMlN0IlMjJvYmplY3QlMjIlM0ElMjJibG9jayUyMiUyQyUyMnR5cGUlMjIlM0ElMjJwYXJhZ3JhcGglMjIlMkMlMjJpc1ZvaWQlMjIlM0FmYWxzZSUyQyUyMmRhdGElMjIlM0ElN0IlN0QlMkMlMjJub2RlcyUyMiUzQSU1QiU3QiUyMm9iamVjdCUyMiUzQSUyMnRleHQlMjIlMkMlMjJsZWF2ZXMlMjIlM0ElNUIlN0IlMjJvYmplY3QlMjIlM0ElMjJsZWFmJTIyJTJDJTIydGV4dCUyMiUzQSUyMiUyMiUyQyUyMm1hcmtzJTIyJTNBJTVCJTVEJTdEJTVEJTdEJTVEJTdEJTJDJTdCJTIyb2JqZWN0JTIyJTNBJTIyYmxvY2slMjIlMkMlMjJ0eXBlJTIyJTNBJTIycGFyYWdyYXBoJTIyJTJDJTIyaXNWb2lkJTIyJTNBZmFsc2UlMkMlMjJkYXRhJTIyJTNBJTdCJTdEJTJDJTIybm9kZXMlMjIlM0ElNUIlN0IlMjJvYmplY3QlMjIlM0ElMjJ0ZXh0JTIyJTJDJTIybGVhdmVzJTIyJTNBJTVCJTdCJTIyb2JqZWN0JTIyJTNBJTIybGVhZiUyMiUyQyUyMnRleHQlMjIlM0ElMjJMYSUyMGFwbGljYWNpJUMzJUIzbiUyMGRlJTIwYWJvbm8lMjBlbiUyMHBvc3QtY29zZWNoYSUyMGVzJTIwbmVjZXNhcmlhJTIwcGFyYSUyMGxhJTIwcmVjdXBlcmFjaSVDMyVCM24lMjBkZSUyMGxhJTIwcGxhbnRhJTIwZGVzcHUlQzMlQTlzJTIwZGUlMjBoYWJlciUyMHJlYWxpemFkbyUyMGVsJTIwdHJhYmFqbyUyMGRlJTIwc2FjYXIlMjBsYSUyMGNvc2VjaGElMjBhZGVsYW50ZSUyQyUyMGVzJTIwaW1wcmVzY2luZGlibGUlMjBsYSUyMGFwbGljYWNpJUMzJUIzbiUyMGRlJTIwcG9zdC1jb3NlY2hhJTIwcGFyYSUyMGluY3JlbWVudGFyJTIwbGFzJTIwcmVzZXJ2YXMlMjBlbiUyMGxhJTIwcGxhbnRhJTIwZGUlMjBjYXJhJTIwbGElMjBzaWd1aWVudGUlMjBjYW1wYSVDMyVCMWEuJTIyJTJDJTIybWFya3MlMjIlM0ElNUIlNUQlN0QlNUQlN0QlNUQlN0QlNUQlN0Q=\"><span class=\"slate-node-text\" data-key=\"17\"><span data-offset-key=\"17:0\" data-spm-anchor-id=\"5261.product_publish.0.i8.3ffe4edf8PUP1x\">L&rsquo;application d&rsquo;engrais apr\u00e8s la r\u00e9colte est n\u00e9cessaire pour la r\u00e9cup\u00e9ration de la plante apr\u00e8s avoir effectu\u00e9 le travail de r\u00e9colte, il est essentiel d&rsquo;appliquer des engrais apr\u00e8s la r\u00e9colte pour augmenter les r\u00e9serves de la plante pour la saison suivante.<\/span><\/span><\/p>\n<p>L&rsquo;engrais organique pour fruits augmente la taille des fruits et les rendements des cultures&#8230; Augmentation du degr\u00e9 brix des fruits et diminution de l&rsquo;avortement des fleurs&#8230; Engrais granul\u00e9 sous forme de microsph\u00e8res \u00e0 lib\u00e9ration lente et contr\u00f4l\u00e9e. Haute assimilation avec NPK 8-1-5 + 74% de mati\u00e8re organique et d&rsquo;acides humiques&#8230; Produit 100% naturel et inoffensif pour les animaux, respectueux de l&rsquo;environnement&#8230;<\/p>\n","protected":false},"excerpt":{"rendered":"<ul class=\"a-unordered-list a-vertical a-spacing-mini\">\n<li><span class=\"a-list-item\">Augmentation de la taille des fruits et du rendement de la r\u00e9colte.<\/span><\/li>\n<li><span class=\"a-list-item\">Augmentation des degr\u00e9s brix dans les fruits et moins d&rsquo;avortement des fleurs.<\/span><\/li>\n<li><span class=\"a-list-item\">Engrais granulaire sous forme de microsph\u00e8res \u00e0 lib\u00e9ration lente et contr\u00f4l\u00e9e.<\/span><\/li>\n<li><span class=\"a-list-item\">Haute assimilation avec NPK 74% de mati\u00e8re organique et acides humiques.<\/span><\/li>\n<li><span class=\"a-list-item\">Produit 100% naturel et inoffensif pour les animaux, respectueux de l&rsquo;environnement.<\/span><\/li>\n<\/ul>\n","protected":false},"featured_media":11626,"comment_status":"open","ping_status":"closed","template":"","meta":{"_acf_changed":false},"product_brand":[],"product_cat":[314,312],"product_tag":[1416],"class_list":{"0":"post-17282","1":"product","2":"type-product","3":"status-publish","4":"has-post-thumbnail","6":"product_cat-engrais","7":"product_cat-engrais-solides","8":"product_tag-caae-fr","10":"first","11":"instock","12":"taxable","13":"shipping-taxable","14":"purchasable","15":"product-type-variable"},"acf":[],"_links":{"self":[{"href":"https:\/\/cultivers.es\/fr\/wp-json\/wp\/v2\/product\/17282","targetHints":{"allow":["GET"]}}],"collection":[{"href":"https:\/\/cultivers.es\/fr\/wp-json\/wp\/v2\/product"}],"about":[{"href":"https:\/\/cultivers.es\/fr\/wp-json\/wp\/v2\/types\/product"}],"replies":[{"embeddable":true,"href":"https:\/\/cultivers.es\/fr\/wp-json\/wp\/v2\/comments?post=17282"}],"wp:featuredmedia":[{"embeddable":true,"href":"https:\/\/cultivers.es\/fr\/wp-json\/wp\/v2\/media\/11626"}],"wp:attachment":[{"href":"https:\/\/cultivers.es\/fr\/wp-json\/wp\/v2\/media?parent=17282"}],"wp:term":[{"taxonomy":"product_brand","embeddable":true,"href":"https:\/\/cultivers.es\/fr\/wp-json\/wp\/v2\/product_brand?post=17282"},{"taxonomy":"product_cat","embeddable":true,"href":"https:\/\/cultivers.es\/fr\/wp-json\/wp\/v2\/product_cat?post=17282"},{"taxonomy":"product_tag","embeddable":true,"href":"https:\/\/cultivers.es\/fr\/wp-json\/wp\/v2\/product_tag?post=17282"}],"curies":[{"name":"wp","href":"https:\/\/api.w.org\/{rel}","templated":true}]}}