{"id":17283,"date":"2021-10-22T12:12:43","date_gmt":"2021-10-22T12:12:43","guid":{"rendered":"https:\/\/cultivers.es\/abonos\/engrais-organique-tropical\/"},"modified":"2026-03-19T07:05:07","modified_gmt":"2026-03-19T07:05:07","slug":"engrais-ecologique-tropical-bio","status":"publish","type":"product","link":"https:\/\/cultivers.es\/fr\/abonnements\/engrais-ecologique-tropical-bio\/","title":{"rendered":"Engrais organique tropical"},"content":{"rendered":"<div id=\"dpx-product-description_feature_div\">\n<div class=\"celwidget\" data-csa-c-id=\"lw300f-ta5mfo-dbvcj2-fpql6q\" data-cel-widget=\"dpx-product-description_csm_instrumentation_wrapper\">\n<div id=\"descriptionAndDetails\" class=\"a-section a-spacing-extra-large\">\n<div id=\"productDescription_feature_div\" class=\"celwidget\" data-feature-name=\"productDescription\" data-csa-c-id=\"crv5-6e9i73-o74whs-jycefj\" data-cel-widget=\"productDescription_feature_div\">\n<div>\n<div id=\"productDescription_feature_div\" class=\"a-row feature\" data-feature-name=\"productDescription\" data-template-name=\"productDescription\" data-cel-widget=\"productDescription_feature_div\">\n<div id=\"productDescription\" class=\"a-section a-spacing-small\">\n<div class=\"detailmodule_html\" data-key=\"2\" data-slate-fragment=\"JTdCJTIyb2JqZWN0JTIyJTNBJTIyZG9jdW1lbnQlMjIlMkMlMjJkYXRhJTIyJTNBJTdCJTdEJTJDJTIybm9kZXMlMjIlM0ElNUIlN0IlMjJvYmplY3QlMjIlM0ElMjJibG9jayUyMiUyQyUyMnR5cGUlMjIlM0ElMjJkaXYlMjIlMkMlMjJpc1ZvaWQlMjIlM0FmYWxzZSUyQyUyMmRhdGElMjIlM0ElN0IlMjJjbGFzc05hbWUlMjIlM0ElMjJkZXRhaWxtb2R1bGVfaHRtbCUyMiU3RCUyQyUyMm5vZGVzJTIyJTNBJTVCJTdCJTIyb2JqZWN0JTIyJTNBJTIyYmxvY2slMjIlMkMlMjJ0eXBlJTIyJTNBJTIyZGl2JTIyJTJDJTIyaXNWb2lkJTIyJTNBZmFsc2UlMkMlMjJkYXRhJTIyJTNBJTdCJTIyY2xhc3NOYW1lJTIyJTNBJTIyZGV0YWlsLWRlc2MtZGVjb3JhdGUtcmljaHRleHQlMjIlN0QlMkMlMjJub2RlcyUyMiUzQSU1QiU3QiUyMm9iamVjdCUyMiUzQSUyMnRleHQlMjIlMkMlMjJsZWF2ZXMlMjIlM0ElNUIlN0IlMjJvYmplY3QlMjIlM0ElMjJsZWFmJTIyJTJDJTIydGV4dCUyMiUzQSUyMkZlcnRpbGl6YW50ZSUyMG9yZyVDMyVBMW5pY28lMjBkZSUyMG9yaWdlbiUyMHZlZ2V0YWwlMjByaWNvJTIwZW4lMjBQb3Rhc2lvJTIweSUyMG1hdGVyaWElMjBvcmclQzMlQTFuaWNhLiUyMEVsJTIwYXBvcnRlJTIwZGUlMjBQb3Rhc2lvJTIwZW4lMjBsb3MlMjBhcmJvbGVzJTIwdHJvcGljYWxlcyUyMGZhdm9yZWNlJTIwZWwlMjBsbGVuYWRvJTIwZGUlMjBsb3MlMjBmcnV0b3MlMkMlMjBtZWpvcmElMjBlbCUyMGNyZWNpbWllbnRvJTIwZGUlMjBsYXMlMjBwbGFudGFzJTIwYW50ZSUyMGNvbmRpY2lvbmVzJTIwYWR2ZXJzYXMlMjB5JTIwYXVtZW50YSUyMGxhJTIwY29uc2lzdGVuY2lhJTIwZGUlMjBsYSUyMGZydXRhLiUyMiUyQyUyMm1hcmtzJTIyJTNBJTVCJTVEJTdEJTVEJTdEJTVEJTdEJTVEJTdEJTJDJTdCJTIyb2JqZWN0JTIyJTNBJTIyYmxvY2slMjIlMkMlMjJ0eXBlJTIyJTNBJTIycGFyYWdyYXBoJTIyJTJDJTIyaXNWb2lkJTIyJTNBZmFsc2UlMkMlMjJkYXRhJTIyJTNBJTdCJTdEJTJDJTIybm9kZXMlMjIlM0ElNUIlN0IlMjJvYmplY3QlMjIlM0ElMjJ0ZXh0JTIyJTJDJTIybGVhdmVzJTIyJTNBJTVCJTdCJTIyb2JqZWN0JTIyJTNBJTIybGVhZiUyMiUyQyUyMnRleHQlMjIlM0ElMjIlMjIlMkMlMjJtYXJrcyUyMiUzQSU1QiU1RCU3RCU1RCU3RCU1RCU3RCU1RCU3RA==\">\n<div class=\"detail-desc-decorate-richtext\" data-key=\"10\" data-spm-anchor-id=\"5261.product_publish.0.i6.5fad4edfuduwgf\"><span class=\"slate-node-text\" data-key=\"9\"><span data-offset-key=\"9:0\" data-spm-anchor-id=\"5261.product_publish.0.i5.5fad4edfuduwgf\">Engrais organique d&rsquo;origine v\u00e9g\u00e9tale riche en potassium et en mati\u00e8re organique. L&rsquo;apport de potassium aux arbres tropicaux favorise le remplissage des fruits, am\u00e9liore la croissance de la plante dans des conditions d\u00e9favorables et augmente la consistance des fruits.<\/span><\/span><\/div>\n<\/div>\n<p>Engrais organique tropical. Cultivers, sp\u00e9cialiste des engrais organiques, propose un engrais organique sp\u00e9cialement formul\u00e9 pour tous les types d&rsquo;arbres tropicaux, utilisant un type sp\u00e9cifique de mycorhizes pour favoriser le syst\u00e8me racinaire et la croissance saine de la culture. 100% naturel et \u00e9cologique avec une formulation lente et contr\u00f4l\u00e9e d&rsquo;origine v\u00e9g\u00e9tale qui favorise l&rsquo;absorption du calcium, du magn\u00e9sium, du phosphore, des micro-\u00e9l\u00e9ments, etc.<\/p>\n<p>Il am\u00e9liore la fertilit\u00e9 du sol, augmente le rendement et la taille des fruits, contribue \u00e0 un apport \u00e9quilibr\u00e9 des principaux \u00e9l\u00e9ments, am\u00e9liore l&rsquo;a\u00e9ration et la r\u00e9tention d&rsquo;eau, r\u00e9duit l&rsquo;effet de la salinit\u00e9 et favorise l&rsquo;activit\u00e9 microbiologique. Engrais organique sp\u00e9cial pour les arbres et plantes tropicaux tels que : avocat, mangue, litchi, pitahaya, papaye, pomme \u00e0 cro\u00fbte, figue, fruit de la passion et goyave. Il peut \u00eatre utilis\u00e9 en fumure de fond, seul ou en m\u00e9lange avec d&rsquo;autres engrais, et en fumure de surface.<\/p>\n<p>Appliquer avant la pluie ou l&rsquo;irrigation pour faciliter l&rsquo;incorporation dans le sol. R\u00e9partir sur toute la surface, dans la ligne de culture \u00e0 10-20 cm des plantes ou sous les goutteurs.<\/p>\n<\/div>\n<\/div>\n<\/div>\n<\/div>\n<\/div>\n<\/div>\n<\/div>\n<div id=\"dpx-btf-renewed-program-description_feature_div\">\n<div class=\"celwidget\" data-csa-c-id=\"xv7suv-wypawb-8656w3-hu5rqh\" data-cel-widget=\"dpx-btf-renewed-program-description_csm_instrumentation_wrapper\">\n<div id=\"renewedProgramDescriptionBtf_feature_div\" class=\"celwidget\" data-feature-name=\"renewedProgramDescriptionBtf\" data-csa-c-id=\"6hvhox-cbzq6-dyaem-kci4j1\" data-cel-widget=\"renewedProgramDescriptionBtf_feature_div\"><\/div>\n<\/div>\n<\/div>\n<div id=\"dpx-climate-pledge-friendly-btf_feature_div\">\n<div class=\"celwidget\" data-csa-c-id=\"84p4to-d2vy89-ckv16p-aiz1w0\" data-cel-widget=\"dpx-climate-pledge-friendly-btf_csm_instrumentation_wrapper\">\n<div id=\"climatePledgeFriendlyBTF_feature_div\" class=\"celwidget\" data-feature-name=\"climatePledgeFriendlyBTF\" data-csa-c-id=\"1k54vb-kgy2tv-nslwi4-v3f1ll\" data-cel-widget=\"climatePledgeFriendlyBTF_feature_div\"><\/div>\n<\/div>\n<\/div>\n<div id=\"dpx-post-purchase-witb-btf_feature_div\">\n<div class=\"celwidget\" data-csa-c-id=\"8gqj61-voj2km-wj6drm-bmda3h\" data-cel-widget=\"dpx-post-purchase-witb-btf_csm_instrumentation_wrapper\">\n<div id=\"postPurchaseWhatsInTheBox_feature_div\" class=\"celwidget\" data-feature-name=\"postPurchaseWhatsInTheBox\" data-csa-c-id=\"wwp3kk-jjf86p-ke13aq-klnwqy\" data-cel-widget=\"postPurchaseWhatsInTheBox_feature_div\"><\/div>\n<\/div>\n<\/div>\n<div id=\"dpx-aplus-brand-story_feature_div\">\n<div class=\"celwidget\" data-csa-c-id=\"rr8clq-hs6318-xv17el-3u5rpu\" data-cel-widget=\"dpx-aplus-brand-story_csm_instrumentation_wrapper\">\n<div id=\"aplusBrandStory_feature_div\" class=\"celwidget\" data-feature-name=\"aplusBrandStory\" data-csa-c-id=\"ti96be-hyakdt-x9wurf-uqxhzi\" data-cel-widget=\"aplusBrandStory_feature_div\"><\/div>\n<\/div>\n<\/div>\n<div id=\"dpx-aplus-product-description_feature_div\"><\/div>\n<div id=\"dpx-aplus-3p-product-description_feature_div\"><\/div>\n<div id=\"dpx-aplus-sustainability-story_feature_div\">\n<div class=\"celwidget\" data-csa-c-id=\"nsibh6-f5e5gd-3wm28s-prq7d4\" data-cel-widget=\"dpx-aplus-sustainability-story_csm_instrumentation_wrapper\">\n<div id=\"aplusSustainabilityStory_feature_div\" class=\"celwidget\" data-feature-name=\"aplusSustainabilityStory\" data-csa-c-id=\"fpp2ct-gfxqgz-6hxy5k-y3u6hd\" data-cel-widget=\"aplusSustainabilityStory_feature_div\"><\/div>\n<\/div>\n<\/div>\n<div id=\"dpx-default-important-information_feature_div\">\n<div class=\"celwidget\" data-csa-c-id=\"9bffdm-tz3kwi-zfin37-bca4y3\" data-cel-widget=\"dpx-default-important-information_csm_instrumentation_wrapper\">\n<div id=\"importantInformation_feature_div\" class=\"celwidget\" data-feature-name=\"importantInformation\" data-csa-c-id=\"l31qko-bn6dud-lol3mv-lip6c4\" data-cel-widget=\"importantInformation_feature_div\"><\/div>\n<\/div>\n<\/div>\n<div id=\"sims-consolidated-4_feature_div\"><\/div>\n<div class=\"celwidget\" data-csa-c-id=\"e2tboh-5bcfyw-not2p5-i1r1n4\" data-cel-widget=\"dpx-sponsored-products-detail_csm_instrumentation_wrapper\">\n<div id=\"sponsoredProducts2_feature_div\" class=\"celwidget\" data-feature-name=\"sponsoredProducts2\" data-csa-c-id=\"d74pzb-eyygqw-y1405d-dtv20u\" data-cel-widget=\"sponsoredProducts2_feature_div\"><\/div>\n<\/div>\n<div id=\"dp-ads-middle_feature_div\"><\/div>\n<div id=\"services-widget_feature_div\"><\/div>\n<div id=\"center-28_feature_div\"><\/div>\n<div id=\"dp-ads-center-promo_feature_div\"><\/div>\n","protected":false},"excerpt":{"rendered":"<ul class=\"a-unordered-list a-vertical a-spacing-mini\">\n<li><span class=\"a-list-item\">Engrais organique sp\u00e9cial pour avocats, mangues, litchis, pitahayas, papayes, goyaves, etc.<\/span><\/li>\n<li><span class=\"a-list-item\">Rendements plus \u00e9lev\u00e9s et augmentation de la taille des fruits.<\/span><\/li>\n<li><span class=\"a-list-item\">100% d&rsquo;origine biologique et v\u00e9g\u00e9talienne. Haute assimilation avec NPK 8-1-5 + 74% de mati\u00e8re organique et d&rsquo;acides humiques.<\/span><\/li>\n<li><span class=\"a-list-item\">Augmentation des degr\u00e9s brix dans les fruits et moins d&rsquo;avortement des fleurs.<\/span><\/li>\n<li><span class=\"a-list-item\">Produit 100% naturel et inoffensif pour les animaux, respectueux de l&rsquo;environnement.<\/span><\/li>\n<\/ul>\n","protected":false},"featured_media":11582,"comment_status":"open","ping_status":"closed","template":"","meta":{"_acf_changed":false},"product_brand":[],"product_cat":[314,312],"product_tag":[1416],"class_list":{"0":"post-17283","1":"product","2":"type-product","3":"status-publish","4":"has-post-thumbnail","6":"product_cat-engrais","7":"product_cat-engrais-solides","8":"product_tag-caae-fr","10":"first","11":"instock","12":"taxable","13":"shipping-taxable","14":"purchasable","15":"product-type-variable"},"acf":[],"_links":{"self":[{"href":"https:\/\/cultivers.es\/fr\/wp-json\/wp\/v2\/product\/17283","targetHints":{"allow":["GET"]}}],"collection":[{"href":"https:\/\/cultivers.es\/fr\/wp-json\/wp\/v2\/product"}],"about":[{"href":"https:\/\/cultivers.es\/fr\/wp-json\/wp\/v2\/types\/product"}],"replies":[{"embeddable":true,"href":"https:\/\/cultivers.es\/fr\/wp-json\/wp\/v2\/comments?post=17283"}],"wp:featuredmedia":[{"embeddable":true,"href":"https:\/\/cultivers.es\/fr\/wp-json\/wp\/v2\/media\/11582"}],"wp:attachment":[{"href":"https:\/\/cultivers.es\/fr\/wp-json\/wp\/v2\/media?parent=17283"}],"wp:term":[{"taxonomy":"product_brand","embeddable":true,"href":"https:\/\/cultivers.es\/fr\/wp-json\/wp\/v2\/product_brand?post=17283"},{"taxonomy":"product_cat","embeddable":true,"href":"https:\/\/cultivers.es\/fr\/wp-json\/wp\/v2\/product_cat?post=17283"},{"taxonomy":"product_tag","embeddable":true,"href":"https:\/\/cultivers.es\/fr\/wp-json\/wp\/v2\/product_tag?post=17283"}],"curies":[{"name":"wp","href":"https:\/\/api.w.org\/{rel}","templated":true}]}}