{"id":17284,"date":"2021-10-22T12:12:43","date_gmt":"2021-10-22T12:12:43","guid":{"rendered":"https:\/\/cultivers.es\/abonos\/engrais-ecologique-pour-gazon\/"},"modified":"2025-09-22T05:08:38","modified_gmt":"2025-09-22T05:08:38","slug":"engrais-ecologie-epandage","status":"publish","type":"product","link":"https:\/\/cultivers.es\/fr\/abonnements\/engrais-ecologie-epandage\/","title":{"rendered":"Engrais \u00e9cologique pour gazon"},"content":{"rendered":"<div class=\"detailmodule_html\" data-key=\"2\" data-slate-fragment=\"JTdCJTIyb2JqZWN0JTIyJTNBJTIyZG9jdW1lbnQlMjIlMkMlMjJkYXRhJTIyJTNBJTdCJTdEJTJDJTIybm9kZXMlMjIlM0ElNUIlN0IlMjJvYmplY3QlMjIlM0ElMjJibG9jayUyMiUyQyUyMnR5cGUlMjIlM0ElMjJkaXYlMjIlMkMlMjJpc1ZvaWQlMjIlM0FmYWxzZSUyQyUyMmRhdGElMjIlM0ElN0IlMjJjbGFzc05hbWUlMjIlM0ElMjJkZXRhaWxtb2R1bGVfaHRtbCUyMiU3RCUyQyUyMm5vZGVzJTIyJTNBJTVCJTdCJTIyb2JqZWN0JTIyJTNBJTIyYmxvY2slMjIlMkMlMjJ0eXBlJTIyJTNBJTIyZGl2JTIyJTJDJTIyaXNWb2lkJTIyJTNBZmFsc2UlMkMlMjJkYXRhJTIyJTNBJTdCJTIyY2xhc3NOYW1lJTIyJTNBJTIyZGV0YWlsLWRlc2MtZGVjb3JhdGUtcmljaHRleHQlMjIlN0QlMkMlMjJub2RlcyUyMiUzQSU1QiU3QiUyMm9iamVjdCUyMiUzQSUyMnRleHQlMjIlMkMlMjJsZWF2ZXMlMjIlM0ElNUIlN0IlMjJvYmplY3QlMjIlM0ElMjJsZWFmJTIyJTJDJTIydGV4dCUyMiUzQSUyMkZlcnRpbGl6YW50ZSUyMG9yZyVDMyVBMW5pY28lMjB2ZWdldGFsJTIwY29uJTIwYWx0byUyMGNvbnRlbmlkbyUyMGVuJTIwbml0ciVDMyVCM2dlbm8lMjBxdWUlMjBsbyUyMGhhY2UlMjBpZGVhbCUyMHBhcmElMjBlbCUyMGNyZWNpbWllbnRvJTIwZGVsJTIwYyVDMyVBOXNwZWQuJTIyJTJDJTIybWFya3MlMjIlM0ElNUIlNUQlN0QlNUQlN0QlNUQlN0QlMkMlN0IlMjJvYmplY3QlMjIlM0ElMjJibG9jayUyMiUyQyUyMnR5cGUlMjIlM0ElMjJkaXYlMjIlMkMlMjJpc1ZvaWQlMjIlM0FmYWxzZSUyQyUyMmRhdGElMjIlM0ElN0IlMjJjbGFzc05hbWUlMjIlM0ElMjJkZXRhaWwtZGVzYy1kZWNvcmF0ZS1yaWNodGV4dCUyMiU3RCUyQyUyMm5vZGVzJTIyJTNBJTVCJTdCJTIyb2JqZWN0JTIyJTNBJTIydGV4dCUyMiUyQyUyMmxlYXZlcyUyMiUzQSU1QiU3QiUyMm9iamVjdCUyMiUzQSUyMmxlYWYlMjIlMkMlMjJ0ZXh0JTIyJTNBJTIyTG9zJTIwYmVuZWZpY2lvcyUyMGRlbCUyMGFwb3J0ZSUyMGRlJTIwbml0ciVDMyVCM2dlbm8lMjBlbiUyMGVsJTIwY3JlY2ltaWVudG8lMjBkZWwlMjBjJUMzJUE5c3BlZCUyMHNvbiUyMGxvcyUyMHNpZ3VpZW50ZXMlM0ElMjIlMkMlMjJtYXJrcyUyMiUzQSU1QiU1RCU3RCU1RCU3RCU1RCU3RCUyQyU3QiUyMm9iamVjdCUyMiUzQSUyMmJsb2NrJTIyJTJDJTIydHlwZSUyMiUzQSUyMmRpdiUyMiUyQyUyMmlzVm9pZCUyMiUzQWZhbHNlJTJDJTIyZGF0YSUyMiUzQSU3QiUyMmNsYXNzTmFtZSUyMiUzQSUyMmRldGFpbC1kZXNjLWRlY29yYXRlLXJpY2h0ZXh0JTIyJTdEJTJDJTIybm9kZXMlMjIlM0ElNUIlN0IlMjJvYmplY3QlMjIlM0ElMjJ0ZXh0JTIyJTJDJTIybGVhdmVzJTIyJTNBJTVCJTdCJTIyb2JqZWN0JTIyJTNBJTIybGVhZiUyMiUyQyUyMnRleHQlMjIlM0ElMjIlMjIlMkMlMjJtYXJrcyUyMiUzQSU1QiU1RCU3RCU1RCU3RCU1RCU3RCUyQyU3QiUyMm9iamVjdCUyMiUzQSUyMmJsb2NrJTIyJTJDJTIydHlwZSUyMiUzQSUyMmRpdiUyMiUyQyUyMmlzVm9pZCUyMiUzQWZhbHNlJTJDJTIyZGF0YSUyMiUzQSU3QiUyMmNsYXNzTmFtZSUyMiUzQSUyMmRldGFpbC1kZXNjLWRlY29yYXRlLXJpY2h0ZXh0JTIyJTdEJTJDJTIybm9kZXMlMjIlM0ElNUIlN0IlMjJvYmplY3QlMjIlM0ElMjJ0ZXh0JTIyJTJDJTIybGVhdmVzJTIyJTNBJTVCJTdCJTIyb2JqZWN0JTIyJTNBJTIybGVhZiUyMiUyQyUyMnRleHQlMjIlM0ElMjJGb3JtYSUyMHByb3RlJUMzJUFEbmFzJTIwcXVlJTIwZmF2b3JlY2VuJTIwZWwlMjBjcmVjaW1pZW50byUyMGRlJTIwbGElMjBwbGFudGElMjBhdW1lbnRhbmRvJTIwbGElMjBwYXJ0ZSUyMGFlcmVhJTIwZGUlMjBsYSUyMG1pc21hLiUyMiUyQyUyMm1hcmtzJTIyJTNBJTVCJTVEJTdEJTVEJTdEJTVEJTdEJTJDJTdCJTIyb2JqZWN0JTIyJTNBJTIyYmxvY2slMjIlMkMlMjJ0eXBlJTIyJTNBJTIyZGl2JTIyJTJDJTIyaXNWb2lkJTIyJTNBZmFsc2UlMkMlMjJkYXRhJTIyJTNBJTdCJTIyY2xhc3NOYW1lJTIyJTNBJTIyZGV0YWlsLWRlc2MtZGVjb3JhdGUtcmljaHRleHQlMjIlN0QlMkMlMjJub2RlcyUyMiUzQSU1QiU3QiUyMm9iamVjdCUyMiUzQSUyMnRleHQlMjIlMkMlMjJsZWF2ZXMlMjIlM0ElNUIlN0IlMjJvYmplY3QlMjIlM0ElMjJsZWFmJTIyJTJDJTIydGV4dCUyMiUzQSUyMlJlc3BvbnNhYmxlJTIwZGUlMjBsYSUyMGZvcm1hY2klQzMlQjNuJTIwZGUlMjBjbG9yb2ZpbGElMkMlMjBsbyUyMHF1ZSUyMHNlJTIwdHJhZHVjZSUyMHVuJTIwY3JlY2ltaWVudG8lMjBkZSUyMGxhJTIwZm90b3MlQzMlQURudGVzaXMlMjBxdWUlMjBoYWNlJTIwcXVlJTIwZWwlMjBjJUMzJUE5c3BlZCUyMGRlJTIwY29sb3IlMjB2ZXJkZSUyMG0lQzMlQTFzJTIwaW50ZW5zby4lMjIlMkMlMjJtYXJrcyUyMiUzQSU1QiU1RCU3RCU1RCU3RCU1RCU3RCUyQyU3QiUyMm9iamVjdCUyMiUzQSUyMmJsb2NrJTIyJTJDJTIydHlwZSUyMiUzQSUyMmRpdiUyMiUyQyUyMmlzVm9pZCUyMiUzQWZhbHNlJTJDJTIyZGF0YSUyMiUzQSU3QiUyMmNsYXNzTmFtZSUyMiUzQSUyMmRldGFpbC1kZXNjLWRlY29yYXRlLXJpY2h0ZXh0JTIyJTdEJTJDJTIybm9kZXMlMjIlM0ElNUIlN0IlMjJvYmplY3QlMjIlM0ElMjJ0ZXh0JTIyJTJDJTIybGVhdmVzJTIyJTNBJTVCJTdCJTIyb2JqZWN0JTIyJTNBJTIybGVhZiUyMiUyQyUyMnRleHQlMjIlM0ElMjIlMjIlMkMlMjJtYXJrcyUyMiUzQSU1QiU1RCU3RCU1RCU3RCU1RCU3RCUyQyU3QiUyMm9iamVjdCUyMiUzQSUyMmJsb2NrJTIyJTJDJTIydHlwZSUyMiUzQSUyMmRpdiUyMiUyQyUyMmlzVm9pZCUyMiUzQWZhbHNlJTJDJTIyZGF0YSUyMiUzQSU3QiUyMmNsYXNzTmFtZSUyMiUzQSUyMmRldGFpbC1kZXNjLWRlY29yYXRlLXJpY2h0ZXh0JTIyJTdEJTJDJTIybm9kZXMlMjIlM0ElNUIlN0IlMjJvYmplY3QlMjIlM0ElMjJ0ZXh0JTIyJTJDJTIybGVhdmVzJTIyJTNBJTVCJTdCJTIyb2JqZWN0JTIyJTNBJTIybGVhZiUyMiUyQyUyMnRleHQlMjIlM0ElMjIlMjIlMkMlMjJtYXJrcyUyMiUzQSU1QiU1RCU3RCU1RCU3RCU1RCU3RCUyQyU3QiUyMm9iamVjdCUyMiUzQSUyMmJsb2NrJTIyJTJDJTIydHlwZSUyMiUzQSUyMmRpdiUyMiUyQyUyMmlzVm9pZCUyMiUzQWZhbHNlJTJDJTIyZGF0YSUyMiUzQSU3QiUyMmNsYXNzTmFtZSUyMiUzQSUyMmRldGFpbC1kZXNjLWRlY29yYXRlLXJpY2h0ZXh0JTIyJTdEJTJDJTIybm9kZXMlMjIlM0ElNUIlN0IlMjJvYmplY3QlMjIlM0ElMjJ0ZXh0JTIyJTJDJTIybGVhdmVzJTIyJTNBJTVCJTdCJTIyb2JqZWN0JTIyJTNBJTIybGVhZiUyMiUyQyUyMnRleHQlMjIlM0ElMjJBYm9ubyUyMGVuJTIwZm9ybWElMjBkZSUyMG1pY3JvZ3IlQzMlQTFudWxvcyUyMGRlJTIwbGliZXJhY2klQzMlQjNuJTIwbGVudGElMjB5JTIwY29udHJvbGFkYS4lMjBDJUMzJUE5c3BlZCUyMG0lQzMlQTFzJTIwdmVyZGUlMkMlMjBmdWVydGUlMjB5JTIwZGVuc28uJTIwTm8lMjBwcm9kdWNlJTIwcXVlbWFkdXJhcy4lMjBQcm9kdWN0byUyMDEwMCUyNSUyMG5hdHVyYWwlMjBlJTIwaW5vZmVuc2l2byUyMHBhcmElMjBhbmltYWxlcyUyMHklMjBwbGFudGFzLiUyMEFib25vJTIwZGUlMjBlc3BlY2lhbCUyMGZvcm11bGFjaSVDMyVCM24lMjBwYXJhJTIwYyVDMyVBOXNwZWQlMjB5JTIwcHJhZGVyYXMlMjBjb24lMjBucGslMjAlMkIlMjA3NCUyMCUyNSUyMG1hdGVyaWElMjBvcmclQzMlQTFuaWNhJTIweSUyMCVDMyVBMWNpZG9zJTIwaCVDMyVCQW1pY29zLiUyMEVzdGltdWxhJTIwZWwlMjBjcmVjaW1pZW50byUyMHJhZGljdWxhciUyMHklMjBldml0YSUyMHByb2JsZW1hcyUyMGRlJTIwY2FyZW5jaWFzLiUyMEFib25vJTIwZGUlMjBmJUMzJUExY2lsJTIwYWJzb3JjaSVDMyVCM24lMjB5JTIwbWVqb3JhZG8lMjBkZSUyMGxhJTIwZXN0cnVjdHVyYSUyMGRlJTIwbGElMjB0aWVycmEuJTIwQXl1ZGElMjBsYSUyMHJldGVuY2klQzMlQjNuJTIwZGUlMjBsJUMzJUFEcXVpZG9zJTIweSUyMHByb2R1Y2UlMjBhaG9ycm8lMjBkZSUyMGFndWEuJTIwQWJvbm8lMjAtJTIwZmVydGlsaXphbnRlJTIwZWNvbCVDMyVCM2dpY28lMjBlc3BlY2lhbCUyMGMlQzMlQTlzcGVkLiUyME9yaWdlbiUyMDEwMCUyNSUyMG9yZyVDMyVBMW5pY28lMjB5JTIwdmVnYW5vJTIwZ3JhbnVsYWRvJTIwZGUlMjBsaWJlcmFjaSVDMyVCM24lMjBsZW50YSUyMHklMjBjb250cm9sYWRhJTIyJTJDJTIybWFya3MlMjIlM0ElNUIlNUQlN0QlNUQlN0QlNUQlN0QlNUQlN0QlMkMlN0IlMjJvYmplY3QlMjIlM0ElMjJibG9jayUyMiUyQyUyMnR5cGUlMjIlM0ElMjJwYXJhZ3JhcGglMjIlMkMlMjJpc1ZvaWQlMjIlM0FmYWxzZSUyQyUyMmRhdGElMjIlM0ElN0IlN0QlMkMlMjJub2RlcyUyMiUzQSU1QiU3QiUyMm9iamVjdCUyMiUzQSUyMnRleHQlMjIlMkMlMjJsZWF2ZXMlMjIlM0ElNUIlN0IlMjJvYmplY3QlMjIlM0ElMjJsZWFmJTIyJTJDJTIydGV4dCUyMiUzQSUyMiUyMiUyQyUyMm1hcmtzJTIyJTNBJTVCJTVEJTdEJTVEJTdEJTVEJTdEJTVEJTdE\">\n<div class=\"detail-desc-decorate-richtext\" data-key=\"3\"><span class=\"slate-node-text\" data-key=\"4\"><span data-offset-key=\"4:0\" data-spm-anchor-id=\"5261.product_publish.0.i7.55ce4edfsfdT7A\">Engrais organique v\u00e9g\u00e9tal \u00e0 forte teneur en azote, id\u00e9al pour la croissance de l&rsquo;herbe.<\/span><\/span><\/div>\n<div class=\"detail-desc-decorate-richtext\" data-key=\"5\"><span class=\"slate-node-text\" data-key=\"6\"><span data-offset-key=\"6:0\" data-spm-anchor-id=\"5261.product_publish.0.i6.55ce4edfsfdT7A\">Les avantages de l&rsquo;apport d&rsquo;azote sur la croissance du gazon sont les suivants :<\/span><\/span><\/div>\n<div class=\"detail-desc-decorate-richtext\" data-key=\"7\"><\/div>\n<div class=\"detail-desc-decorate-richtext\" data-key=\"8\"><span class=\"slate-node-text\" data-key=\"9\"><span data-offset-key=\"9:0\" data-spm-anchor-id=\"5261.product_publish.0.i4.55ce4edfsfdT7A\">Il forme des prot\u00e9ines qui favorisent la croissance des plantes en augmentant la partie a\u00e9rienne de la plante.<\/span><\/span><\/div>\n<div class=\"detail-desc-decorate-richtext\" data-key=\"10\"><span class=\"slate-node-text\" data-key=\"11\"><span data-offset-key=\"11:0\" data-spm-anchor-id=\"5261.product_publish.0.i3.55ce4edfsfdT7A\">Responsable de la formation de la chlorophylle, ce qui entra\u00eene une croissance de la photosynth\u00e8se qui rend l&rsquo;herbe plus verte.<\/span><\/span><\/div>\n<div class=\"detail-desc-decorate-richtext\" data-key=\"13\"><\/div>\n<div class=\"detail-desc-decorate-richtext\" data-key=\"14\"><span class=\"slate-node-text\" data-key=\"15\"><span data-offset-key=\"15:0\" data-spm-anchor-id=\"5261.product_publish.0.i5.55ce4edfsfdT7A\">Engrais sous forme de micro-granules \u00e0 lib\u00e9ration lente et contr\u00f4l\u00e9e. Une herbe plus verte, plus r\u00e9sistante et plus dense. Ne provoque pas de br\u00fblures. Produit 100% naturel, inoffensif pour les animaux et les plantes. Engrais sp\u00e9cialement formul\u00e9 pour les pelouses et les prairies avec npk + 74 % de mati\u00e8re organique et d&rsquo;acides humiques. Stimule la croissance des racines et pr\u00e9vient les probl\u00e8mes de carence. Engrais facilement absorb\u00e9 et structure du sol am\u00e9lior\u00e9e. Favorise la r\u00e9tention des liquides et permet d&rsquo;\u00e9conomiser l&rsquo;eau. Engrais - engrais \u00e9cologique sp\u00e9cialement con\u00e7u pour les pelouses. 100% d&rsquo;origine biologique et v\u00e9g\u00e9talienne Granules \u00e0 lib\u00e9ration lente et contr\u00f4l\u00e9e<\/span><\/span><\/div>\n<\/div>\n<p>Une herbe plus verte, plus r\u00e9sistante et plus dense. Ne provoque pas de br\u00fblures. Produit 100% naturel, inoffensif pour les animaux et les plantes. Engrais sp\u00e9cialement formul\u00e9 pour les pelouses et les prairies avec NPK 8-1-5 + 74 % de mati\u00e8re organique et d&rsquo;acides humiques. Stimule la croissance des racines et pr\u00e9vient les probl\u00e8mes de carence. Engrais facilement absorb\u00e9 et structure du sol am\u00e9lior\u00e9e. Favorise la r\u00e9tention des liquides et permet d&rsquo;\u00e9conomiser l&rsquo;eau. Engrais - engrais \u00e9cologique sp\u00e9cialement con\u00e7u pour les pelouses. 100% d&rsquo;origine biologique et v\u00e9g\u00e9talienne Granules \u00e0 lib\u00e9ration lente et contr\u00f4l\u00e9e<\/p>\n","protected":false},"excerpt":{"rendered":"<div id=\"featurebullets_feature_div\" class=\"celwidget\" data-feature-name=\"featurebullets\" data-csa-c-id=\"n3z0ly-1qi0gw-fwycpm-8rzsu6\" data-cel-widget=\"featurebullets_feature_div\">\n<div id=\"feature-bullets\" class=\"a-section a-spacing-medium a-spacing-top-small\">\n<ul class=\"a-unordered-list a-vertical a-spacing-mini\">\n<li><span class=\"a-list-item\">Engrais sous forme de micro-granules \u00e0 lib\u00e9ration lente et contr\u00f4l\u00e9e.<\/span><\/li>\n<li><span class=\"a-list-item\">Une herbe plus verte, plus r\u00e9sistante et plus dense. Ne provoque pas de br\u00fblures.<\/span><\/li>\n<li><span class=\"a-list-item\">100% naturel et inoffensif pour les animaux et les plantes.<\/span><\/li>\n<li><span class=\"a-list-item\">Engrais sp\u00e9cialement formul\u00e9 pour les pelouses et prairies avec NPK + 74% de mati\u00e8re organique et acides humiques.<\/span><\/li>\n<li><span class=\"a-list-item\">Stimule la croissance des racines et pr\u00e9vient les probl\u00e8mes de carence. Engrais facilement absorb\u00e9 et structure du sol am\u00e9lior\u00e9e. Favorise la r\u00e9tention des liquides et permet d&rsquo;\u00e9conomiser l&rsquo;eau.<\/span><\/li>\n<\/ul>\n<\/div>\n<\/div>\n","protected":false},"featured_media":54043,"comment_status":"open","ping_status":"closed","template":"","meta":{"_acf_changed":false},"product_brand":[],"product_cat":[314,312,315],"product_tag":[1416],"class_list":{"0":"post-17284","1":"product","2":"type-product","3":"status-publish","4":"has-post-thumbnail","6":"product_cat-engrais","7":"product_cat-engrais-solides","8":"product_cat-pelouse","9":"product_tag-caae-fr","11":"first","12":"instock","13":"taxable","14":"shipping-taxable","15":"purchasable","16":"product-type-variable"},"acf":[],"_links":{"self":[{"href":"https:\/\/cultivers.es\/fr\/wp-json\/wp\/v2\/product\/17284","targetHints":{"allow":["GET"]}}],"collection":[{"href":"https:\/\/cultivers.es\/fr\/wp-json\/wp\/v2\/product"}],"about":[{"href":"https:\/\/cultivers.es\/fr\/wp-json\/wp\/v2\/types\/product"}],"replies":[{"embeddable":true,"href":"https:\/\/cultivers.es\/fr\/wp-json\/wp\/v2\/comments?post=17284"}],"wp:featuredmedia":[{"embeddable":true,"href":"https:\/\/cultivers.es\/fr\/wp-json\/wp\/v2\/media\/54043"}],"wp:attachment":[{"href":"https:\/\/cultivers.es\/fr\/wp-json\/wp\/v2\/media?parent=17284"}],"wp:term":[{"taxonomy":"product_brand","embeddable":true,"href":"https:\/\/cultivers.es\/fr\/wp-json\/wp\/v2\/product_brand?post=17284"},{"taxonomy":"product_cat","embeddable":true,"href":"https:\/\/cultivers.es\/fr\/wp-json\/wp\/v2\/product_cat?post=17284"},{"taxonomy":"product_tag","embeddable":true,"href":"https:\/\/cultivers.es\/fr\/wp-json\/wp\/v2\/product_tag?post=17284"}],"curies":[{"name":"wp","href":"https:\/\/api.w.org\/{rel}","templated":true}]}}