{"id":17285,"date":"2021-10-22T12:12:43","date_gmt":"2021-10-22T12:12:43","guid":{"rendered":"https:\/\/cultivers.es\/abonos\/engrais-organique-pour-bonsais\/"},"modified":"2025-09-22T05:08:19","modified_gmt":"2025-09-22T05:08:19","slug":"engrais-bonsai-ecologique","status":"publish","type":"product","link":"https:\/\/cultivers.es\/fr\/abonnements\/engrais-bonsai-ecologique\/","title":{"rendered":"Engrais organique pour bonsa\u00efs"},"content":{"rendered":"<p>Organic Bonsai Fertilizer est un engrais organique pour bonsa\u00efs d&rsquo;origine v\u00e9g\u00e9tale \u00e0 appliquer au sol. Engrais pour bonsa\u00efs \u00e0 forte teneur en mati\u00e8re organique, azote, potassium, acides humiques et fulviques, avec des caract\u00e9ristiques technologiques am\u00e9lior\u00e9es, sous forme de perles pour une application facile.<\/p>\n<p class=\"a-spacing-base\">Dans notre engrais organique pour bonsa\u00efs, les granul\u00e9s de taille r\u00e9guli\u00e8re conviennent \u00e0 l&rsquo;application manuelle et m\u00e9canis\u00e9e. Au contact du sol, il est rapidement incorpor\u00e9 dans le sol, il a une solubilit\u00e9 de 99%.<\/p>\n<p class=\"a-spacing-base\">Il peut \u00eatre appliqu\u00e9 comme traitement de fond et de surface. Engrais pour tomates incorporant de l&rsquo;azote et du potassium, contient des ACIDES HUMIQUES de haute qualit\u00e9 qui am\u00e9liorent la structure du sol.<\/p>\n<p class=\"a-spacing-base\">Le rapport carbone\/azote facilite l&rsquo;extraction des min\u00e9raux par les racines et augmente la population de micro-organismes b\u00e9n\u00e9fiques du sol, formant des agr\u00e9gats et facilitant l&rsquo;oxyg\u00e9nation des sols.<\/p>\n<p class=\"a-spacing-base\">Ne s&rsquo;infiltre pas en cas de fortes pluies. Optimise efficacement le rapport sol-microorganismes. M\u00eame par mauvais temps, il forme des agr\u00e9gats, ce qui facilite l&rsquo;oxyg\u00e9nation du sol.<\/p>\n<h2 class=\"a-spacing-mini\">Efficacit\u00e9 des acides humiques pr\u00e9sents dans notre engrais organique pour bonsa\u00efs<\/h2>\n<p>Les acides humiques contenus dans notre compost pour bonsa\u00efs sont pr\u00e9sents dans le sol et constituent la partie la plus active de la mati\u00e8re organique du sol. Il s&rsquo;agit d&rsquo;un m\u00e9lange de mol\u00e9cules organiques complexes form\u00e9es par la d\u00e9composition et l&rsquo;oxydation de la mati\u00e8re organique. L&rsquo;humification est donc un processus progressif qui conduit \u00e0 la formation d&rsquo;acides humiques.<\/p>\n<p>Les acides humiques et fulviques sont d&rsquo;excellents ch\u00e9lateurs, ils favorisent l&rsquo;absorption des nutriments au niveau des racines et ch\u00e9latent la plupart des nutriments, les rendant disponibles pour la plante via les racines.<\/p>\n","protected":false},"excerpt":{"rendered":"<ul class=\"a-unordered-list a-vertical a-spacing-mini\">\n<li><span class=\"a-list-item\">Engrais sous forme de micro-granules \u00e0 lib\u00e9ration lente et contr\u00f4l\u00e9e.<\/span><\/li>\n<li><span class=\"a-list-item\">Croissance contr\u00f4l\u00e9e des nouveaux entre-n\u0153uds<\/span><\/li>\n<li><span class=\"a-list-item\">Engrais organique \u00e9cologique \u00e0 forte concentration en NPK.<\/span><\/li>\n<li><span class=\"a-list-item\">Engrais organique \u00e0 base de mat\u00e9riel v\u00e9g\u00e9tal de haute qualit\u00e9, obtenu par fermentation contr\u00f4l\u00e9e, pour une nutrition \u00e9quilibr\u00e9e.<\/span><\/li>\n<li><span class=\"a-list-item\">100% d&rsquo;origine biologique et naturelle.<\/span><\/li>\n<\/ul>\n","protected":false},"featured_media":11698,"comment_status":"open","ping_status":"closed","template":"","meta":{"_acf_changed":false},"product_brand":[],"product_cat":[317,314,312],"product_tag":[1416],"class_list":{"0":"post-17285","1":"product","2":"type-product","3":"status-publish","4":"has-post-thumbnail","6":"product_cat-bonsai-fr","7":"product_cat-engrais","8":"product_cat-engrais-solides","9":"product_tag-caae-fr","11":"first","12":"instock","13":"taxable","14":"shipping-taxable","15":"purchasable","16":"product-type-variable"},"acf":[],"_links":{"self":[{"href":"https:\/\/cultivers.es\/fr\/wp-json\/wp\/v2\/product\/17285","targetHints":{"allow":["GET"]}}],"collection":[{"href":"https:\/\/cultivers.es\/fr\/wp-json\/wp\/v2\/product"}],"about":[{"href":"https:\/\/cultivers.es\/fr\/wp-json\/wp\/v2\/types\/product"}],"replies":[{"embeddable":true,"href":"https:\/\/cultivers.es\/fr\/wp-json\/wp\/v2\/comments?post=17285"}],"wp:featuredmedia":[{"embeddable":true,"href":"https:\/\/cultivers.es\/fr\/wp-json\/wp\/v2\/media\/11698"}],"wp:attachment":[{"href":"https:\/\/cultivers.es\/fr\/wp-json\/wp\/v2\/media?parent=17285"}],"wp:term":[{"taxonomy":"product_brand","embeddable":true,"href":"https:\/\/cultivers.es\/fr\/wp-json\/wp\/v2\/product_brand?post=17285"},{"taxonomy":"product_cat","embeddable":true,"href":"https:\/\/cultivers.es\/fr\/wp-json\/wp\/v2\/product_cat?post=17285"},{"taxonomy":"product_tag","embeddable":true,"href":"https:\/\/cultivers.es\/fr\/wp-json\/wp\/v2\/product_tag?post=17285"}],"curies":[{"name":"wp","href":"https:\/\/api.w.org\/{rel}","templated":true}]}}