{"id":17286,"date":"2021-10-22T12:12:43","date_gmt":"2021-10-22T12:12:43","guid":{"rendered":"https:\/\/cultivers.es\/abonos\/engrais-organique-pour-le-jardin\/"},"modified":"2025-09-22T05:29:24","modified_gmt":"2025-09-22T05:29:24","slug":"engrais-organique-jardin-ecologique","status":"publish","type":"product","link":"https:\/\/cultivers.es\/fr\/abonnements\/engrais-organique-jardin-ecologique\/","title":{"rendered":"Engrais organique pour le jardin"},"content":{"rendered":"<h2 class=\"a-spacing-mini\" style=\"text-align: center;\">Engrais organique de jardin pour les l\u00e9gumes d&rsquo;origine v\u00e9g\u00e9tale \u00e0 appliquer au sol.<\/h2>\n<div class=\"detail-desc-decorate-richtext\" data-key=\"3\" data-spm-anchor-id=\"5261.product_publish.0.i25.e6044edfISAr1b\"><span class=\"slate-node-text\" data-key=\"4\"><span data-offset-key=\"4:0\" data-spm-anchor-id=\"5261.product_publish.0.i26.e6044edfISAr1b\">Engrais organique d&rsquo;origine v\u00e9g\u00e9tale. est en forme de perle pour faciliter son utilisation. Riche en mati\u00e8re organique et en acides humiques.<\/span><\/span><\/div>\n<div class=\"detail-desc-decorate-richtext\" data-key=\"12\"><span class=\"slate-node-text\" data-key=\"11\"><span data-offset-key=\"11:0\" data-spm-anchor-id=\"5261.product_publish.0.i29.e6044edfISAr1b\">La contribution de la mati\u00e8re organique du sol apporte un certain nombre d&rsquo;avantages au sol.<\/span><\/span><\/div>\n<div data-key=\"12\"><\/div>\n<div class=\"detail-desc-decorate-richtext\" data-key=\"18\"><span class=\"slate-node-text\" data-key=\"17\"><span data-offset-key=\"17:0\" data-spm-anchor-id=\"5261.product_publish.0.i31.e6044edfISAr1b\">- Am\u00e9liore la structure du sol<\/span><\/span><\/div>\n<div class=\"detail-desc-decorate-richtext\" data-key=\"20\"><span class=\"slate-node-text\" data-key=\"19\"><span data-offset-key=\"19:0\" data-spm-anchor-id=\"5261.product_publish.0.i30.e6044edfISAr1b\">- Optimise l&rsquo;utilisation de l&rsquo;eau<\/span><\/span><\/div>\n<div class=\"detail-desc-decorate-richtext\" data-key=\"22\"><span class=\"slate-node-text\" data-key=\"21\"><span data-offset-key=\"21:0\">- R\u00e9duit le compactage<\/span><\/span><\/div>\n<div data-key=\"24\"><\/div>\n<div class=\"detail-desc-decorate-richtext\" data-key=\"24\"><span class=\"slate-node-text\" data-key=\"23\"><span data-offset-key=\"23:0\">Active les micro-organismes dans la plante :<\/span><\/span><\/div>\n<div class=\"detail-desc-decorate-richtext\" data-key=\"26\"><span class=\"slate-node-text\" data-key=\"25\"><span data-offset-key=\"25:0\" data-spm-anchor-id=\"5261.product_publish.0.i32.e6044edfISAr1b\">-Am\u00e9liore le syst\u00e8me racinaire<\/span><\/span><\/div>\n<div class=\"detail-desc-decorate-richtext\" data-key=\"28\"><span class=\"slate-node-text\" data-key=\"27\"><span data-offset-key=\"27:0\" data-spm-anchor-id=\"5261.product_publish.0.i33.e6044edfISAr1b\">-R\u00e9duit le stress<\/span><\/span><\/div>\n<div class=\"detail-desc-decorate-richtext\" data-key=\"30\"><span class=\"slate-node-text\" data-key=\"29\"><span data-offset-key=\"29:0\" data-spm-anchor-id=\"5261.product_publish.0.i34.e6044edfISAr1b\">-Lib\u00e9ration lente de l&rsquo;azote.<\/span><\/span><\/div>\n<div class=\"detail-desc-decorate-richtext\" data-key=\"32\"><\/div>\n<div class=\"detail-desc-decorate-richtext\" data-key=\"34\" data-spm-anchor-id=\"5261.product_publish.0.i35.e6044edfISAr1b\" data-slate-fragment=\"JTdCJTIyb2JqZWN0JTIyJTNBJTIyZG9jdW1lbnQlMjIlMkMlMjJkYXRhJTIyJTNBJTdCJTdEJTJDJTIybm9kZXMlMjIlM0ElNUIlN0IlMjJvYmplY3QlMjIlM0ElMjJibG9jayUyMiUyQyUyMnR5cGUlMjIlM0ElMjJkaXYlMjIlMkMlMjJpc1ZvaWQlMjIlM0FmYWxzZSUyQyUyMmRhdGElMjIlM0ElN0IlMjJjbGFzc05hbWUlMjIlM0ElMjJkZXRhaWxtb2R1bGVfaHRtbCUyMiU3RCUyQyUyMm5vZGVzJTIyJTNBJTVCJTdCJTIyb2JqZWN0JTIyJTNBJTIyYmxvY2slMjIlMkMlMjJ0eXBlJTIyJTNBJTIyZGl2JTIyJTJDJTIyaXNWb2lkJTIyJTNBZmFsc2UlMkMlMjJkYXRhJTIyJTNBJTdCJTIyY2xhc3NOYW1lJTIyJTNBJTIyZGV0YWlsLWRlc2MtZGVjb3JhdGUtcmljaHRleHQlMjIlN0QlMkMlMjJub2RlcyUyMiUzQSU1QiU3QiUyMm9iamVjdCUyMiUzQSUyMnRleHQlMjIlMkMlMjJsZWF2ZXMlMjIlM0ElNUIlN0IlMjJvYmplY3QlMjIlM0ElMjJsZWFmJTIyJTJDJTIydGV4dCUyMiUzQSUyMkFib25vJTIwb3JnJUMzJUExbmljbyUyMGRlJTIwb3JpZ2VuJTIwdmVnZXRhbC4lMjB0aWVuZSUyMGZvcm1hJTIwcGVybGFkYSUyMHBhcmElMjBmJUMzJUExY2lsJTIwdXNvLiUyMENvbiUyMGFsdG8lMjBjb250ZW5pZG8lMjBlbiUyMG1hdGVyaWElMjBvcmclQzMlQTFuaWNhJTIweSUyMCVDMyVBMWNpZG9zJTIwaCVDMyVCQW1pY29zLiUyMiUyQyUyMm1hcmtzJTIyJTNBJTVCJTVEJTdEJTVEJTdEJTVEJTdEJTJDJTdCJTIyb2JqZWN0JTIyJTNBJTIyYmxvY2slMjIlMkMlMjJ0eXBlJTIyJTNBJTIyZGl2JTIyJTJDJTIyaXNWb2lkJTIyJTNBZmFsc2UlMkMlMjJkYXRhJTIyJTNBJTdCJTIyY2xhc3NOYW1lJTIyJTNBJTIyZGV0YWlsLWRlc2MtZGVjb3JhdGUtcmljaHRleHQlMjIlN0QlMkMlMjJub2RlcyUyMiUzQSU1QiU3QiUyMm9iamVjdCUyMiUzQSUyMnRleHQlMjIlMkMlMjJsZWF2ZXMlMjIlM0ElNUIlN0IlMjJvYmplY3QlMjIlM0ElMjJsZWFmJTIyJTJDJTIydGV4dCUyMiUzQSUyMkVsJTIwYXBvcnRlJTIwZGUlMjBsYSUyMG1hdGVyaWElMjBvcmclQzMlQTFuaWNhJTIwZGVsJTIwc3VlbG8lMjBhcG9ydGElMjB1biUyMGNvbmp1bnRvJTIwZGUlMjB2ZW50YWphcyUyMGVuJTIwZWwlMjBzdWVsby4lMjIlMkMlMjJtYXJrcyUyMiUzQSU1QiU1RCU3RCU1RCU3RCU1RCU3RCUyQyU3QiUyMm9iamVjdCUyMiUzQSUyMmJsb2NrJTIyJTJDJTIydHlwZSUyMiUzQSUyMmRpdiUyMiUyQyUyMmlzVm9pZCUyMiUzQWZhbHNlJTJDJTIyZGF0YSUyMiUzQSU3QiUyMmNsYXNzTmFtZSUyMiUzQSUyMmRldGFpbC1kZXNjLWRlY29yYXRlLXJpY2h0ZXh0JTIyJTdEJTJDJTIybm9kZXMlMjIlM0ElNUIlN0IlMjJvYmplY3QlMjIlM0ElMjJ0ZXh0JTIyJTJDJTIybGVhdmVzJTIyJTNBJTVCJTdCJTIyb2JqZWN0JTIyJTNBJTIybGVhZiUyMiUyQyUyMnRleHQlMjIlM0ElMjItTWVqb3JhJTIwbGElMjBlc3RydWN0dXJhJTIwZGVsJTIwc3VlbG8lMjIlMkMlMjJtYXJrcyUyMiUzQSU1QiU1RCU3RCU1RCU3RCU1RCU3RCUyQyU3QiUyMm9iamVjdCUyMiUzQSUyMmJsb2NrJTIyJTJDJTIydHlwZSUyMiUzQSUyMmRpdiUyMiUyQyUyMmlzVm9pZCUyMiUzQWZhbHNlJTJDJTIyZGF0YSUyMiUzQSU3QiUyMmNsYXNzTmFtZSUyMiUzQSUyMmRldGFpbC1kZXNjLWRlY29yYXRlLXJpY2h0ZXh0JTIyJTdEJTJDJTIybm9kZXMlMjIlM0ElNUIlN0IlMjJvYmplY3QlMjIlM0ElMjJ0ZXh0JTIyJTJDJTIybGVhdmVzJTIyJTNBJTVCJTdCJTIyb2JqZWN0JTIyJTNBJTIybGVhZiUyMiUyQyUyMnRleHQlMjIlM0ElMjItJTIwb3B0aW1pemElMjBlbCUyMHVzbyUyMGRlJTIwYWd1YSUyMiUyQyUyMm1hcmtzJTIyJTNBJTVCJTVEJTdEJTVEJTdEJTVEJTdEJTJDJTdCJTIyb2JqZWN0JTIyJTNBJTIyYmxvY2slMjIlMkMlMjJ0eXBlJTIyJTNBJTIyZGl2JTIyJTJDJTIyaXNWb2lkJTIyJTNBZmFsc2UlMkMlMjJkYXRhJTIyJTNBJTdCJTIyY2xhc3NOYW1lJTIyJTNBJTIyZGV0YWlsLWRlc2MtZGVjb3JhdGUtcmljaHRleHQlMjIlN0QlMkMlMjJub2RlcyUyMiUzQSU1QiU3QiUyMm9iamVjdCUyMiUzQSUyMnRleHQlMjIlMkMlMjJsZWF2ZXMlMjIlM0ElNUIlN0IlMjJvYmplY3QlMjIlM0ElMjJsZWFmJTIyJTJDJTIydGV4dCUyMiUzQSUyMlJlZHVjZSUyMGxhJTIwY29tcGFjdGFjaSVDMyVCM24lMjIlMkMlMjJtYXJrcyUyMiUzQSU1QiU1RCU3RCU1RCU3RCU1RCU3RCUyQyU3QiUyMm9iamVjdCUyMiUzQSUyMmJsb2NrJTIyJTJDJTIydHlwZSUyMiUzQSUyMmRpdiUyMiUyQyUyMmlzVm9pZCUyMiUzQWZhbHNlJTJDJTIyZGF0YSUyMiUzQSU3QiUyMmNsYXNzTmFtZSUyMiUzQSUyMmRldGFpbC1kZXNjLWRlY29yYXRlLXJpY2h0ZXh0JTIyJTdEJTJDJTIybm9kZXMlMjIlM0ElNUIlN0IlMjJvYmplY3QlMjIlM0ElMjJ0ZXh0JTIyJTJDJTIybGVhdmVzJTIyJTNBJTVCJTdCJTIyb2JqZWN0JTIyJTNBJTIybGVhZiUyMiUyQyUyMnRleHQlMjIlM0ElMjJBY3RpdmElMjBsb3MlMjBtaWNyb29yZ2FuaXNtb3MlMjBlbiUyMGxhJTIwcGxhbnRhJTNBJTIyJTJDJTIybWFya3MlMjIlM0ElNUIlNUQlN0QlNUQlN0QlNUQlN0QlMkMlN0IlMjJvYmplY3QlMjIlM0ElMjJibG9jayUyMiUyQyUyMnR5cGUlMjIlM0ElMjJkaXYlMjIlMkMlMjJpc1ZvaWQlMjIlM0FmYWxzZSUyQyUyMmRhdGElMjIlM0ElN0IlMjJjbGFzc05hbWUlMjIlM0ElMjJkZXRhaWwtZGVzYy1kZWNvcmF0ZS1yaWNodGV4dCUyMiU3RCUyQyUyMm5vZGVzJTIyJTNBJTVCJTdCJTIyb2JqZWN0JTIyJTNBJTIydGV4dCUyMiUyQyUyMmxlYXZlcyUyMiUzQSU1QiU3QiUyMm9iamVjdCUyMiUzQSUyMmxlYWYlMjIlMkMlMjJ0ZXh0JTIyJTNBJTIyLU1lam9yYSUyMGVsJTIwc2lzdGVtYSUyMHJhZGljdWxhciUyMiUyQyUyMm1hcmtzJTIyJTNBJTVCJTVEJTdEJTVEJTdEJTVEJTdEJTJDJTdCJTIyb2JqZWN0JTIyJTNBJTIyYmxvY2slMjIlMkMlMjJ0eXBlJTIyJTNBJTIyZGl2JTIyJTJDJTIyaXNWb2lkJTIyJTNBZmFsc2UlMkMlMjJkYXRhJTIyJTNBJTdCJTIyY2xhc3NOYW1lJTIyJTNBJTIyZGV0YWlsLWRlc2MtZGVjb3JhdGUtcmljaHRleHQlMjIlN0QlMkMlMjJub2RlcyUyMiUzQSU1QiU3QiUyMm9iamVjdCUyMiUzQSUyMnRleHQlMjIlMkMlMjJsZWF2ZXMlMjIlM0ElNUIlN0IlMjJvYmplY3QlMjIlM0ElMjJsZWFmJTIyJTJDJTIydGV4dCUyMiUzQSUyMi1SZWR1Y2UlMjBlbCUyMGVzdHIlQzMlQTlzJTIyJTJDJTIybWFya3MlMjIlM0ElNUIlNUQlN0QlNUQlN0QlNUQlN0QlMkMlN0IlMjJvYmplY3QlMjIlM0ElMjJibG9jayUyMiUyQyUyMnR5cGUlMjIlM0ElMjJkaXYlMjIlMkMlMjJpc1ZvaWQlMjIlM0FmYWxzZSUyQyUyMmRhdGElMjIlM0ElN0IlMjJjbGFzc05hbWUlMjIlM0ElMjJkZXRhaWwtZGVzYy1kZWNvcmF0ZS1yaWNodGV4dCUyMiU3RCUyQyUyMm5vZGVzJTIyJTNBJTVCJTdCJTIyb2JqZWN0JTIyJTNBJTIydGV4dCUyMiUyQyUyMmxlYXZlcyUyMiUzQSU1QiU3QiUyMm9iamVjdCUyMiUzQSUyMmxlYWYlMjIlMkMlMjJ0ZXh0JTIyJTNBJTIyLUxpYmVyYWNpJUMzJUIzbiUyMGxlbnRhJTIwZGVsJTIwbml0ciVDMyVCM2dlbm8uJTIyJTJDJTIybWFya3MlMjIlM0ElNUIlNUQlN0QlNUQlN0QlNUQlN0QlMkMlN0IlMjJvYmplY3QlMjIlM0ElMjJibG9jayUyMiUyQyUyMnR5cGUlMjIlM0ElMjJkaXYlMjIlMkMlMjJpc1ZvaWQlMjIlM0FmYWxzZSUyQyUyMmRhdGElMjIlM0ElN0IlMjJjbGFzc05hbWUlMjIlM0ElMjJkZXRhaWwtZGVzYy1kZWNvcmF0ZS1yaWNodGV4dCUyMiU3RCUyQyUyMm5vZGVzJTIyJTNBJTVCJTdCJTIyb2JqZWN0JTIyJTNBJTIydGV4dCUyMiUyQyUyMmxlYXZlcyUyMiUzQSU1QiU3QiUyMm9iamVjdCUyMiUzQSUyMmxlYWYlMjIlMkMlMjJ0ZXh0JTIyJTNBJTIyJTIyJTJDJTIybWFya3MlMjIlM0ElNUIlNUQlN0QlNUQlN0QlNUQlN0QlMkMlN0IlMjJvYmplY3QlMjIlM0ElMjJibG9jayUyMiUyQyUyMnR5cGUlMjIlM0ElMjJkaXYlMjIlMkMlMjJpc1ZvaWQlMjIlM0FmYWxzZSUyQyUyMmRhdGElMjIlM0ElN0IlMjJjbGFzc05hbWUlMjIlM0ElMjJkZXRhaWwtZGVzYy1kZWNvcmF0ZS1yaWNodGV4dCUyMiU3RCUyQyUyMm5vZGVzJTIyJTNBJTVCJTdCJTIyb2JqZWN0JTIyJTNBJTIydGV4dCUyMiUyQyUyMmxlYXZlcyUyMiUzQSU1QiU3QiUyMm9iamVjdCUyMiUzQSUyMmxlYWYlMjIlMkMlMjJ0ZXh0JTIyJTNBJTIyTm8lMjBhY2VyY2FyJTIwYWwlMjB0cm9uY28lMjBhbCUyMGFib25hciUyMiUyQyUyMm1hcmtzJTIyJTNBJTVCJTVEJTdEJTVEJTdEJTVEJTdEJTVEJTdEJTVEJTdE\"><strong><span class=\"slate-node-text\" data-key=\"33\">Ne pas s&rsquo;approcher du tronc lors de la fertilisation<\/span><\/strong><\/div>\n<p class=\"a-spacing-base\">Engrais organique pour le jardin. Notre engrais pour vergers avec une grande quantit\u00e9 de mati\u00e8re organique, d&rsquo;azote, de potassium, d&rsquo;acides humiques et fulviques, avec des caract\u00e9ristiques technologiques am\u00e9lior\u00e9es, sous forme de perles faciles \u00e0 appliquer.<\/p>\n<p class=\"a-spacing-base\">Ses granul\u00e9s de taille r\u00e9guli\u00e8re conviennent \u00e0 une application manuelle ou m\u00e9canis\u00e9e. Au contact du sol, il est rapidement incorpor\u00e9 dans le sol, il a une solubilit\u00e9 de 99%. Il peut \u00eatre appliqu\u00e9 comme traitement de fond et de surface.<\/p>\n","protected":false},"excerpt":{"rendered":"<ul class=\"a-unordered-list a-vertical a-spacing-mini\">\n<li><span class=\"a-list-item\">Stimule la croissance et augmente la productivit\u00e9 des cultures mara\u00eech\u00e8res.<\/span><\/li>\n<li><span class=\"a-list-item\">Dosage : 100 grammes de plante r\u00e9partis sur le cycle v\u00e9g\u00e9tatif.<\/span><\/li>\n<li><span class=\"a-list-item\">Engrais organique sous forme de micro-granules \u00e0 lib\u00e9ration lente et contr\u00f4l\u00e9e. Renforce la r\u00e9sistance aux maladies. Am\u00e9liore le d\u00e9veloppement des racines des plantes et l&rsquo;absorption des nutriments.<\/span><\/li>\n<li><span class=\"a-list-item\">Engrais organique \u00e9cologique NPK Mati\u00e8re organique et micro-\u00e9l\u00e9ments.<\/span><\/li>\n<li><span class=\"a-list-item\">100% naturel et inoffensif pour les animaux et les plantes.<\/span><\/li>\n<\/ul>\n","protected":false},"featured_media":11726,"comment_status":"open","ping_status":"closed","template":"","meta":{"_acf_changed":false},"product_brand":[],"product_cat":[314,1272,312],"product_tag":[1416],"class_list":{"0":"post-17286","1":"product","2":"type-product","3":"status-publish","4":"has-post-thumbnail","6":"product_cat-engrais","7":"product_cat-engrais-recommandes","8":"product_cat-engrais-solides","9":"product_tag-caae-fr","11":"first","12":"instock","13":"taxable","14":"shipping-taxable","15":"purchasable","16":"product-type-variable"},"acf":[],"_links":{"self":[{"href":"https:\/\/cultivers.es\/fr\/wp-json\/wp\/v2\/product\/17286","targetHints":{"allow":["GET"]}}],"collection":[{"href":"https:\/\/cultivers.es\/fr\/wp-json\/wp\/v2\/product"}],"about":[{"href":"https:\/\/cultivers.es\/fr\/wp-json\/wp\/v2\/types\/product"}],"replies":[{"embeddable":true,"href":"https:\/\/cultivers.es\/fr\/wp-json\/wp\/v2\/comments?post=17286"}],"wp:featuredmedia":[{"embeddable":true,"href":"https:\/\/cultivers.es\/fr\/wp-json\/wp\/v2\/media\/11726"}],"wp:attachment":[{"href":"https:\/\/cultivers.es\/fr\/wp-json\/wp\/v2\/media?parent=17286"}],"wp:term":[{"taxonomy":"product_brand","embeddable":true,"href":"https:\/\/cultivers.es\/fr\/wp-json\/wp\/v2\/product_brand?post=17286"},{"taxonomy":"product_cat","embeddable":true,"href":"https:\/\/cultivers.es\/fr\/wp-json\/wp\/v2\/product_cat?post=17286"},{"taxonomy":"product_tag","embeddable":true,"href":"https:\/\/cultivers.es\/fr\/wp-json\/wp\/v2\/product_tag?post=17286"}],"curies":[{"name":"wp","href":"https:\/\/api.w.org\/{rel}","templated":true}]}}