{"id":17287,"date":"2021-10-22T12:12:43","date_gmt":"2021-10-22T12:12:43","guid":{"rendered":"https:\/\/cultivers.es\/abonos\/engrais-organique-pour-cactus\/"},"modified":"2025-09-22T05:08:33","modified_gmt":"2025-09-22T05:08:33","slug":"engrais-ecologique-engrais-cactus","status":"publish","type":"product","link":"https:\/\/cultivers.es\/fr\/abonnements\/engrais-ecologique-engrais-cactus\/","title":{"rendered":"Engrais organique pour cactus"},"content":{"rendered":"<p data-spm-anchor-id=\"a2g0o.detail.1000023.i0.2d1d20af6A8LHL\">Engrais organique pour plantes riche en mati\u00e8re organique et en potassium.<\/p>\n<div class=\"detailmodule_html\">\n<p data-spm-anchor-id=\"a2g0o.detail.1000023.i2.2d1d20af6A8LHL\">Les avantages de la mati\u00e8re organique et du potassium pour les cactus et les plantes grasses sont les suivants:-La mati\u00e8re organique structure le substrat ou le sol.<br \/>\n-Am\u00e9liore l&rsquo;efficacit\u00e9 de l&rsquo;eau.<br \/>\n-Potassium : favorise la r\u00e9tention d&rsquo;eau par la plante.<br \/>\n-Pr\u00e9vient le stress<\/p>\n<\/div>\n<p>Engrais organique pour cactus. Cultivers, sp\u00e9cialiste des engrais \u00e9cologiques, propose un engrais organique fabriqu\u00e9 avec une formulation sp\u00e9ciale pour tous les types de cactus, de plantes grasses et de plantes grasses en g\u00e9n\u00e9ral, utilisant un type sp\u00e9cifique de mycorhizes pour favoriser un syst\u00e8me racinaire et une croissance sains.<\/p>\n<p>Il est 100% naturel et \u00e9cologique avec une formulation lente et contr\u00f4l\u00e9e d&rsquo;origine v\u00e9g\u00e9tale qui favorise l&rsquo;absorption du calcium, du magn\u00e9sium, du phosphore, des micro-\u00e9l\u00e9ments, etc.<\/p>\n<p>Notre engrais organique pour cactus am\u00e9liore la fertilit\u00e9 du sol, augmente le rendement et l&rsquo;odeur, contribue \u00e0 un apport \u00e9quilibr\u00e9 des principaux \u00e9l\u00e9ments, am\u00e9liore l&rsquo;a\u00e9ration et la r\u00e9tention d&rsquo;eau, r\u00e9duit l&rsquo;effet de la salinit\u00e9 et favorise l&rsquo;activit\u00e9 microbiologique.<\/p>\n<p>Am\u00e9liore le d\u00e9veloppement des racines des plantes et l&rsquo;absorption des nutriments<\/p>\n<p>Ne jamais fertiliser les plantes succulentes lorsqu&rsquo;elles sont en dormance. N&rsquo;arrosez que le substrat, pas les feuilles. Ne pas d\u00e9passer les doses recommand\u00e9es. L&rsquo;arrosage excessif des cactus et autres plantes succulentes est souvent fatal en raison du pourrissement des racines. Si l&rsquo;eau manque, ils pousseront mal.<\/p>\n","protected":false},"excerpt":{"rendered":"<ul class=\"a-unordered-list a-vertical a-spacing-mini\">\n<li><span class=\"a-list-item\">Engrais granul\u00e9 sp\u00e9cial pour cactus, plantes grasses et plantes succulentes.<\/span><\/li>\n<li><span class=\"a-list-item\">100% d&rsquo;origine biologique et v\u00e9g\u00e9talienne. Forte assimilation de la mati\u00e8re organique et des acides humiques.<\/span><\/li>\n<li><span class=\"a-list-item\">Formulation lente et contr\u00f4l\u00e9e d&rsquo;origine v\u00e9g\u00e9tale. Am\u00e9liore la r\u00e9sistance aux maladies et le stockage optimal de l&rsquo;eau.<\/span><\/li>\n<li><span class=\"a-list-item\">Ils favorisent l&rsquo;absorption du calcium, du magn\u00e9sium, du phosphore, des micro-\u00e9l\u00e9ments,<\/span><\/li>\n<li><span class=\"a-list-item\">Produit 100% naturel et inoffensif pour les animaux, respectueux de l&rsquo;environnement.<\/span><\/li>\n<\/ul>\n","protected":false},"featured_media":12344,"comment_status":"open","ping_status":"closed","template":"","meta":{"_acf_changed":false},"product_brand":[],"product_cat":[314,312],"product_tag":[1416],"class_list":{"0":"post-17287","1":"product","2":"type-product","3":"status-publish","4":"has-post-thumbnail","6":"product_cat-engrais","7":"product_cat-engrais-solides","8":"product_tag-caae-fr","10":"first","11":"instock","12":"taxable","13":"shipping-taxable","14":"purchasable","15":"product-type-variable","16":"has-default-attributes"},"acf":[],"_links":{"self":[{"href":"https:\/\/cultivers.es\/fr\/wp-json\/wp\/v2\/product\/17287","targetHints":{"allow":["GET"]}}],"collection":[{"href":"https:\/\/cultivers.es\/fr\/wp-json\/wp\/v2\/product"}],"about":[{"href":"https:\/\/cultivers.es\/fr\/wp-json\/wp\/v2\/types\/product"}],"replies":[{"embeddable":true,"href":"https:\/\/cultivers.es\/fr\/wp-json\/wp\/v2\/comments?post=17287"}],"wp:featuredmedia":[{"embeddable":true,"href":"https:\/\/cultivers.es\/fr\/wp-json\/wp\/v2\/media\/12344"}],"wp:attachment":[{"href":"https:\/\/cultivers.es\/fr\/wp-json\/wp\/v2\/media?parent=17287"}],"wp:term":[{"taxonomy":"product_brand","embeddable":true,"href":"https:\/\/cultivers.es\/fr\/wp-json\/wp\/v2\/product_brand?post=17287"},{"taxonomy":"product_cat","embeddable":true,"href":"https:\/\/cultivers.es\/fr\/wp-json\/wp\/v2\/product_cat?post=17287"},{"taxonomy":"product_tag","embeddable":true,"href":"https:\/\/cultivers.es\/fr\/wp-json\/wp\/v2\/product_tag?post=17287"}],"curies":[{"name":"wp","href":"https:\/\/api.w.org\/{rel}","templated":true}]}}