{"id":17422,"date":"2021-10-22T12:12:42","date_gmt":"2021-10-22T12:12:42","guid":{"rendered":"https:\/\/cultivers.es\/abonos\/engrais-biologique-pour-tomates\/"},"modified":"2025-09-22T05:28:42","modified_gmt":"2025-09-22T05:28:42","slug":"compost-ecologique-tomates","status":"publish","type":"product","link":"https:\/\/cultivers.es\/fr\/abonnements\/compost-ecologique-tomates\/","title":{"rendered":"Engrais biologique pour tomates"},"content":{"rendered":"<p>Engrais organique pour plantes, avec acides humiques et potassium. L&rsquo;apport d&rsquo;acides humiques dans la culture des tomates pr\u00e9sente de multiples avantages.<\/p>\n<h3>Avantages de l&rsquo;engrais organique microgranul\u00e9 pour tomates<\/h3>\n<ul>\n<li>Am\u00e9liore le syst\u00e8me racinaire.<\/li>\n<li>Favorise l&rsquo;assimilation des macro et micronutriments.<\/li>\n<li>Le potassium augmente la taille, la couleur et le poids.<\/li>\n<\/ul>\n<h3>Principaux composants de l&rsquo;engrais pour tomates<\/h3>\n<p class=\"a-spacing-base\">Cultivers Organic Tomato Fertiliser contient :<\/p>\n<ul>\n<li class=\"a-spacing-base\">Grande quantit\u00e9 de mati\u00e8re organique<\/li>\n<li class=\"a-spacing-base\">Azote<\/li>\n<li class=\"a-spacing-base\">Potassium<\/li>\n<li class=\"a-spacing-base\">Acides humiques et fulviques<\/li>\n<li class=\"a-spacing-base\">Caract\u00e9ristiques technologiques am\u00e9lior\u00e9es<\/li>\n<li class=\"a-spacing-base\">Forme de perle facile \u00e0 appliquer.<\/li>\n<\/ul>\n<h3>Avantages de l&rsquo;engrais biologique pour tomates en granul\u00e9s<\/h3>\n<p class=\"a-spacing-base\">Ses granul\u00e9s de taille r\u00e9guli\u00e8re conviennent \u00e0 une application manuelle ou m\u00e9canis\u00e9e. Au contact du sol, il est rapidement incorpor\u00e9 dans le sol, il a une solubilit\u00e9 de 99%. Il peut \u00eatre appliqu\u00e9 comme traitement de fond et de surface.<\/p>\n<p class=\"a-spacing-base\">Le rapport carbone\/azote facilite l&rsquo;extraction des min\u00e9raux par les racines et augmente la population de micro-organismes b\u00e9n\u00e9fiques du sol, formant des agr\u00e9gats et facilitant l&rsquo;oxyg\u00e9nation des sols.<\/p>\n<p class=\"a-spacing-base\">Notre engrais organique pour tomates ne s&rsquo;infiltre pas en cas de fortes pluies. Optimise efficacement le rapport sol-microorganismes. M\u00eame par mauvais temps, il forme des agr\u00e9gats, ce qui facilite l&rsquo;oxyg\u00e9nation du sol.<\/p>\n","protected":false},"excerpt":{"rendered":"<p>Engrais organique granul\u00e9 pour tomates :<\/p>\n<ul class=\"a-unordered-list a-vertical a-spacing-mini\">\n<li><span class=\"a-list-item\">Stimule la croissance et augmente la productivit\u00e9 des cultures. Renforce la r\u00e9sistance aux maladies.<\/span><\/li>\n<li><span class=\"a-list-item\">Dose : 5 grammes de plantes. Am\u00e9liore le d\u00e9veloppement des racines des plantes et l&rsquo;absorption des nutriments.<\/span><\/li>\n<li><span class=\"a-list-item\">Engrais organique sous forme de micro-granules \u00e0 lib\u00e9ration lente et contr\u00f4l\u00e9e.<\/span><\/li>\n<li><span class=\"a-list-item\">Engrais organique \u00e9cologique avec NPK, mati\u00e8re organique et micro-\u00e9l\u00e9ments.<\/span><\/li>\n<li><span class=\"a-list-item\">100% naturel et inoffensif pour les animaux et les plantes.<\/span><\/li>\n<\/ul>\n","protected":false},"featured_media":11766,"comment_status":"open","ping_status":"closed","template":"","meta":{"_acf_changed":false},"product_brand":[],"product_cat":[314,312,357],"product_tag":[1416],"class_list":{"0":"post-17422","1":"product","2":"type-product","3":"status-publish","4":"has-post-thumbnail","6":"product_cat-engrais","7":"product_cat-engrais-solides","8":"product_cat-tomates","9":"product_tag-caae-fr","11":"first","12":"instock","13":"taxable","14":"shipping-taxable","15":"purchasable","16":"product-type-variable"},"acf":[],"_links":{"self":[{"href":"https:\/\/cultivers.es\/fr\/wp-json\/wp\/v2\/product\/17422","targetHints":{"allow":["GET"]}}],"collection":[{"href":"https:\/\/cultivers.es\/fr\/wp-json\/wp\/v2\/product"}],"about":[{"href":"https:\/\/cultivers.es\/fr\/wp-json\/wp\/v2\/types\/product"}],"replies":[{"embeddable":true,"href":"https:\/\/cultivers.es\/fr\/wp-json\/wp\/v2\/comments?post=17422"}],"wp:featuredmedia":[{"embeddable":true,"href":"https:\/\/cultivers.es\/fr\/wp-json\/wp\/v2\/media\/11766"}],"wp:attachment":[{"href":"https:\/\/cultivers.es\/fr\/wp-json\/wp\/v2\/media?parent=17422"}],"wp:term":[{"taxonomy":"product_brand","embeddable":true,"href":"https:\/\/cultivers.es\/fr\/wp-json\/wp\/v2\/product_brand?post=17422"},{"taxonomy":"product_cat","embeddable":true,"href":"https:\/\/cultivers.es\/fr\/wp-json\/wp\/v2\/product_cat?post=17422"},{"taxonomy":"product_tag","embeddable":true,"href":"https:\/\/cultivers.es\/fr\/wp-json\/wp\/v2\/product_tag?post=17422"}],"curies":[{"name":"wp","href":"https:\/\/api.w.org\/{rel}","templated":true}]}}