{"id":17440,"date":"2021-10-22T12:12:43","date_gmt":"2021-10-22T12:12:43","guid":{"rendered":"https:\/\/cultivers.es\/abonos\/engrais-organique-universel-pour-les-plantes\/"},"modified":"2025-09-22T05:08:52","modified_gmt":"2025-09-22T05:08:52","slug":"engrais-universel-ecologique","status":"publish","type":"product","link":"https:\/\/cultivers.es\/fr\/abonnements\/engrais-universel-ecologique\/","title":{"rendered":"Engrais organique universel pour les plantes"},"content":{"rendered":"<p>[et_pb_section bb_built=\u00a0\u00bb1&Prime;][et_pb_row][et_pb_column type=\u00a0\u00bb4_4&Prime;][et_pb_text]<\/p>\n<p class=\"a-spacing-base\">Abono Plantas Universal Ecol\u00f3gico. Abono orga\u0301nico de origen vegetal para aplicar al suelo para todo tipo de plantas. Contiene una alta cantidad de materia orga\u0301nica, nitro\u0301geno, potasio, a\u0301cidos hu\u0301micos y fu\u0301lvicos.<\/p>\n<p class=\"a-spacing-base\">Esta fabricado con unas caracteri\u0301sticas tecnolo\u0301gicas mejoradas, en forma perlada de fa\u0301cil aplicacio\u0301n. Se incorpora r\u00e1pidamente al suelo.<\/p>\n<p class=\"a-spacing-base\">Abono Plantas Universal Ecol\u00f3gico incorpora nitro\u0301geno y potasio, contiene <a href=\"https:\/\/cultivers.es\/fr\/abonos-ecologicos\/engrais\/acides-humiques\/\">A\u0301CIDOS HU\u0301MICOS<\/a> de gran calidad que mejoran la estructura del suelo.<\/p>\n<p class=\"a-spacing-base\">La relacio\u0301n de carbono y nitro\u0301geno facilita la extraccio\u0301n de minerales por las rai\u0301ces, y mejora la poblacio\u0301n de microorganismos bene\u0301ficos del suelo, formando agregados y facilitando la oxigenacio\u0301n de los suelos.<\/p>\n<p class=\"a-spacing-base\">No se lixivia en caso de fuertes lluvias. Es un producto estable que optimiza la relacio\u0301n suelo-microorganismos de forma eficiente. Incluso con inclemencias clima\u0301ticas, forma agregados, facilitando la oxigenacio\u0301n de los suelo<\/p>\n<p>[\/et_pb_text][\/et_pb_column][\/et_pb_row][\/et_pb_section]<\/p>\n","protected":false},"excerpt":{"rendered":"<ul class=\"a-unordered-list a-vertical a-spacing-mini\">\n<li><span class=\"a-list-item\">Engrais organique pour tous types de plantes d&rsquo;int\u00e9rieur et d&rsquo;ext\u00e9rieur<\/span><\/li>\n<li><span class=\"a-list-item\">Engrais pour tous types de plantes d&rsquo;origine v\u00e9g\u00e9tale d\u00e9velopp\u00e9 pour apporter une nutrition compl\u00e8te aux plantes.<\/span><\/li>\n<li><span class=\"a-list-item\">Stimulateur de croissance et de floraison pour les plantes<\/span><\/li>\n<li><span class=\"a-list-item\">Engrais facilement absorb\u00e9 et structure du sol ou du terreau am\u00e9lior\u00e9e, favorisant la r\u00e9tention des liquides et l&rsquo;\u00e9conomie d&rsquo;eau.<\/span><\/li>\n<li><span class=\"a-list-item\">Ne d\u00e9gage pas d&rsquo;odeur<\/span><\/li>\n<\/ul>\n","protected":false},"featured_media":11718,"comment_status":"open","ping_status":"closed","template":"","meta":{"_acf_changed":false},"product_brand":[],"product_cat":[314,312],"product_tag":[1416],"class_list":{"0":"post-17440","1":"product","2":"type-product","3":"status-publish","4":"has-post-thumbnail","6":"product_cat-engrais","7":"product_cat-engrais-solides","8":"product_tag-caae-fr","10":"first","11":"instock","12":"taxable","13":"shipping-taxable","14":"purchasable","15":"product-type-variable"},"acf":[],"_links":{"self":[{"href":"https:\/\/cultivers.es\/fr\/wp-json\/wp\/v2\/product\/17440","targetHints":{"allow":["GET"]}}],"collection":[{"href":"https:\/\/cultivers.es\/fr\/wp-json\/wp\/v2\/product"}],"about":[{"href":"https:\/\/cultivers.es\/fr\/wp-json\/wp\/v2\/types\/product"}],"replies":[{"embeddable":true,"href":"https:\/\/cultivers.es\/fr\/wp-json\/wp\/v2\/comments?post=17440"}],"wp:featuredmedia":[{"embeddable":true,"href":"https:\/\/cultivers.es\/fr\/wp-json\/wp\/v2\/media\/11718"}],"wp:attachment":[{"href":"https:\/\/cultivers.es\/fr\/wp-json\/wp\/v2\/media?parent=17440"}],"wp:term":[{"taxonomy":"product_brand","embeddable":true,"href":"https:\/\/cultivers.es\/fr\/wp-json\/wp\/v2\/product_brand?post=17440"},{"taxonomy":"product_cat","embeddable":true,"href":"https:\/\/cultivers.es\/fr\/wp-json\/wp\/v2\/product_cat?post=17440"},{"taxonomy":"product_tag","embeddable":true,"href":"https:\/\/cultivers.es\/fr\/wp-json\/wp\/v2\/product_tag?post=17440"}],"curies":[{"name":"wp","href":"https:\/\/api.w.org\/{rel}","templated":true}]}}