{"id":17531,"date":"2021-10-22T12:12:46","date_gmt":"2021-10-22T12:12:46","guid":{"rendered":"https:\/\/cultivers.es\/abonos\/engrais-liquide-biologique-pour-bonsais\/"},"modified":"2025-09-22T04:53:14","modified_gmt":"2025-09-22T04:53:14","slug":"engrais-bonsai-ecologique-liquide","status":"publish","type":"product","link":"https:\/\/cultivers.es\/fr\/abonnements\/engrais-bonsai-ecologique-liquide\/","title":{"rendered":"Engrais liquide biologique pour bonsa\u00efs"},"content":{"rendered":"<p>Ecological Liquid Bonsai Fertilizer est un engrais liquide \u00e0 r\u00e9action rapide. Formul\u00e9 avec une quantit\u00e9 exacte de macro et micro nutriments qui assurent un d\u00e9veloppement contr\u00f4l\u00e9 de la plante.<\/p>\n<p>Contient du fer ch\u00e9lat\u00e9 pour renforcer la verdeur de la masse foliaire. Fournit du cuivre (CU) pour am\u00e9liorer la cicatrisation des blessures caus\u00e9es par la taille.<\/p>\n","protected":false},"excerpt":{"rendered":"<ul class=\"a-unordered-list a-vertical a-spacing-mini\">\n<li><span class=\"a-list-item\">Engrais organique liquide sp\u00e9cial pour les bonsa\u00efs. Favorise le d\u00e9veloppement des plantes et une croissance contr\u00f4l\u00e9e.<\/span><\/li>\n<li><span class=\"a-list-item\">\u00c9quilibre optimal des nutriments essentiels pour le d\u00e9veloppement v\u00e9g\u00e9tatif.<\/span><\/li>\n<li><span class=\"a-list-item\">Solution NPK 3-1-7. Apport combin\u00e9 de macronutriments (azote, phosphore et potassium) et de micronutriments (bore, calcium, fer, mangan\u00e8se, molybd\u00e8ne et zinc) pour une alimentation plus compl\u00e8te et \u00e9quilibr\u00e9e. Les acides amin\u00e9s favorisent l&rsquo;assimilation des \u00e9l\u00e9ments et lui conf\u00e8rent une action biostimulante.<\/span><\/li>\n<li><span class=\"a-list-item\">Facilite le d\u00e9veloppement de la plante dans des situations de stress, permettant une meilleure r\u00e9cup\u00e9ration.<\/span><\/li>\n<li><span class=\"a-list-item\">Produit 100% naturel et inoffensif pour les animaux, respectueux de l&rsquo;environnement.<\/span><\/li>\n<\/ul>\n","protected":false},"featured_media":27227,"comment_status":"open","ping_status":"closed","template":"","meta":{"_acf_changed":false},"product_brand":[],"product_cat":[317,314,378],"product_tag":[1416],"class_list":{"0":"post-17531","1":"product","2":"type-product","3":"status-publish","4":"has-post-thumbnail","6":"product_cat-bonsai-fr","7":"product_cat-engrais","8":"product_cat-engrais-liquides","9":"product_tag-caae-fr","11":"first","12":"instock","13":"taxable","14":"shipping-taxable","15":"purchasable","16":"product-type-variable"},"acf":[],"_links":{"self":[{"href":"https:\/\/cultivers.es\/fr\/wp-json\/wp\/v2\/product\/17531","targetHints":{"allow":["GET"]}}],"collection":[{"href":"https:\/\/cultivers.es\/fr\/wp-json\/wp\/v2\/product"}],"about":[{"href":"https:\/\/cultivers.es\/fr\/wp-json\/wp\/v2\/types\/product"}],"replies":[{"embeddable":true,"href":"https:\/\/cultivers.es\/fr\/wp-json\/wp\/v2\/comments?post=17531"}],"wp:featuredmedia":[{"embeddable":true,"href":"https:\/\/cultivers.es\/fr\/wp-json\/wp\/v2\/media\/27227"}],"wp:attachment":[{"href":"https:\/\/cultivers.es\/fr\/wp-json\/wp\/v2\/media?parent=17531"}],"wp:term":[{"taxonomy":"product_brand","embeddable":true,"href":"https:\/\/cultivers.es\/fr\/wp-json\/wp\/v2\/product_brand?post=17531"},{"taxonomy":"product_cat","embeddable":true,"href":"https:\/\/cultivers.es\/fr\/wp-json\/wp\/v2\/product_cat?post=17531"},{"taxonomy":"product_tag","embeddable":true,"href":"https:\/\/cultivers.es\/fr\/wp-json\/wp\/v2\/product_tag?post=17531"}],"curies":[{"name":"wp","href":"https:\/\/api.w.org\/{rel}","templated":true}]}}