{"id":17549,"date":"2021-10-22T12:12:47","date_gmt":"2021-10-22T12:12:47","guid":{"rendered":"https:\/\/cultivers.es\/abonos\/force-sol\/"},"modified":"2025-09-22T04:57:21","modified_gmt":"2025-09-22T04:57:21","slug":"force-sol","status":"publish","type":"product","link":"https:\/\/cultivers.es\/fr\/abonnements\/force-sol\/","title":{"rendered":"Force Sol"},"content":{"rendered":"<div class=\"page\" title=\"Page 1\">\n<div class=\"section\">\n<div class=\"layoutArea\">\n<div class=\"column\">\n<p>Les plantes synth\u00e9tisent des acides amin\u00e9s \u00e0 partir de l&rsquo;azote absorb\u00e9 sous forme de nitrate ou d&rsquo;ammonium. Outre leur fonction structurelle, ils sont indispensables aux processus biochimiques de la plante, entrant dans la composition d&rsquo;enzymes, d&rsquo;hormones et de divers compos\u00e9s impliqu\u00e9s dans la d\u00e9fense et l&rsquo;immunit\u00e9.<\/p>\n<p>FORCE-SOIL est une formulation liquide d&rsquo;origine naturelle \u00e0 forte concentration d&rsquo;acides amin\u00e9s organiques obtenus par hydrolyse enzymatique, compl\u00e9t\u00e9e par de la mati\u00e8re organique.<br \/>\nIl a une concentration de 42% de mati\u00e8re organique d&rsquo;origine v\u00e9g\u00e9tale, avec une concentration de glycine\/b\u00e9ta\u00efne de 10%, ce qui am\u00e9liore les propri\u00e9t\u00e9s osmor\u00e9gulatrices de la plante ainsi que la r\u00e9duction des \u00e9pisodes de stress caus\u00e9s par des agents externes (biotiques et abiotiques). Il favorise des r\u00e9coltes abondantes en am\u00e9liorant la capacit\u00e9 de r\u00e9tention de l&rsquo;eau et des nutriments.<\/p>\n<p>Il peut \u00eatre appliqu\u00e9 pendant tout le cycle v\u00e9g\u00e9tatif de la culture afin d&rsquo;am\u00e9liorer les propri\u00e9t\u00e9s physico-chimiques du sol, d&rsquo;optimiser la capacit\u00e9 d&rsquo;\u00e9change cationique et de favoriser un meilleur d\u00e9veloppement des racines.<\/p>\n<p>Son application constante am\u00e9liore la fertilit\u00e9 du sol tout en r\u00e9duisant la pr\u00e9sence d&rsquo;\u00e9l\u00e9ments bloquants. Cela facilite leur assimilation par la plante et \u00e9vite d&rsquo;\u00e9ventuels antagonismes.<\/p>\n<\/div>\n<\/div>\n<\/div>\n<\/div>\n","protected":false},"excerpt":{"rendered":"<ul class=\"a-unordered-list a-vertical a-spacing-mini\">\n<li><span class=\"a-list-item\">Forte concentration de 50 % de mati\u00e8re organique d&rsquo;origine v\u00e9g\u00e9tale pour am\u00e9liorer les propri\u00e9t\u00e9s du sol.<\/span><\/li>\n<li><span class=\"a-list-item\">FORCE-SOIL favorise l&rsquo;activit\u00e9 microbienne dans le sol en facilitant la disponibilit\u00e9 des nutriments.<\/span><\/li>\n<li><span class=\"a-list-item\">augmente la fertilit\u00e9 des sols, am\u00e9liore l&rsquo;\u00e9tat des sols, renforce les interactions entre le sol et les plantes<\/span><\/li>\n<li><span class=\"a-list-item\">FORCE SOIL peut \u00eatre appliqu\u00e9 tout au long de la saison de croissance pour am\u00e9liorer les propri\u00e9t\u00e9s physico-chimiques du sol,<\/span><\/li>\n<li><span class=\"a-list-item\">Gr\u00e2ce \u00e0 sa formulation \u00e9quilibr\u00e9e et \u00e0 son caract\u00e8re l\u00e9g\u00e8rement acide, il est id\u00e9al pour les sols alcalins.<\/span><\/li>\n<\/ul>\n","protected":false},"featured_media":11538,"comment_status":"open","ping_status":"closed","template":"","meta":{"_acf_changed":false},"product_brand":[],"product_cat":[388],"product_tag":[],"woo-feed-brand":[],"class_list":{"0":"post-17549","1":"product","2":"type-product","3":"status-publish","4":"has-post-thumbnail","6":"product_cat-regenerateurs-de-sol","8":"first","9":"instock","10":"taxable","11":"shipping-taxable","12":"purchasable","13":"product-type-variable"},"acf":[],"_links":{"self":[{"href":"https:\/\/cultivers.es\/fr\/wp-json\/wp\/v2\/product\/17549","targetHints":{"allow":["GET"]}}],"collection":[{"href":"https:\/\/cultivers.es\/fr\/wp-json\/wp\/v2\/product"}],"about":[{"href":"https:\/\/cultivers.es\/fr\/wp-json\/wp\/v2\/types\/product"}],"replies":[{"embeddable":true,"href":"https:\/\/cultivers.es\/fr\/wp-json\/wp\/v2\/comments?post=17549"}],"wp:featuredmedia":[{"embeddable":true,"href":"https:\/\/cultivers.es\/fr\/wp-json\/wp\/v2\/media\/11538"}],"wp:attachment":[{"href":"https:\/\/cultivers.es\/fr\/wp-json\/wp\/v2\/media?parent=17549"}],"wp:term":[{"taxonomy":"product_brand","embeddable":true,"href":"https:\/\/cultivers.es\/fr\/wp-json\/wp\/v2\/product_brand?post=17549"},{"taxonomy":"product_cat","embeddable":true,"href":"https:\/\/cultivers.es\/fr\/wp-json\/wp\/v2\/product_cat?post=17549"},{"taxonomy":"product_tag","embeddable":true,"href":"https:\/\/cultivers.es\/fr\/wp-json\/wp\/v2\/product_tag?post=17549"},{"taxonomy":"woo-feed-brand","embeddable":true,"href":"https:\/\/cultivers.es\/fr\/wp-json\/wp\/v2\/woo-feed-brand?post=17549"}],"curies":[{"name":"wp","href":"https:\/\/api.w.org\/{rel}","templated":true}]}}