{"id":17553,"date":"2021-10-22T12:12:46","date_gmt":"2021-10-22T12:12:46","guid":{"rendered":"https:\/\/cultivers.es\/abonos\/engrais-liquide-organique-pour-les-tropiques\/"},"modified":"2025-09-22T05:01:04","modified_gmt":"2025-09-22T05:01:04","slug":"engrais-tropique-ecologique-liquide","status":"publish","type":"product","link":"https:\/\/cultivers.es\/fr\/abonnements\/engrais-tropique-ecologique-liquide\/","title":{"rendered":"Engrais liquide organique pour les tropiques"},"content":{"rendered":"<p>Engrais liquide organique pour <a href=\"https:\/\/cultivers.es\/fr\/abonos-ecologicos\/cultures\/tropical-fr\/\">les plantes tropicales<\/a>. L&rsquo;engrais organique tropical est un compos\u00e9 organique liquide d&rsquo;action imm\u00e9diate, d\u00e9velopp\u00e9 pour l&rsquo;apport continu de nutriments. Sa formule contient du fer, du zinc et du mangan\u00e8se ch\u00e9lat\u00e9s par EDTA pour augmenter la nouaison et la production de fruits. Sa teneur en potassium am\u00e9liore l&rsquo;engraissement et le rendement correct des fruits.<\/p>\n","protected":false},"excerpt":{"rendered":"<ul class=\"a-unordered-list a-vertical a-spacing-mini\">\n<li><span class=\"a-list-item\">Engrais liquide organique sp\u00e9cial pour les cultures tropicales d&rsquo;avocats, de mangues, de litchis, de pitahayas, de papayes et de goyaves.<\/span><\/li>\n<li><span class=\"a-list-item\">\u00c9quilibre optimal des nutriments essentiels pour la croissance v\u00e9g\u00e9tative et la fructification<\/span><\/li>\n<li><span class=\"a-list-item\">Solution npk 3-1-7 ; apport combin\u00e9 de macronutriments (azote, phosphore et potassium) et de micronutriments (bore, calcium, fer, magn\u00e9sium, molybd\u00e8ne et zinc) pour une nutrition plus compl\u00e8te et \u00e9quilibr\u00e9e ; les acides amin\u00e9s favorisent l&rsquo;assimilation des \u00e9l\u00e9ments et exercent une action biostimulante.<\/span><\/li>\n<li><span class=\"a-list-item\">Facilite le d\u00e9veloppement des plantes dans les situations de stress, ce qui permet une meilleure r\u00e9cup\u00e9ration des plantes.<\/span><\/li>\n<li><span class=\"a-list-item\">Produit 100% naturel et sans danger pour les animaux, respectueux de l&rsquo;environnement.<\/span><\/li>\n<\/ul>\n","protected":false},"featured_media":27258,"comment_status":"open","ping_status":"closed","template":"","meta":{"_acf_changed":false},"product_brand":[],"product_cat":[314,378],"product_tag":[1416],"woo-feed-brand":[],"class_list":{"0":"post-17553","1":"product","2":"type-product","3":"status-publish","4":"has-post-thumbnail","6":"product_cat-engrais","7":"product_cat-engrais-liquides","8":"product_tag-caae-fr","10":"first","11":"instock","12":"taxable","13":"shipping-taxable","14":"purchasable","15":"product-type-variable"},"acf":[],"_links":{"self":[{"href":"https:\/\/cultivers.es\/fr\/wp-json\/wp\/v2\/product\/17553","targetHints":{"allow":["GET"]}}],"collection":[{"href":"https:\/\/cultivers.es\/fr\/wp-json\/wp\/v2\/product"}],"about":[{"href":"https:\/\/cultivers.es\/fr\/wp-json\/wp\/v2\/types\/product"}],"replies":[{"embeddable":true,"href":"https:\/\/cultivers.es\/fr\/wp-json\/wp\/v2\/comments?post=17553"}],"wp:featuredmedia":[{"embeddable":true,"href":"https:\/\/cultivers.es\/fr\/wp-json\/wp\/v2\/media\/27258"}],"wp:attachment":[{"href":"https:\/\/cultivers.es\/fr\/wp-json\/wp\/v2\/media?parent=17553"}],"wp:term":[{"taxonomy":"product_brand","embeddable":true,"href":"https:\/\/cultivers.es\/fr\/wp-json\/wp\/v2\/product_brand?post=17553"},{"taxonomy":"product_cat","embeddable":true,"href":"https:\/\/cultivers.es\/fr\/wp-json\/wp\/v2\/product_cat?post=17553"},{"taxonomy":"product_tag","embeddable":true,"href":"https:\/\/cultivers.es\/fr\/wp-json\/wp\/v2\/product_tag?post=17553"},{"taxonomy":"woo-feed-brand","embeddable":true,"href":"https:\/\/cultivers.es\/fr\/wp-json\/wp\/v2\/woo-feed-brand?post=17553"}],"curies":[{"name":"wp","href":"https:\/\/api.w.org\/{rel}","templated":true}]}}