{"id":17596,"date":"2021-10-22T12:12:46","date_gmt":"2021-10-22T12:12:46","guid":{"rendered":"https:\/\/cultivers.es\/abonos\/engrais-liquide-ecologique-pour-gazon\/"},"modified":"2025-09-22T04:53:28","modified_gmt":"2025-09-22T04:53:28","slug":"engrais-liquide-ecologique-pour-gazon","status":"publish","type":"product","link":"https:\/\/cultivers.es\/fr\/abonnements\/engrais-liquide-ecologique-pour-gazon\/","title":{"rendered":"Engrais liquide \u00e9cologique pour gazon"},"content":{"rendered":"<p>Organic Liquid Lawn Fertiliser est un engrais organique liquide con\u00e7u pour fournir des nutriments tout au long de l&rsquo;ann\u00e9e. En hiver comme en \u00e9t\u00e9. Il contient du <a href=\"https:\/\/cultivers.es\/fr\/abonos\/chelate-de-fer\/\">ch\u00e9late de fer<\/a> pour maintenir le vert intense et des acides amin\u00e9s qui favorisent la croissance de l&rsquo;herbe, malgr\u00e9 les conditions climatiques d\u00e9favorables, la chaleur ou le froid. C&rsquo;est un engrais parfait \u00e0 utiliser \u00e0 tout moment de l&rsquo;ann\u00e9e dans nos jardins.<\/p>\n","protected":false},"excerpt":{"rendered":"<ul class=\"a-unordered-list a-vertical a-spacing-mini\">\n<li><span class=\"a-list-item\">Engrais liquide organique sp\u00e9cial pour pelouses Des pelouses plus vertes, plus r\u00e9sistantes et plus denses. Ne provoque pas de br\u00fblures.<\/span><\/li>\n<li><span class=\"a-list-item\">\u00c9quilibre optimal des nutriments essentiels pour le d\u00e9veloppement v\u00e9g\u00e9tatif.<\/span><\/li>\n<li><span class=\"a-list-item\">Solution NPK 4-1-7. Apport combin\u00e9 de macronutriments (azote, phosphore et potassium) et de micronutriments (bore, calcium, fer, magn\u00e9sium, molybd\u00e8ne et zinc) pour une alimentation plus compl\u00e8te et \u00e9quilibr\u00e9e. Les acides amin\u00e9s favorisent l&rsquo;assimilation des \u00e9l\u00e9ments et leur conf\u00e8rent une action biostimulante.<\/span><\/li>\n<li><span class=\"a-list-item\">Facilite le d\u00e9veloppement de la plante dans des situations de stress, permettant une meilleure r\u00e9cup\u00e9ration.<\/span><\/li>\n<li><span class=\"a-list-item\">Produit 100% naturel et inoffensif pour les animaux, respectueux de l&rsquo;environnement.<\/span><\/li>\n<\/ul>\n","protected":false},"featured_media":27197,"comment_status":"open","ping_status":"closed","template":"","meta":{"_acf_changed":false},"product_brand":[],"product_cat":[314,378,315],"product_tag":[1416],"class_list":{"0":"post-17596","1":"product","2":"type-product","3":"status-publish","4":"has-post-thumbnail","6":"product_cat-engrais","7":"product_cat-engrais-liquides","8":"product_cat-pelouse","9":"product_tag-caae-fr","11":"first","12":"instock","13":"taxable","14":"shipping-taxable","15":"purchasable","16":"product-type-variable"},"acf":[],"_links":{"self":[{"href":"https:\/\/cultivers.es\/fr\/wp-json\/wp\/v2\/product\/17596","targetHints":{"allow":["GET"]}}],"collection":[{"href":"https:\/\/cultivers.es\/fr\/wp-json\/wp\/v2\/product"}],"about":[{"href":"https:\/\/cultivers.es\/fr\/wp-json\/wp\/v2\/types\/product"}],"replies":[{"embeddable":true,"href":"https:\/\/cultivers.es\/fr\/wp-json\/wp\/v2\/comments?post=17596"}],"wp:featuredmedia":[{"embeddable":true,"href":"https:\/\/cultivers.es\/fr\/wp-json\/wp\/v2\/media\/27197"}],"wp:attachment":[{"href":"https:\/\/cultivers.es\/fr\/wp-json\/wp\/v2\/media?parent=17596"}],"wp:term":[{"taxonomy":"product_brand","embeddable":true,"href":"https:\/\/cultivers.es\/fr\/wp-json\/wp\/v2\/product_brand?post=17596"},{"taxonomy":"product_cat","embeddable":true,"href":"https:\/\/cultivers.es\/fr\/wp-json\/wp\/v2\/product_cat?post=17596"},{"taxonomy":"product_tag","embeddable":true,"href":"https:\/\/cultivers.es\/fr\/wp-json\/wp\/v2\/product_tag?post=17596"}],"curies":[{"name":"wp","href":"https:\/\/api.w.org\/{rel}","templated":true}]}}