{"id":17641,"date":"2023-09-06T11:06:57","date_gmt":"2023-09-06T11:06:57","guid":{"rendered":"https:\/\/cultivers.es\/abonos\/graines-de-navet-bio\/"},"modified":"2025-09-22T05:08:09","modified_gmt":"2025-09-22T05:08:09","slug":"navet-gandra-semences-ecologiques","status":"publish","type":"product","link":"https:\/\/cultivers.es\/fr\/abonnements\/navet-gandra-semences-ecologiques\/","title":{"rendered":"Graines de navet"},"content":{"rendered":"","protected":false},"excerpt":{"rendered":"<div class=\"\">\n<article class=\"w-full scroll-mb-[var(--thread-trailing-height,150px)] text-token-text-primary focus-visible:outline-2 focus-visible:outline-offset-[-4px]\" dir=\"auto\" data-testid=\"conversation-turn-621\" data-scroll-anchor=\"true\">\n<div class=\"group\/conversation-turn relative flex w-full min-w-0 flex-col agent-turn\">\n<div class=\"flex-col gap-1 md:gap-3\">\n<div class=\"flex max-w-full flex-col flex-grow\">\n<div class=\"min-h-8 text-message flex w-full flex-col items-end gap-2 whitespace-normal break-words text-start [.text-message+&amp;]:mt-5\" dir=\"auto\" data-message-author-role=\"assistant\" data-message-id=\"9eb16f9b-6d94-4350-b70d-47ee6fd1aab0\" data-message-model-slug=\"gpt-4o\">\n<div class=\"flex w-full flex-col gap-1 empty:hidden first:pt-[3px]\">\n<div class=\"markdown prose w-full break-words dark:prose-invert light\">\n<p><strong>Navet Gandra<\/strong> (<em>Brassica rapa var. rapa <\/em>) est une vari\u00e9t\u00e9 traditionnelle tr\u00e8s appr\u00e9ci\u00e9e en gastronomie pour son <strong>go\u00fbt doux et l\u00e9g\u00e8rement sucr\u00e9<\/strong> et sa polyvalence en cuisine. Il produit des <strong>racines rondes<\/strong> et tendres, id\u00e9ales pour \u00eatre consomm\u00e9es cuites, dans des rago\u00fbts, des pur\u00e9es ou des r\u00f4tis, ainsi que des feuilles comestibles, parfaites pour les soupes et les saut\u00e9s. Ce navet est rustique et facile \u00e0 cultiver, ce qui en fait un excellent choix pour tout <strong>potager<\/strong>.  <\/p>\n<p><strong>Des racines tendres et savoureuses :<\/strong> Le navet Gandra se distingue par sa texture douce et son go\u00fbt \u00e9quilibr\u00e9, parfait pour de nombreuses pr\u00e9parations culinaires.<\/p>\n<p><strong>Feuilles comestibles et nutritives :<\/strong> Les feuilles de cette vari\u00e9t\u00e9 sont \u00e9galement d\u00e9licieuses, riches en nutriments et parfaites pour \u00eatre incorpor\u00e9es dans les soupes, les bouillons ou comme garniture.<\/p>\n<p><strong>Croissance rapide :<\/strong> Avec un cycle de croissance court, cette vari\u00e9t\u00e9 permet des r\u00e9coltes rapides et continues, id\u00e9ales pour garder le jardin actif tout au long de l&rsquo;ann\u00e9e.<\/p>\n<p><strong>Riche en nutriments :<\/strong> Source naturelle de vitamines A, C, K et de min\u00e9raux tels que le calcium et le fer, contribuant \u00e0 une alimentation saine et \u00e9quilibr\u00e9e.<\/p>\n<p><strong>Facile \u00e0 cultiver :<\/strong> s&rsquo;adapte bien \u00e0 diff\u00e9rents types de sols et de climats, est rustique et convient aux jardiniers d\u00e9butants et exp\u00e9riment\u00e9s.<\/p>\n<p><strong>Culture biologique :<\/strong> Nos semences sont <strong>100 % biologiques<\/strong>, sans pesticides ni engrais chimiques, ce qui favorise une culture durable et respectueuse de l&rsquo;environnement.<\/p>\n<p>Cultivez le <strong>navet bio Gandra<\/strong> dans votre <strong>jardin<\/strong> et profitez d&rsquo;une vari\u00e9t\u00e9 traditionnelle qui allie saveur, polyvalence et facilit\u00e9 de culture. Commandez d\u00e8s aujourd&rsquo;hui et r\u00e9coltez des navets frais et sains dans votre espace vert ! <\/p>\n<\/div>\n<\/div>\n<\/div>\n<\/div>\n<div class=\"mb-2 flex gap-3 empty:hidden -ml-2\">\n<div class=\"items-center justify-start rounded-xl p-1 flex\"><\/div>\n<\/div>\n<\/div>\n<\/div>\n<\/article>\n<\/div>\n<div>\n<div class=\"_footer_1nw4i_363\">\n<div class=\"z-10 flex flex-col gap-bar\" data-testid=\"bar-container-default\">\n<div class=\"grid gap-bar _primary_sbmq2_45 bottom-[var(--screen-keyboard-bottom,env(keyboard-inset-bottom,0px))]\" data-testid=\"bar-composer-bar\"><\/div>\n<\/div>\n<\/div>\n<\/div>\n","protected":false},"featured_media":17059,"comment_status":"open","ping_status":"closed","template":"","meta":{"_acf_changed":false},"product_brand":[],"product_cat":[426,424],"product_tag":[],"woo-feed-brand":[],"class_list":{"0":"post-17641","1":"product","2":"type-product","3":"status-publish","4":"has-post-thumbnail","6":"product_cat-graines-de-racines-biologiques","7":"product_cat-semences-biologiques","9":"first","10":"outofstock","11":"taxable","12":"shipping-taxable","13":"purchasable","14":"product-type-simple"},"acf":[],"_links":{"self":[{"href":"https:\/\/cultivers.es\/fr\/wp-json\/wp\/v2\/product\/17641","targetHints":{"allow":["GET"]}}],"collection":[{"href":"https:\/\/cultivers.es\/fr\/wp-json\/wp\/v2\/product"}],"about":[{"href":"https:\/\/cultivers.es\/fr\/wp-json\/wp\/v2\/types\/product"}],"replies":[{"embeddable":true,"href":"https:\/\/cultivers.es\/fr\/wp-json\/wp\/v2\/comments?post=17641"}],"wp:featuredmedia":[{"embeddable":true,"href":"https:\/\/cultivers.es\/fr\/wp-json\/wp\/v2\/media\/17059"}],"wp:attachment":[{"href":"https:\/\/cultivers.es\/fr\/wp-json\/wp\/v2\/media?parent=17641"}],"wp:term":[{"taxonomy":"product_brand","embeddable":true,"href":"https:\/\/cultivers.es\/fr\/wp-json\/wp\/v2\/product_brand?post=17641"},{"taxonomy":"product_cat","embeddable":true,"href":"https:\/\/cultivers.es\/fr\/wp-json\/wp\/v2\/product_cat?post=17641"},{"taxonomy":"product_tag","embeddable":true,"href":"https:\/\/cultivers.es\/fr\/wp-json\/wp\/v2\/product_tag?post=17641"},{"taxonomy":"woo-feed-brand","embeddable":true,"href":"https:\/\/cultivers.es\/fr\/wp-json\/wp\/v2\/woo-feed-brand?post=17641"}],"curies":[{"name":"wp","href":"https:\/\/api.w.org\/{rel}","templated":true}]}}