{"id":17644,"date":"2023-09-18T09:02:29","date_gmt":"2023-09-18T09:02:29","guid":{"rendered":"https:\/\/cultivers.es\/abonos\/corno-di-toro-rosso-bio-graines\/"},"modified":"2025-09-22T05:08:15","modified_gmt":"2025-09-22T05:08:15","slug":"semences-de-corn-di-toro-rosso-ecologique-ecologique","status":"publish","type":"product","link":"https:\/\/cultivers.es\/fr\/abonnements\/semences-de-corn-di-toro-rosso-ecologique-ecologique\/","title":{"rendered":"Graines de poivron rouge Corno di Toro"},"content":{"rendered":"","protected":false},"excerpt":{"rendered":"<p>Le <strong>poivron rouge Corno di Toro<\/strong><em>(Capsicum annuum<\/em>), connu sous le nom de \u00ab\u00a0corne de taureau\u00a0\u00bb en raison de sa forme allong\u00e9e et incurv\u00e9e, est une vari\u00e9t\u00e9 italienne traditionnelle appr\u00e9ci\u00e9e pour son <strong>go\u00fbt sucr\u00e9<\/strong> et sa texture charnue. D&rsquo;une couleur rouge vif \u00e0 maturit\u00e9, ce poivron est id\u00e9al pour \u00eatre consomm\u00e9 frais en salade, r\u00f4ti, farci ou en rago\u00fbt. C&rsquo;est une plante productive et rustique, parfaite pour le <strong>jardin<\/strong> et pour profiter de poivrons d&rsquo;une qualit\u00e9 exceptionnelle.  <\/p>\n<p><strong>Forme allong\u00e9e attrayante :<\/strong> produit de gros fruits jusqu&rsquo;\u00e0 20 cm, avec une forme allong\u00e9e et courb\u00e9e rappelant une corne de taureau, id\u00e9ale pour un usage culinaire et d\u00e9coratif dans le verger.<\/p>\n<p><strong>Saveur douce et sucr\u00e9e :<\/strong> sa pulpe charnue et juteuse a une saveur douce et \u00e9quilibr\u00e9e, parfaite pour les recettes fra\u00eeches ou cuisin\u00e9es.<\/p>\n<p><strong>Productivit\u00e9 \u00e9lev\u00e9e :<\/strong> Cette vari\u00e9t\u00e9 offre des r\u00e9coltes abondantes tout au long de la saison, assurant une production continue de fruits de qualit\u00e9.<\/p>\n<p><strong>Utilisation polyvalente dans la cuisine :<\/strong> id\u00e9al pour griller, farcir, sauter ou manger en salade, pour ajouter de la couleur et de la saveur \u00e0 n&rsquo;importe quel plat.<\/p>\n<p><strong>Riche en nutriments :<\/strong> Source naturelle de vitamine C, d&rsquo;antioxydants et de min\u00e9raux essentiels, le poivron est un aliment sain et nutritif.<\/p>\n<p><strong>Facile \u00e0 cultiver :<\/strong> S&rsquo;adaptant \u00e0 diff\u00e9rents climats et sols, cette plante est rustique et facile \u00e0 entretenir, convenant aux jardiniers de tous niveaux.<\/p>\n<p><strong>Culture biologique :<\/strong> Nos semences sont <strong>100 % biologiques<\/strong>, sans pesticides ni engrais chimiques, ce qui favorise une culture durable et respectueuse de l&rsquo;environnement.<\/p>\n<p>Cultivez le <strong>poivron rouge biologique Corno di Toro<\/strong> dans votre <strong>jardin<\/strong> et profitez d&rsquo;une vari\u00e9t\u00e9 traditionnelle qui allie saveur, productivit\u00e9 et beaut\u00e9. Commandez d\u00e8s aujourd&rsquo;hui et remplissez votre cuisine d&rsquo;une authentique saveur italienne ! <\/p>\n","protected":false},"featured_media":45424,"comment_status":"open","ping_status":"closed","template":"","meta":{"_acf_changed":false},"product_brand":[],"product_cat":[424,430],"product_tag":[1579],"class_list":{"0":"post-17644","1":"product","2":"type-product","3":"status-publish","4":"has-post-thumbnail","6":"product_cat-semences-biologiques","7":"product_cat-semences-de-fruits-et-legumes-biologiques","8":"product_tag-eco","10":"first","11":"instock","12":"sale","13":"taxable","14":"shipping-taxable","15":"purchasable","16":"product-type-simple"},"acf":[],"_links":{"self":[{"href":"https:\/\/cultivers.es\/fr\/wp-json\/wp\/v2\/product\/17644","targetHints":{"allow":["GET"]}}],"collection":[{"href":"https:\/\/cultivers.es\/fr\/wp-json\/wp\/v2\/product"}],"about":[{"href":"https:\/\/cultivers.es\/fr\/wp-json\/wp\/v2\/types\/product"}],"replies":[{"embeddable":true,"href":"https:\/\/cultivers.es\/fr\/wp-json\/wp\/v2\/comments?post=17644"}],"wp:featuredmedia":[{"embeddable":true,"href":"https:\/\/cultivers.es\/fr\/wp-json\/wp\/v2\/media\/45424"}],"wp:attachment":[{"href":"https:\/\/cultivers.es\/fr\/wp-json\/wp\/v2\/media?parent=17644"}],"wp:term":[{"taxonomy":"product_brand","embeddable":true,"href":"https:\/\/cultivers.es\/fr\/wp-json\/wp\/v2\/product_brand?post=17644"},{"taxonomy":"product_cat","embeddable":true,"href":"https:\/\/cultivers.es\/fr\/wp-json\/wp\/v2\/product_cat?post=17644"},{"taxonomy":"product_tag","embeddable":true,"href":"https:\/\/cultivers.es\/fr\/wp-json\/wp\/v2\/product_tag?post=17644"}],"curies":[{"name":"wp","href":"https:\/\/api.w.org\/{rel}","templated":true}]}}