{"id":17645,"date":"2023-09-18T09:02:29","date_gmt":"2023-09-18T09:02:29","guid":{"rendered":"https:\/\/cultivers.es\/abonos\/navet-grelos-senhora-conceicao-organic-turnip-grelos-seeds\/"},"modified":"2025-09-22T05:11:45","modified_gmt":"2025-09-22T05:11:45","slug":"graines-de-navette-senora-conceica-ecologique","status":"publish","type":"product","link":"https:\/\/cultivers.es\/fr\/abonnements\/graines-de-navette-senora-conceica-ecologique\/","title":{"rendered":"Senhora Concei\u00e7\u00e3o Navet Vert Graines"},"content":{"rendered":"","protected":false},"excerpt":{"rendered":"<p>Le <strong>navet Senhora Concei\u00e7\u00e3o<\/strong><em>(Brassica rapa<\/em>) est une vari\u00e9t\u00e9 traditionnelle portugaise connue pour ses <strong>racines tendres et savoureuses<\/strong> et ses <strong>feuilles de navet fra\u00eeches et nutritives<\/strong>, id\u00e9ales pour les soupes, les rago\u00fbts et les saut\u00e9s. Ce navet se distingue par sa croissance rapide et sa capacit\u00e9 \u00e0 produire d&rsquo;abondantes pousses tendres, ce qui en fait un excellent choix pour le potager. Son go\u00fbt doux et l\u00e9g\u00e8rement sucr\u00e9 lui permet d&rsquo;enrichir les plats traditionnels et modernes.  <\/p>\n<p><strong>Racines tendres et d\u00e9licates :<\/strong> produit des navets \u00e0 la texture douce et \u00e0 la saveur \u00e9quilibr\u00e9e, parfaits pour une grande vari\u00e9t\u00e9 de recettes.<\/p>\n<p><strong>Des pousses fra\u00eeches et nutritives :<\/strong> Les feuilles de navet de cette vari\u00e9t\u00e9 sont riches en nutriments. Elles sont id\u00e9ales pour les soupes, les saut\u00e9s ou comme plat d&rsquo;accompagnement.<\/p>\n<p><strong>Croissance rapide :<\/strong> cette vari\u00e9t\u00e9 permet des r\u00e9coltes fr\u00e9quentes de jeunes feuilles de navet et de navets en cycles courts, assurant ainsi un approvisionnement continu.<\/p>\n<p><strong>Riche en nutriments :<\/strong> Source de vitamines A, C et K, et de min\u00e9raux tels que le fer et le calcium, favorisant une alimentation saine et \u00e9quilibr\u00e9e.<\/p>\n<p><strong>Facile \u00e0 cultiver :<\/strong> Adaptable \u00e0 diff\u00e9rents types de sols et de climats, rustique et convenant aux d\u00e9butants et aux jardiniers exp\u00e9riment\u00e9s.<\/p>\n<p><strong>Culture biologique :<\/strong> Nos semences sont <strong>100% biologiques<\/strong>, sans pesticides ni engrais chimiques, ce qui garantit une culture durable et respectueuse de l&rsquo;environnement.<\/p>\n<p>Cultivez le <strong>navet Senhora Concei\u00e7\u00e3o Ecol\u00f3gico<\/strong> dans votre jardin et profitez d&rsquo;une vari\u00e9t\u00e9 nutritive et savoureuse qui enrichira votre cuisine avec tradition et fra\u00eecheur. Passez votre commande aujourd&rsquo;hui et commencez \u00e0 profiter de ses avantages ! <\/p>\n","protected":false},"featured_media":17054,"comment_status":"open","ping_status":"closed","template":"","meta":{"_acf_changed":false},"product_brand":[],"product_cat":[424,431],"product_tag":[1579],"class_list":{"0":"post-17645","1":"product","2":"type-product","3":"status-publish","4":"has-post-thumbnail","6":"product_cat-semences-biologiques","7":"product_cat-semences-de-brassica-biologiques","8":"product_tag-eco","10":"first","11":"instock","12":"taxable","13":"shipping-taxable","14":"purchasable","15":"product-type-simple"},"acf":[],"_links":{"self":[{"href":"https:\/\/cultivers.es\/fr\/wp-json\/wp\/v2\/product\/17645","targetHints":{"allow":["GET"]}}],"collection":[{"href":"https:\/\/cultivers.es\/fr\/wp-json\/wp\/v2\/product"}],"about":[{"href":"https:\/\/cultivers.es\/fr\/wp-json\/wp\/v2\/types\/product"}],"replies":[{"embeddable":true,"href":"https:\/\/cultivers.es\/fr\/wp-json\/wp\/v2\/comments?post=17645"}],"wp:featuredmedia":[{"embeddable":true,"href":"https:\/\/cultivers.es\/fr\/wp-json\/wp\/v2\/media\/17054"}],"wp:attachment":[{"href":"https:\/\/cultivers.es\/fr\/wp-json\/wp\/v2\/media?parent=17645"}],"wp:term":[{"taxonomy":"product_brand","embeddable":true,"href":"https:\/\/cultivers.es\/fr\/wp-json\/wp\/v2\/product_brand?post=17645"},{"taxonomy":"product_cat","embeddable":true,"href":"https:\/\/cultivers.es\/fr\/wp-json\/wp\/v2\/product_cat?post=17645"},{"taxonomy":"product_tag","embeddable":true,"href":"https:\/\/cultivers.es\/fr\/wp-json\/wp\/v2\/product_tag?post=17645"}],"curies":[{"name":"wp","href":"https:\/\/api.w.org\/{rel}","templated":true}]}}