{"id":17646,"date":"2023-09-18T09:02:37","date_gmt":"2023-09-18T09:02:37","guid":{"rendered":"https:\/\/cultivers.es\/abonos\/graines-de-courge-bio-pleine-de-naples\/"},"modified":"2025-09-22T05:11:51","modified_gmt":"2025-09-22T05:11:51","slug":"graines-de-citrouille-pleine-de-squash-ecologique","status":"publish","type":"product","link":"https:\/\/cultivers.es\/fr\/abonnements\/graines-de-citrouille-pleine-de-squash-ecologique\/","title":{"rendered":"Pleine de Naples Graine de courge"},"content":{"rendered":"","protected":false},"excerpt":{"rendered":"<p>La <strong>citrouille Pleine de Naples<\/strong><em>(Cucurbita moschata<\/em>) est une vari\u00e9t\u00e9 traditionnelle connue pour sa <strong>forme allong\u00e9e<\/strong>, sa peau <strong>vert fonc\u00e9<\/strong> et sa <strong>chair orange fonc\u00e9<\/strong>. Elle est r\u00e9put\u00e9e pour son go\u00fbt <strong>doux et sucr\u00e9<\/strong> et sa texture <strong>cr\u00e9meuse<\/strong>, ce qui la rend id\u00e9ale pour les pur\u00e9es, les soupes, les rago\u00fbts et la p\u00e2tisserie. C&rsquo;est une plante tr\u00e8s productive et r\u00e9sistante, parfaite pour ajouter au <strong>jardin<\/strong> et profiter de r\u00e9coltes abondantes.  <\/p>\n<p><strong>Gros fruits allong\u00e9s :<\/strong> produit de grosses citrouilles, pesant jusqu&rsquo;\u00e0 10-15 kg, parfaites pour une longue conservation.<\/p>\n<p><strong>Saveur douce et polyvalente :<\/strong> sa chair cr\u00e9meuse et d\u00e9licatement parfum\u00e9e est id\u00e9ale pour une grande vari\u00e9t\u00e9 de recettes, des plats sal\u00e9s aux desserts cuits au four.<\/p>\n<p><strong>Productivit\u00e9 \u00e9lev\u00e9e :<\/strong> Cette vari\u00e9t\u00e9 garantit des r\u00e9coltes abondantes, ce qui la rend id\u00e9ale pour maintenir un approvisionnement constant tout au long de la saison.<\/p>\n<p><strong>Riche en nutriments :<\/strong> Source naturelle de vitamines A et C, d&rsquo;antioxydants et de fibres, contribuant \u00e0 une alimentation \u00e9quilibr\u00e9e et saine.<\/p>\n<p><strong>Facile \u00e0 cultiver :<\/strong> Adapt\u00e9e aux climats chauds et aux sols bien drain\u00e9s, elle est rustique et demande peu d&rsquo;entretien, id\u00e9ale pour les d\u00e9butants et les jardiniers confirm\u00e9s.<\/p>\n<p><strong>Culture biologique :<\/strong> Nos semences sont <strong>100 % biologiques<\/strong>, sans pesticides ni engrais chimiques, ce qui favorise une culture durable et respectueuse de l&rsquo;environnement.<\/p>\n<p>Ajoutez le <strong>potiron biologique Pleine de Naples<\/strong> \u00e0 votre <strong>jardin<\/strong> et profitez d&rsquo;une vari\u00e9t\u00e9 savoureuse, nutritive et facile \u00e0 cultiver. Commandez d\u00e8s aujourd&rsquo;hui et commencez \u00e0 r\u00e9colter la qualit\u00e9 et la tradition ! <\/p>\n","protected":false},"featured_media":17064,"comment_status":"open","ping_status":"closed","template":"","meta":{"_acf_changed":false},"product_brand":[],"product_cat":[424,430],"product_tag":[1579],"woo-feed-brand":[],"class_list":{"0":"post-17646","1":"product","2":"type-product","3":"status-publish","4":"has-post-thumbnail","6":"product_cat-semences-biologiques","7":"product_cat-semences-de-fruits-et-legumes-biologiques","8":"product_tag-eco","10":"first","11":"instock","12":"taxable","13":"shipping-taxable","14":"purchasable","15":"product-type-simple"},"acf":[],"_links":{"self":[{"href":"https:\/\/cultivers.es\/fr\/wp-json\/wp\/v2\/product\/17646","targetHints":{"allow":["GET"]}}],"collection":[{"href":"https:\/\/cultivers.es\/fr\/wp-json\/wp\/v2\/product"}],"about":[{"href":"https:\/\/cultivers.es\/fr\/wp-json\/wp\/v2\/types\/product"}],"replies":[{"embeddable":true,"href":"https:\/\/cultivers.es\/fr\/wp-json\/wp\/v2\/comments?post=17646"}],"wp:featuredmedia":[{"embeddable":true,"href":"https:\/\/cultivers.es\/fr\/wp-json\/wp\/v2\/media\/17064"}],"wp:attachment":[{"href":"https:\/\/cultivers.es\/fr\/wp-json\/wp\/v2\/media?parent=17646"}],"wp:term":[{"taxonomy":"product_brand","embeddable":true,"href":"https:\/\/cultivers.es\/fr\/wp-json\/wp\/v2\/product_brand?post=17646"},{"taxonomy":"product_cat","embeddable":true,"href":"https:\/\/cultivers.es\/fr\/wp-json\/wp\/v2\/product_cat?post=17646"},{"taxonomy":"product_tag","embeddable":true,"href":"https:\/\/cultivers.es\/fr\/wp-json\/wp\/v2\/product_tag?post=17646"},{"taxonomy":"woo-feed-brand","embeddable":true,"href":"https:\/\/cultivers.es\/fr\/wp-json\/wp\/v2\/woo-feed-brand?post=17646"}],"curies":[{"name":"wp","href":"https:\/\/api.w.org\/{rel}","templated":true}]}}