{"id":17647,"date":"2023-09-18T09:02:29","date_gmt":"2023-09-18T09:02:29","guid":{"rendered":"https:\/\/cultivers.es\/abonos\/green-hokkaido-organic-pumpkin-seeds-graines-de-courge-vertes-dhokkaido\/"},"modified":"2025-11-10T14:59:39","modified_gmt":"2025-11-10T14:59:39","slug":"graines-de-potiron-vertes-hokkaido-ecologiques","status":"publish","type":"product","link":"https:\/\/cultivers.es\/fr\/abonnements\/graines-de-potiron-vertes-hokkaido-ecologiques\/","title":{"rendered":"Graines de potiron vertes d&rsquo;Hokkaido"},"content":{"rendered":"","protected":false},"excerpt":{"rendered":"<p>Le <strong>potiron vert d&rsquo;Hokkaido<\/strong><em>(Cucurbita maxima<\/em>), \u00e9galement connu sous le nom de <strong>potiron vert japonais<\/strong>, est une vari\u00e9t\u00e9 tr\u00e8s appr\u00e9ci\u00e9e pour sa <strong>saveur douce et d\u00e9licate<\/strong> et sa texture <strong>cr\u00e9meuse et onctueuse<\/strong>. Sa peau vert fonc\u00e9 contraste avec sa chair orange vif, riche en nutriments, ce qui la rend id\u00e9ale pour les pur\u00e9es, les soupes, les rago\u00fbts ou m\u00eame la p\u00e2tisserie. C&rsquo;est une plante vigoureuse et productive, parfaite pour agr\u00e9menter le <strong>jardin<\/strong>.  <\/p>\n<p><strong>Fruit compact et durable :<\/strong> il produit des citrouilles de taille moyenne, pesant environ 1 \u00e0 2 kg, avec une forme arrondie et une peau r\u00e9sistante qui prolonge sa dur\u00e9e de conservation.<\/p>\n<p><strong>Saveur sucr\u00e9e et polyvalente :<\/strong> la chair sucr\u00e9e \u00e0 la texture cr\u00e9meuse est parfaite pour une grande vari\u00e9t\u00e9 de plats, des soupes aux pur\u00e9es en passant par les desserts cuits au four.<\/p>\n<p><strong>Productivit\u00e9 \u00e9lev\u00e9e :<\/strong> La plante est vigoureuse et produit plusieurs fruits par saison, ce qui garantit une r\u00e9colte abondante.<\/p>\n<p><strong>Riche en nutriments :<\/strong> Le potiron est une excellente source de b\u00eata-carot\u00e8ne, de vitamine A, C et d&rsquo;antioxydants, ce qui en fait un aliment sain et nutritif.<\/p>\n<p><strong>Facile \u00e0 cultiver :<\/strong> rustique et adaptable \u00e0 diff\u00e9rents climats et types de sol, il n\u00e9cessite des soins de base et est id\u00e9al pour les d\u00e9butants et les jardiniers exp\u00e9riment\u00e9s.<\/p>\n<p><strong>Culture biologique :<\/strong> Nos semences sont <strong>100 % biologiques<\/strong>, sans pesticides ni engrais chimiques, ce qui favorise une culture durable et respectueuse de l&rsquo;environnement.<\/p>\n<p>Ajoutez \u00e0 votre <strong>jardin<\/strong> l&rsquo;\u00e9l\u00e9gance et la saveur du <strong>potiron Green Hokkaido Organic<\/strong>, une vari\u00e9t\u00e9 polyvalente et d\u00e9licieuse qui remplira vos plats de tradition et de nutriments. Commandez d\u00e8s aujourd&rsquo;hui et commencez \u00e0 profiter de ce joyau du jardin japonais ! <\/p>\n","protected":false},"featured_media":17094,"comment_status":"open","ping_status":"closed","template":"","meta":{"_acf_changed":false},"product_brand":[],"product_cat":[424,430],"product_tag":[1579],"class_list":{"0":"post-17647","1":"product","2":"type-product","3":"status-publish","4":"has-post-thumbnail","6":"product_cat-semences-biologiques","7":"product_cat-semences-de-fruits-et-legumes-biologiques","8":"product_tag-eco","10":"first","11":"instock","12":"sale","13":"taxable","14":"shipping-taxable","15":"purchasable","16":"product-type-simple"},"acf":[],"_links":{"self":[{"href":"https:\/\/cultivers.es\/fr\/wp-json\/wp\/v2\/product\/17647","targetHints":{"allow":["GET"]}}],"collection":[{"href":"https:\/\/cultivers.es\/fr\/wp-json\/wp\/v2\/product"}],"about":[{"href":"https:\/\/cultivers.es\/fr\/wp-json\/wp\/v2\/types\/product"}],"replies":[{"embeddable":true,"href":"https:\/\/cultivers.es\/fr\/wp-json\/wp\/v2\/comments?post=17647"}],"wp:featuredmedia":[{"embeddable":true,"href":"https:\/\/cultivers.es\/fr\/wp-json\/wp\/v2\/media\/17094"}],"wp:attachment":[{"href":"https:\/\/cultivers.es\/fr\/wp-json\/wp\/v2\/media?parent=17647"}],"wp:term":[{"taxonomy":"product_brand","embeddable":true,"href":"https:\/\/cultivers.es\/fr\/wp-json\/wp\/v2\/product_brand?post=17647"},{"taxonomy":"product_cat","embeddable":true,"href":"https:\/\/cultivers.es\/fr\/wp-json\/wp\/v2\/product_cat?post=17647"},{"taxonomy":"product_tag","embeddable":true,"href":"https:\/\/cultivers.es\/fr\/wp-json\/wp\/v2\/product_tag?post=17647"}],"curies":[{"name":"wp","href":"https:\/\/api.w.org\/{rel}","templated":true}]}}