{"id":17648,"date":"2023-09-06T11:09:21","date_gmt":"2023-09-06T11:09:21","guid":{"rendered":"https:\/\/cultivers.es\/abonos\/graines-de-courge-trombetta-di-albenga-graines-de-courge-bio\/"},"modified":"2025-09-22T05:07:46","modified_gmt":"2025-09-22T05:07:46","slug":"graines-de-citrouille-trombetta-di-albenga-ecologique","status":"publish","type":"product","link":"https:\/\/cultivers.es\/fr\/abonnements\/graines-de-citrouille-trombetta-di-albenga-ecologique\/","title":{"rendered":"Trombetta di Albenga Graines de courge"},"content":{"rendered":"","protected":false},"excerpt":{"rendered":"<p>La <strong>courge Trombetta di Albenga<\/strong><em>(Cucurbita moschata<\/em>) est une vari\u00e9t\u00e9 italienne unique et exotique, connue pour sa forme <strong>allong\u00e9e et courb\u00e9e<\/strong>, rappelant une trompette, et sa couleur vert clair qui devient beige lorsqu&rsquo;elle est m\u00fbre. Sa chair est <strong>douce, tendre et aromatique<\/strong>, id\u00e9ale pour \u00eatre consomm\u00e9e comme une courgette lorsqu&rsquo;elle n&rsquo;est pas m\u00fbre et comme une citrouille lorsqu&rsquo;elle est bien m\u00fbre. Il s&rsquo;agit d&rsquo;une plante tr\u00e8s productive et polyvalente, id\u00e9ale pour l&rsquo;incorporer dans votre <strong>potager<\/strong> et profiter d&rsquo;une exp\u00e9rience culinaire diff\u00e9rente.  <\/p>\n<p><strong>Fruit unique et \u00e9l\u00e9gant :<\/strong> Sa forme particuli\u00e8re, allong\u00e9e et courb\u00e9e, en fait un \u00e9l\u00e9ment d\u00e9coratif et attrayant, tant dans le verger que dans la cuisine.<\/p>\n<p><strong>Saveur douce et polyvalente :<\/strong> lorsqu&rsquo;il n&rsquo;est pas m\u00fbr, il est id\u00e9al pour les saut\u00e9s et les plats frais ; lorsqu&rsquo;il est m\u00fbr, sa chair cr\u00e9meuse est parfaite pour les soupes, les pur\u00e9es et les tartes.<\/p>\n<p><strong>Productivit\u00e9 \u00e9lev\u00e9e :<\/strong> produit de nombreux fruits tout au long de la saison, assurant des r\u00e9coltes g\u00e9n\u00e9reuses pour de multiples pr\u00e9parations.<\/p>\n<p><strong>Riche en nutriments :<\/strong> Source d&rsquo;antioxydants, de vitamines A et C et de min\u00e9raux essentiels tels que le potassium, ce qui en fait un choix sain et nutritif.<\/p>\n<p><strong>Facile \u00e0 cultiver :<\/strong> Cette plante vigoureuse \u00e0 croissance rapide et rustique s&rsquo;adapte bien aux climats chauds et aux sols bien drain\u00e9s. Elle peut \u00e9galement \u00eatre cultiv\u00e9e sur des treillis pour optimiser l&rsquo;espace. <\/p>\n<p><strong>Culture biologique :<\/strong> Nos semences sont <strong>100 % biologiques<\/strong>, sans pesticides ni engrais chimiques, ce qui favorise un jardin durable et respectueux de l&rsquo;environnement.<\/p>\n<p>Ajoutez une touche d&rsquo;originalit\u00e9 et de saveur \u00e0 votre <strong>potager<\/strong> avec le <strong>potiron biologique Trombetta di Albenga<\/strong>, une vari\u00e9t\u00e9 italienne traditionnelle qui vous ravira par sa forme, sa saveur et sa polyvalence. Commandez d\u00e8s aujourd&rsquo;hui et profitez de ce joyau du potager ! <\/p>\n","protected":false},"featured_media":17049,"comment_status":"open","ping_status":"closed","template":"","meta":{"_acf_changed":false},"product_brand":[],"product_cat":[424,430],"product_tag":[1579],"class_list":{"0":"post-17648","1":"product","2":"type-product","3":"status-publish","4":"has-post-thumbnail","6":"product_cat-semences-biologiques","7":"product_cat-semences-de-fruits-et-legumes-biologiques","8":"product_tag-eco","10":"first","11":"instock","12":"sale","13":"taxable","14":"shipping-taxable","15":"purchasable","16":"product-type-simple"},"acf":[],"_links":{"self":[{"href":"https:\/\/cultivers.es\/fr\/wp-json\/wp\/v2\/product\/17648","targetHints":{"allow":["GET"]}}],"collection":[{"href":"https:\/\/cultivers.es\/fr\/wp-json\/wp\/v2\/product"}],"about":[{"href":"https:\/\/cultivers.es\/fr\/wp-json\/wp\/v2\/types\/product"}],"replies":[{"embeddable":true,"href":"https:\/\/cultivers.es\/fr\/wp-json\/wp\/v2\/comments?post=17648"}],"wp:featuredmedia":[{"embeddable":true,"href":"https:\/\/cultivers.es\/fr\/wp-json\/wp\/v2\/media\/17049"}],"wp:attachment":[{"href":"https:\/\/cultivers.es\/fr\/wp-json\/wp\/v2\/media?parent=17648"}],"wp:term":[{"taxonomy":"product_brand","embeddable":true,"href":"https:\/\/cultivers.es\/fr\/wp-json\/wp\/v2\/product_brand?post=17648"},{"taxonomy":"product_cat","embeddable":true,"href":"https:\/\/cultivers.es\/fr\/wp-json\/wp\/v2\/product_cat?post=17648"},{"taxonomy":"product_tag","embeddable":true,"href":"https:\/\/cultivers.es\/fr\/wp-json\/wp\/v2\/product_tag?post=17648"}],"curies":[{"name":"wp","href":"https:\/\/api.w.org\/{rel}","templated":true}]}}