{"id":17649,"date":"2023-09-18T09:02:46","date_gmt":"2023-09-18T09:02:46","guid":{"rendered":"https:\/\/cultivers.es\/abonos\/detroit-beetroot-seeds-2-organic\/"},"modified":"2025-09-22T05:05:20","modified_gmt":"2025-09-22T05:05:20","slug":"betteraves-semences-detroit-2-ecologique","status":"publish","type":"product","link":"https:\/\/cultivers.es\/fr\/abonnements\/betteraves-semences-detroit-2-ecologique\/","title":{"rendered":"Graines de betterave de D\u00e9troit 2"},"content":{"rendered":"","protected":false},"excerpt":{"rendered":"<p>La <strong>betterave Detroit 2<\/strong><em>(Beta vulgaris<\/em>) est une vari\u00e9t\u00e9 classique et tr\u00e8s appr\u00e9ci\u00e9e pour ses <strong>racines rondes, uniformes<\/strong>, d&rsquo;un <strong>rouge profond<\/strong> et sa saveur <strong>douce et sucr\u00e9e<\/strong>. Sa chair tendre et juteuse la rend id\u00e9ale pour \u00eatre consomm\u00e9e crue en salade, cuite en rago\u00fbt, r\u00f4tie ou en conserve. En outre, ses feuilles sont \u00e9galement comestibles et riches en nutriments, parfaites pour les saut\u00e9s et les salades. Il s&rsquo;agit d&rsquo;une option productive et facile \u00e0 cultiver, parfaite pour tout <strong>potager<\/strong>.   <\/p>\n<p><strong>Racines rondes et juteuses :<\/strong> produit des betteraves de taille uniforme \u00e0 la peau lisse et \u00e0 la chair rouge vif, id\u00e9ales pour de multiples usages culinaires.<\/p>\n<p><strong>Saveur douce et polyvalente :<\/strong> sa texture tendre et sa saveur douce la rendent parfaite pour les salades fra\u00eeches, les soupes, les rago\u00fbts et les conserves.<\/p>\n<p><strong>Feuilles comestibles et nutritives :<\/strong> Les jeunes feuilles sont d\u00e9licieuses dans les salades et les saut\u00e9s, apportant des nutriments suppl\u00e9mentaires \u00e0 votre alimentation.<\/p>\n<p><strong>Riche en nutriments :<\/strong> Source naturelle de fer, de fibres, d&rsquo;antioxydants et de vitamines A et C, favorisant une alimentation \u00e9quilibr\u00e9e et saine.<\/p>\n<p><strong>Croissance rapide et rustique :<\/strong> Avec un cycle de croissance court, il est id\u00e9al pour des r\u00e9coltes rapides, s&rsquo;adaptant \u00e0 diff\u00e9rents types de sols et de climats.<\/p>\n<p><strong>Culture biologique :<\/strong> Nos semences sont <strong>100 % biologiques<\/strong>, sans pesticides ni engrais chimiques, ce qui favorise une culture durable et respectueuse de l&rsquo;environnement.<\/p>\n<p>Ajoutez <strong>Detroit Beetroot 2 Organic<\/strong> \u00e0 votre <strong>jardin<\/strong> et profitez d&rsquo;une vari\u00e9t\u00e9 polyvalente, nutritive et d\u00e9licieuse dans vos plats. Commandez d\u00e8s aujourd&rsquo;hui et commencez \u00e0 r\u00e9colter la qualit\u00e9 et la fra\u00eecheur directement dans votre jardin ! <\/p>\n","protected":false},"featured_media":50145,"comment_status":"open","ping_status":"closed","template":"","meta":{"_acf_changed":false},"product_brand":[],"product_cat":[426,424],"product_tag":[1579],"woo-feed-brand":[],"class_list":{"0":"post-17649","1":"product","2":"type-product","3":"status-publish","4":"has-post-thumbnail","6":"product_cat-graines-de-racines-biologiques","7":"product_cat-semences-biologiques","8":"product_tag-eco","10":"first","11":"instock","12":"taxable","13":"shipping-taxable","14":"purchasable","15":"product-type-simple"},"acf":[],"_links":{"self":[{"href":"https:\/\/cultivers.es\/fr\/wp-json\/wp\/v2\/product\/17649","targetHints":{"allow":["GET"]}}],"collection":[{"href":"https:\/\/cultivers.es\/fr\/wp-json\/wp\/v2\/product"}],"about":[{"href":"https:\/\/cultivers.es\/fr\/wp-json\/wp\/v2\/types\/product"}],"replies":[{"embeddable":true,"href":"https:\/\/cultivers.es\/fr\/wp-json\/wp\/v2\/comments?post=17649"}],"wp:featuredmedia":[{"embeddable":true,"href":"https:\/\/cultivers.es\/fr\/wp-json\/wp\/v2\/media\/50145"}],"wp:attachment":[{"href":"https:\/\/cultivers.es\/fr\/wp-json\/wp\/v2\/media?parent=17649"}],"wp:term":[{"taxonomy":"product_brand","embeddable":true,"href":"https:\/\/cultivers.es\/fr\/wp-json\/wp\/v2\/product_brand?post=17649"},{"taxonomy":"product_cat","embeddable":true,"href":"https:\/\/cultivers.es\/fr\/wp-json\/wp\/v2\/product_cat?post=17649"},{"taxonomy":"product_tag","embeddable":true,"href":"https:\/\/cultivers.es\/fr\/wp-json\/wp\/v2\/product_tag?post=17649"},{"taxonomy":"woo-feed-brand","embeddable":true,"href":"https:\/\/cultivers.es\/fr\/wp-json\/wp\/v2\/woo-feed-brand?post=17649"}],"curies":[{"name":"wp","href":"https:\/\/api.w.org\/{rel}","templated":true}]}}