{"id":17650,"date":"2023-09-06T11:03:58","date_gmt":"2023-09-06T11:03:58","guid":{"rendered":"https:\/\/cultivers.es\/abonos\/graines-de-carotte-nantes-2-ecologique\/"},"modified":"2025-09-22T05:05:23","modified_gmt":"2025-09-22T05:05:23","slug":"semences-de-carottes-biologiques-nantes-2-ecologiques","status":"publish","type":"product","link":"https:\/\/cultivers.es\/fr\/abonnements\/semences-de-carottes-biologiques-nantes-2-ecologiques\/","title":{"rendered":"Graines de carotte Nantes 2"},"content":{"rendered":"","protected":false},"excerpt":{"rendered":"<p>La <strong>carotte Nantes 2<\/strong><em>(Daucus carota<\/em>) est une vari\u00e9t\u00e9 classique et polyvalente, connue pour ses <strong>racines cylindriques<\/strong>, sa <strong>couleur orange fonc\u00e9<\/strong> et son go\u00fbt doux et sucr\u00e9. Avec sa texture croquante et sa chair tendre, elle est id\u00e9ale pour \u00eatre consomm\u00e9e fra\u00eeche en salade, comme en-cas sain, ou cuite dans les soupes, les rago\u00fbts et les pur\u00e9es. Cette vari\u00e9t\u00e9 se distingue par sa croissance uniforme et rapide, ce qui en fait un choix parfait pour la culture dans les <strong>jardins domestiques<\/strong> ou professionnels.  <\/p>\n<p><strong>Racines cylindriques et uniformes :<\/strong> produit des carottes de taille moyenne, droites avec des extr\u00e9mit\u00e9s arrondies, id\u00e9ales pour une r\u00e9colte de qualit\u00e9.<\/p>\n<p><strong>Go\u00fbt sucr\u00e9 et texture tendre :<\/strong> son go\u00fbt sucr\u00e9 caract\u00e9ristique et sa chair tendre en font un produit id\u00e9al pour la consommation fra\u00eeche ou cuite.<\/p>\n<p><strong>Croissance rapide et adaptabilit\u00e9 :<\/strong> c&rsquo;est une vari\u00e9t\u00e9 \u00e0 cycle court, id\u00e9ale pour les r\u00e9coltes pr\u00e9coces, qui s&rsquo;adapte bien aux climats temp\u00e9r\u00e9s et aux sols l\u00e9gers.<\/p>\n<p><strong>Riche en nutriments :<\/strong> Les carottes sont une excellente source de vitamine A, d&rsquo;antioxydants et de fibres, ce qui favorise une alimentation \u00e9quilibr\u00e9e et saine.<\/p>\n<p><strong>Facile \u00e0 cultiver :<\/strong> Parfaite pour les d\u00e9butants et les experts, elle ne n\u00e9cessite qu&rsquo;un minimum de soins et donne des r\u00e9sultats constants dans diff\u00e9rents types de sol.<\/p>\n<p><strong>Culture biologique :<\/strong> Nos semences sont <strong>100% biologiques<\/strong>, sans pesticides ni engrais chimiques, ce qui garantit une culture durable et respectueuse de l&rsquo;environnement.<\/p>\n<p>Profitez de la fra\u00eecheur, de la saveur et des bienfaits de la <strong>carotte biologique Nantes 2<\/strong>, une vari\u00e9t\u00e9 indispensable \u00e0 tout <strong>potager<\/strong>. Commandez d\u00e8s aujourd&rsquo;hui et r\u00e9coltez des carottes de qualit\u00e9 dans votre espace vert ! <\/p>\n","protected":false},"featured_media":50139,"comment_status":"open","ping_status":"closed","template":"","meta":{"_acf_changed":false},"product_brand":[],"product_cat":[426,424],"product_tag":[1579],"class_list":{"0":"post-17650","1":"product","2":"type-product","3":"status-publish","4":"has-post-thumbnail","6":"product_cat-graines-de-racines-biologiques","7":"product_cat-semences-biologiques","8":"product_tag-eco","10":"first","11":"instock","12":"taxable","13":"shipping-taxable","14":"purchasable","15":"product-type-simple"},"acf":[],"_links":{"self":[{"href":"https:\/\/cultivers.es\/fr\/wp-json\/wp\/v2\/product\/17650","targetHints":{"allow":["GET"]}}],"collection":[{"href":"https:\/\/cultivers.es\/fr\/wp-json\/wp\/v2\/product"}],"about":[{"href":"https:\/\/cultivers.es\/fr\/wp-json\/wp\/v2\/types\/product"}],"replies":[{"embeddable":true,"href":"https:\/\/cultivers.es\/fr\/wp-json\/wp\/v2\/comments?post=17650"}],"wp:featuredmedia":[{"embeddable":true,"href":"https:\/\/cultivers.es\/fr\/wp-json\/wp\/v2\/media\/50139"}],"wp:attachment":[{"href":"https:\/\/cultivers.es\/fr\/wp-json\/wp\/v2\/media?parent=17650"}],"wp:term":[{"taxonomy":"product_brand","embeddable":true,"href":"https:\/\/cultivers.es\/fr\/wp-json\/wp\/v2\/product_brand?post=17650"},{"taxonomy":"product_cat","embeddable":true,"href":"https:\/\/cultivers.es\/fr\/wp-json\/wp\/v2\/product_cat?post=17650"},{"taxonomy":"product_tag","embeddable":true,"href":"https:\/\/cultivers.es\/fr\/wp-json\/wp\/v2\/product_tag?post=17650"}],"curies":[{"name":"wp","href":"https:\/\/api.w.org\/{rel}","templated":true}]}}