{"id":17661,"date":"2023-09-06T11:04:34","date_gmt":"2023-09-06T11:04:34","guid":{"rendered":"https:\/\/cultivers.es\/abonos\/graines-de-courge-rouge-vif-detampes-bio\/"},"modified":"2025-09-22T05:11:56","modified_gmt":"2025-09-22T05:11:56","slug":"graines-de-courge-rouge-vif-vif-ecological-pumpkin-seeds","status":"publish","type":"product","link":"https:\/\/cultivers.es\/fr\/abonnements\/graines-de-courge-rouge-vif-vif-ecological-pumpkin-seeds\/","title":{"rendered":"Graines de courge Rouge Vif d&rsquo;\u00c9tampes"},"content":{"rendered":"","protected":false},"excerpt":{"rendered":"<p>Le <strong>potiron Rouge Vif d&rsquo;\u00c9tampes<\/strong> est une vari\u00e9t\u00e9 traditionnelle fran\u00e7aise connue pour sa forme <strong>aplatie et lat\u00e9rale<\/strong>, sa couleur <strong>orange intense<\/strong> et son go\u00fbt doux et sucr\u00e9. Gr\u00e2ce \u00e0 sa chair tendre et d&rsquo;excellente qualit\u00e9, ce potiron est parfait pour une grande vari\u00e9t\u00e9 de recettes, telles que les pur\u00e9es, les soupes, les tartes et les rago\u00fbts. C&rsquo;est \u00e9galement une plante tr\u00e8s productive et facile \u00e0 cultiver, id\u00e9ale pour tout <strong>jardin familial ou professionnel<\/strong>.  <\/p>\n<p><strong>Gros fruits qui attirent l&rsquo;attention :<\/strong> les citrouilles produites sont de grande taille, avec un poids moyen de 5 \u00e0 10 kg, et une forme qui se distingue par son esth\u00e9tique classique et d\u00e9corative.<\/p>\n<p><strong>Saveur douce et polyvalente :<\/strong> sa chair orange et sa texture cr\u00e9meuse ont une saveur douce et sucr\u00e9e, id\u00e9ale pour les plats sucr\u00e9s et sal\u00e9s.<\/p>\n<p><strong>Croissance abondante :<\/strong> C&rsquo;est une plante vigoureuse qui offre des r\u00e9coltes g\u00e9n\u00e9reuses, ce qui en fait un choix parfait pour ceux qui recherchent la productivit\u00e9.<\/p>\n<p><strong>Riche en nutriments :<\/strong> La citrouille est une excellente source de b\u00eata-carot\u00e8ne, de vitamines A et C et de fibres, ce qui en fait un aliment sain et nutritif.<\/p>\n<p><strong>Facile \u00e0 cultiver :<\/strong> elle s&rsquo;adapte bien \u00e0 diff\u00e9rents climats et sols, \u00e9tant une plante rustique qui n\u00e9cessite peu de soins et donne d&rsquo;excellents r\u00e9sultats.<\/p>\n<p><strong>Culture biologique :<\/strong> Nos semences sont <strong>100 % biologiques<\/strong>, sans pesticides ni engrais chimiques, ce qui garantit une culture durable et respectueuse de l&rsquo;environnement.<\/p>\n<p>Ajoutez \u00e0 votre <strong>jardin<\/strong> la beaut\u00e9, la productivit\u00e9 et la saveur du <strong>potiron Rouge Vif d&rsquo;\u00c9tampes Organic<\/strong>, une vari\u00e9t\u00e9 traditionnelle qui remplira votre cuisine de plats d\u00e9licieux et nutritifs. Commandez d\u00e8s aujourd&rsquo;hui et commencez \u00e0 profiter de ce potiron classique ! <\/p>\n","protected":false},"featured_media":17074,"comment_status":"open","ping_status":"closed","template":"","meta":{"_acf_changed":false},"product_brand":[],"product_cat":[424,430],"product_tag":[1579],"class_list":{"0":"post-17661","1":"product","2":"type-product","3":"status-publish","4":"has-post-thumbnail","6":"product_cat-semences-biologiques","7":"product_cat-semences-de-fruits-et-legumes-biologiques","8":"product_tag-eco","10":"first","11":"instock","12":"sale","13":"taxable","14":"shipping-taxable","15":"purchasable","16":"product-type-simple"},"acf":[],"_links":{"self":[{"href":"https:\/\/cultivers.es\/fr\/wp-json\/wp\/v2\/product\/17661","targetHints":{"allow":["GET"]}}],"collection":[{"href":"https:\/\/cultivers.es\/fr\/wp-json\/wp\/v2\/product"}],"about":[{"href":"https:\/\/cultivers.es\/fr\/wp-json\/wp\/v2\/types\/product"}],"replies":[{"embeddable":true,"href":"https:\/\/cultivers.es\/fr\/wp-json\/wp\/v2\/comments?post=17661"}],"wp:featuredmedia":[{"embeddable":true,"href":"https:\/\/cultivers.es\/fr\/wp-json\/wp\/v2\/media\/17074"}],"wp:attachment":[{"href":"https:\/\/cultivers.es\/fr\/wp-json\/wp\/v2\/media?parent=17661"}],"wp:term":[{"taxonomy":"product_brand","embeddable":true,"href":"https:\/\/cultivers.es\/fr\/wp-json\/wp\/v2\/product_brand?post=17661"},{"taxonomy":"product_cat","embeddable":true,"href":"https:\/\/cultivers.es\/fr\/wp-json\/wp\/v2\/product_cat?post=17661"},{"taxonomy":"product_tag","embeddable":true,"href":"https:\/\/cultivers.es\/fr\/wp-json\/wp\/v2\/product_tag?post=17661"}],"curies":[{"name":"wp","href":"https:\/\/api.w.org\/{rel}","templated":true}]}}