{"id":17681,"date":"2023-09-06T11:05:16","date_gmt":"2023-09-06T11:05:16","guid":{"rendered":"https:\/\/cultivers.es\/abonos\/kale-nero-di-toscana-organic-kale-seeds-graines-de-chou-frise\/"},"modified":"2025-09-22T05:05:32","modified_gmt":"2025-09-22T05:05:32","slug":"graines-de-col-kale-nero-di-toscana-ecologique","status":"publish","type":"product","link":"https:\/\/cultivers.es\/fr\/abonnements\/graines-de-col-kale-nero-di-toscana-ecologique\/","title":{"rendered":"Chou fris\u00e9 Nero di Toscana Biodynamic Demeter Chou fris\u00e9 graines"},"content":{"rendered":"","protected":false},"excerpt":{"rendered":"<p>Cultivez une vari\u00e9t\u00e9 riche en histoire et en nutrition avec nos graines de chou fris\u00e9 Nero di Toscana Demeter Organic. \u00c9galement connu sous le nom de chou fris\u00e9 noir ou de \u00ab\u00a0chou fris\u00e9 dinosaure\u00a0\u00bb, cette vari\u00e9t\u00e9 italienne se distingue par ses longues feuilles vert fonc\u00e9 et sa saveur douce et d\u00e9licieuse. Parfait pour les rago\u00fbts, les saut\u00e9s et les salades, le chou fris\u00e9 Nero di Toscana est id\u00e9al pour ceux qui cherchent \u00e0 incorporer un super-aliment dans leur alimentation quotidienne. Avec la certification Demeter, vous pouvez \u00eatre s\u00fbr que vous cultivez de mani\u00e8re durable et respectueuse de l&rsquo;environnement.   <\/p>\n<ul>\n<li><strong>Feuilles fonc\u00e9es et textur\u00e9es :<\/strong> Cette vari\u00e9t\u00e9 de chou fris\u00e9 produit des feuilles longues, \u00e9troites, d&rsquo;un vert fonc\u00e9 profond et d&rsquo;une texture l\u00e9g\u00e8rement rugueuse, id\u00e9ales pour les saut\u00e9s, les soupes, les rago\u00fbts ou les croustilles de chou fris\u00e9.<\/li>\n<li><strong>Saveur douce et polyvalente :<\/strong> le chou Nero di Toscana a une saveur douce et agr\u00e9able, avec une l\u00e9g\u00e8re touche sucr\u00e9e, ce qui en fait un excellent choix pour de nombreux plats. Ses feuilles deviennent plus tendres et plus douces apr\u00e8s les premi\u00e8res gel\u00e9es. <\/li>\n<li><strong>Riche en nutriments :<\/strong> Le chou fris\u00e9 est consid\u00e9r\u00e9 comme un superaliment en raison de sa forte concentration en nutriments. Cette vari\u00e9t\u00e9 est riche en vitamines A, C et K, ainsi qu&rsquo;en calcium, en fibres et en antioxydants, ce qui contribue \u00e0 une alimentation saine et \u00e9quilibr\u00e9e. <\/li>\n<li><strong>Rustique et facile \u00e0 cultiver :<\/strong> le chou Nero di Toscana est r\u00e9sistant aux basses temp\u00e9ratures et facile \u00e0 cultiver, ce qui le rend id\u00e9al pour des r\u00e9coltes prolong\u00e9es pendant les mois froids. Il convient aux jardiniers de tous niveaux. <\/li>\n<li><strong>Certification Demeter :<\/strong> Nos semences sont certifi\u00e9es Demeter, ce qui garantit qu&rsquo;elles ont \u00e9t\u00e9 cultiv\u00e9es selon les principes de l&rsquo;agriculture biodynamique, en respectant les cycles naturels du sol et en favorisant un \u00e9quilibre sain de l&rsquo;\u00e9cosyst\u00e8me.<\/li>\n<li><strong>Culture biologique :<\/strong> Les graines sont 100 % biologiques, sans pesticides ni produits chimiques, ce qui garantit que vos plantes poussent de mani\u00e8re saine et durable.<\/li>\n<\/ul>\n<p>Ajoutez une touche de tradition et de sant\u00e9 \u00e0 votre jardin avec les graines de chou fris\u00e9 Nero di Toscana de Demeter Organic. Profitez de ce super-aliment polyvalent et facile \u00e0 cultiver, tout en promouvant l&rsquo;agriculture durable et biologique - commandez aujourd&rsquo;hui et commencez \u00e0 r\u00e9colter ce chou fris\u00e9 nutritif et d\u00e9licieux directement dans votre jardin !  <\/p>\n","protected":false},"featured_media":50062,"comment_status":"open","ping_status":"closed","template":"","meta":{"_acf_changed":false},"product_brand":[],"product_cat":[1303,424,431],"product_tag":[1385],"class_list":{"0":"post-17681","1":"product","2":"type-product","3":"status-publish","4":"has-post-thumbnail","6":"product_cat-graines-de-demeter","7":"product_cat-semences-biologiques","8":"product_cat-semences-de-brassica-biologiques","9":"product_tag-demeter-fr","11":"first","12":"instock","13":"taxable","14":"shipping-taxable","15":"purchasable","16":"product-type-simple"},"acf":[],"_links":{"self":[{"href":"https:\/\/cultivers.es\/fr\/wp-json\/wp\/v2\/product\/17681","targetHints":{"allow":["GET"]}}],"collection":[{"href":"https:\/\/cultivers.es\/fr\/wp-json\/wp\/v2\/product"}],"about":[{"href":"https:\/\/cultivers.es\/fr\/wp-json\/wp\/v2\/types\/product"}],"replies":[{"embeddable":true,"href":"https:\/\/cultivers.es\/fr\/wp-json\/wp\/v2\/comments?post=17681"}],"wp:featuredmedia":[{"embeddable":true,"href":"https:\/\/cultivers.es\/fr\/wp-json\/wp\/v2\/media\/50062"}],"wp:attachment":[{"href":"https:\/\/cultivers.es\/fr\/wp-json\/wp\/v2\/media?parent=17681"}],"wp:term":[{"taxonomy":"product_brand","embeddable":true,"href":"https:\/\/cultivers.es\/fr\/wp-json\/wp\/v2\/product_brand?post=17681"},{"taxonomy":"product_cat","embeddable":true,"href":"https:\/\/cultivers.es\/fr\/wp-json\/wp\/v2\/product_cat?post=17681"},{"taxonomy":"product_tag","embeddable":true,"href":"https:\/\/cultivers.es\/fr\/wp-json\/wp\/v2\/product_tag?post=17681"}],"curies":[{"name":"wp","href":"https:\/\/api.w.org\/{rel}","templated":true}]}}