{"id":17699,"date":"2023-09-05T12:36:10","date_gmt":"2023-09-05T12:36:10","guid":{"rendered":"https:\/\/cultivers.es\/abonos\/tagetes-organic-seeds\/"},"modified":"2025-09-22T05:08:14","modified_gmt":"2025-09-22T05:08:14","slug":"tagetes","status":"publish","type":"product","link":"https:\/\/cultivers.es\/fr\/abonnements\/tagetes\/","title":{"rendered":"Tagetes Biodynamique Demeter Oeillet d&rsquo;Inde Graines"},"content":{"rendered":"","protected":false},"excerpt":{"rendered":"<p>Remplissez votre jardin de vie et de couleur avec nos graines de Tagetes Demeter Organic - \u0153illet indien. Ces magnifiques fleurs aux tons vifs de jaune et d&rsquo;orange ne se contentent pas d&#8217;embellir votre jardin, elles agissent \u00e9galement comme un r\u00e9pulsif naturel contre les parasites, prot\u00e9geant ainsi vos cultures d&rsquo;une mani\u00e8re respectueuse de l&rsquo;environnement. Avec la certification Demeter, vous pouvez \u00eatre s\u00fbr que vous cultivez en harmonie avec la nature, en suivant les principes de l&rsquo;agriculture biodynamique.  <\/p>\n<ul>\n<li><strong>Des fleurs \u00e9clatantes :<\/strong> L&rsquo;\u0153illet d&rsquo;Inde, \u00e9galement connu sous le nom de Tagetes, produit des fleurs brillantes et durables dans les tons de jaune et d&rsquo;orange, apportant de la gaiet\u00e9 et de la couleur \u00e0 n&rsquo;importe quel jardin ou verger.<\/li>\n<li><strong>Protection naturelle :<\/strong> ces plantes sont connues pour leur capacit\u00e9 \u00e0 repousser les parasites tels que les n\u00e9matodes et les pucerons, prot\u00e9geant ainsi vos cultures de mani\u00e8re naturelle, sans avoir recours aux pesticides.<\/li>\n<li><strong>Facile \u00e0 cultiver :<\/strong> les tag\u00e8tes sont des plantes robustes, n\u00e9cessitant peu d&rsquo;entretien, qui s&rsquo;adaptent \u00e0 une grande vari\u00e9t\u00e9 de sols et de climats. Elles sont parfaites pour les d\u00e9butants comme pour les jardiniers plus exp\u00e9riment\u00e9s. <\/li>\n<li><strong>Attraction des pollinisateurs :<\/strong> En plus de prot\u00e9ger vos cultures, les fleurs de l&rsquo;\u0153illet d&rsquo;Inde attirent les abeilles, les papillons et d&rsquo;autres pollinisateurs, ce qui favorise la biodiversit\u00e9 et am\u00e9liore la sant\u00e9 g\u00e9n\u00e9rale de votre jardin.<\/li>\n<li><strong>Certification Demeter :<\/strong> Cultiv\u00e9es selon les principes de l&rsquo;agriculture biodynamique, ces semences sont certifi\u00e9es Demeter, ce qui garantit un respect absolu des cycles naturels du sol et de l&rsquo;\u00e9cosyst\u00e8me.<\/li>\n<li><strong>Culture biologique :<\/strong> Nos graines de Tagetes sont 100% biologiques, sans pesticides ni produits chimiques, garantissant un jardin sain et respectueux de l&rsquo;environnement.<\/li>\n<\/ul>\n<p>Prot\u00e9gez et embellissez votre jardin de mani\u00e8re \u00e9cologique avec les graines de Tagetes Demeter Organic - \u0153illet indien. Profitez de leurs fleurs \u00e9clatantes tout en prenant soin de vos cultures et en favorisant la biodiversit\u00e9. Commandez d\u00e8s aujourd&rsquo;hui et transformez votre jardin en un espace plein de couleurs et de vie !  <\/p>\n","protected":false},"featured_media":17004,"comment_status":"open","ping_status":"closed","template":"","meta":{"_acf_changed":false},"product_brand":[],"product_cat":[1303,424],"product_tag":[1385],"class_list":{"0":"post-17699","1":"product","2":"type-product","3":"status-publish","4":"has-post-thumbnail","6":"product_cat-graines-de-demeter","7":"product_cat-semences-biologiques","8":"product_tag-demeter-fr","10":"first","11":"instock","12":"taxable","13":"shipping-taxable","14":"purchasable","15":"product-type-simple"},"acf":[],"_links":{"self":[{"href":"https:\/\/cultivers.es\/fr\/wp-json\/wp\/v2\/product\/17699","targetHints":{"allow":["GET"]}}],"collection":[{"href":"https:\/\/cultivers.es\/fr\/wp-json\/wp\/v2\/product"}],"about":[{"href":"https:\/\/cultivers.es\/fr\/wp-json\/wp\/v2\/types\/product"}],"replies":[{"embeddable":true,"href":"https:\/\/cultivers.es\/fr\/wp-json\/wp\/v2\/comments?post=17699"}],"wp:featuredmedia":[{"embeddable":true,"href":"https:\/\/cultivers.es\/fr\/wp-json\/wp\/v2\/media\/17004"}],"wp:attachment":[{"href":"https:\/\/cultivers.es\/fr\/wp-json\/wp\/v2\/media?parent=17699"}],"wp:term":[{"taxonomy":"product_brand","embeddable":true,"href":"https:\/\/cultivers.es\/fr\/wp-json\/wp\/v2\/product_brand?post=17699"},{"taxonomy":"product_cat","embeddable":true,"href":"https:\/\/cultivers.es\/fr\/wp-json\/wp\/v2\/product_cat?post=17699"},{"taxonomy":"product_tag","embeddable":true,"href":"https:\/\/cultivers.es\/fr\/wp-json\/wp\/v2\/product_tag?post=17699"}],"curies":[{"name":"wp","href":"https:\/\/api.w.org\/{rel}","templated":true}]}}