{"id":17709,"date":"2023-09-05T13:17:13","date_gmt":"2023-09-05T13:17:13","guid":{"rendered":"https:\/\/cultivers.es\/abonos\/semences-de-tomate-orange-coeur-de-boeuf-bio\/"},"modified":"2025-09-22T04:50:03","modified_gmt":"2025-09-22T04:50:03","slug":"tomate-coeur-de-legume-orange-graines-ecologiques","status":"publish","type":"product","link":"https:\/\/cultivers.es\/fr\/abonnements\/tomate-coeur-de-legume-orange-graines-ecologiques\/","title":{"rendered":"Oxheart Orange Semences de Tomates"},"content":{"rendered":"","protected":false},"excerpt":{"rendered":"<p>La <strong>tomate Orange Beefheart<\/strong> est une vari\u00e9t\u00e9 traditionnelle de grande taille, connue pour sa <strong>forme en c\u0153ur<\/strong> et sa couleur <strong>orange fonc\u00e9<\/strong> caract\u00e9ristique. Cette tomate se distingue par sa saveur douce et \u00e9quilibr\u00e9e, avec une chair juteuse et peu de p\u00e9pins, ce qui la rend id\u00e9ale pour les salades, les sauces fra\u00eeches ou les plats gastronomiques. De plus, sa culture biologique garantit un fruit sain et respectueux de l&rsquo;environnement.  <\/p>\n<p><strong>De gros fruits juteux :<\/strong> Chaque plante produit de grosses tomates \u00e0 la pulpe charnue, parfaites pour de multiples usages culinaires.<\/p>\n<p><strong>Saveur douce et sucr\u00e9e :<\/strong> son \u00e9quilibre entre acidit\u00e9 et douceur en fait l&rsquo;une des vari\u00e9t\u00e9s les plus appr\u00e9ci\u00e9es pour la consommation fra\u00eeche ou dans les recettes maison.<\/p>\n<p><strong>Productivit\u00e9 \u00e9lev\u00e9e :<\/strong> Cette vari\u00e9t\u00e9 est robuste et offre une r\u00e9colte abondante, parfaite pour les jardins familiaux ou professionnels.<\/p>\n<p><strong>Facile \u00e0 cultiver :<\/strong> S&rsquo;adaptant \u00e0 diff\u00e9rents types de sols et de climats, il est rustique et convient aux jardiniers d\u00e9butants et exp\u00e9riment\u00e9s.<\/p>\n<p><strong>Riche en nutriments :<\/strong> Source naturelle d&rsquo;antioxydants, de vitamines A et C et de min\u00e9raux, c&rsquo;est un aliment sain et nutritif.<\/p>\n<p><strong>Culture biologique :<\/strong> Nos semences sont <strong>100% biologiques<\/strong>, sans pesticides ni engrais chimiques, ce qui garantit une culture durable et respectueuse de l&rsquo;environnement.<\/p>\n<p>Remplissez votre <strong>jardin<\/strong> de couleur et de saveur avec la <strong>tomate Orange Oxheart biologique<\/strong>, une vari\u00e9t\u00e9 traditionnelle qui vous ravira tant par son esth\u00e9tique que par sa saveur incomparable. Commandez d\u00e8s aujourd&rsquo;hui et profitez de ce joyau du jardin ! <\/p>\n","protected":false},"featured_media":17029,"comment_status":"open","ping_status":"closed","template":"","meta":{"_acf_changed":false},"product_brand":[],"product_cat":[424,430],"product_tag":[1579],"woo-feed-brand":[],"class_list":{"0":"post-17709","1":"product","2":"type-product","3":"status-publish","4":"has-post-thumbnail","6":"product_cat-semences-biologiques","7":"product_cat-semences-de-fruits-et-legumes-biologiques","8":"product_tag-eco","10":"first","11":"instock","12":"sale","13":"taxable","14":"shipping-taxable","15":"purchasable","16":"product-type-simple"},"acf":[],"_links":{"self":[{"href":"https:\/\/cultivers.es\/fr\/wp-json\/wp\/v2\/product\/17709","targetHints":{"allow":["GET"]}}],"collection":[{"href":"https:\/\/cultivers.es\/fr\/wp-json\/wp\/v2\/product"}],"about":[{"href":"https:\/\/cultivers.es\/fr\/wp-json\/wp\/v2\/types\/product"}],"replies":[{"embeddable":true,"href":"https:\/\/cultivers.es\/fr\/wp-json\/wp\/v2\/comments?post=17709"}],"wp:featuredmedia":[{"embeddable":true,"href":"https:\/\/cultivers.es\/fr\/wp-json\/wp\/v2\/media\/17029"}],"wp:attachment":[{"href":"https:\/\/cultivers.es\/fr\/wp-json\/wp\/v2\/media?parent=17709"}],"wp:term":[{"taxonomy":"product_brand","embeddable":true,"href":"https:\/\/cultivers.es\/fr\/wp-json\/wp\/v2\/product_brand?post=17709"},{"taxonomy":"product_cat","embeddable":true,"href":"https:\/\/cultivers.es\/fr\/wp-json\/wp\/v2\/product_cat?post=17709"},{"taxonomy":"product_tag","embeddable":true,"href":"https:\/\/cultivers.es\/fr\/wp-json\/wp\/v2\/product_tag?post=17709"},{"taxonomy":"woo-feed-brand","embeddable":true,"href":"https:\/\/cultivers.es\/fr\/wp-json\/wp\/v2\/woo-feed-brand?post=17709"}],"curies":[{"name":"wp","href":"https:\/\/api.w.org\/{rel}","templated":true}]}}