{"id":17711,"date":"2023-09-05T10:29:00","date_gmt":"2023-09-05T10:29:00","guid":{"rendered":"https:\/\/cultivers.es\/abonos\/laitue-merveilleuse-biologique-four-seasons-semences\/"},"modified":"2025-09-22T04:50:06","modified_gmt":"2025-09-22T04:50:06","slug":"laitue-quatre-saisons-merveilleuse-laitue","status":"publish","type":"product","link":"https:\/\/cultivers.es\/fr\/abonnements\/laitue-quatre-saisons-merveilleuse-laitue\/","title":{"rendered":"Semences de laitue merveilleuse Four Seasons"},"content":{"rendered":"","protected":false},"excerpt":{"rendered":"<p><strong>La Laitue Merveilleuse des Quatre Saisons<\/strong><em>(Lactuca sativa<\/em>) est une vari\u00e9t\u00e9 classique et polyvalente, appr\u00e9ci\u00e9e pour sa capacit\u00e9 \u00e0 s&rsquo;adapter \u00e0 toutes les saisons. Ses feuilles ondul\u00e9es, <strong>d&rsquo;un vert vif aux reflets rouge\u00e2tres<\/strong>, ont une texture croquante et un go\u00fbt doux et sucr\u00e9, id\u00e9al pour les salades fra\u00eeches et saines. Cette laitue est tr\u00e8s productive et facile \u00e0 cultiver, parfaite pour les jardins urbains et traditionnels.  <\/p>\n<p><strong>Feuilles color\u00e9es et savoureuses :<\/strong> Avec son m\u00e9lange de tons verts et rouge\u00e2tres, cette laitue est attrayante \u00e0 la fois dans le jardin et dans l&rsquo;assiette.<\/p>\n<p><strong>Saveur douce et texture croquante :<\/strong> Ses feuilles tendres et fra\u00eeches sont id\u00e9ales pour les salades, les sandwichs et les accompagnements.<\/p>\n<p><strong>Adaptable \u00e0 toutes les saisons :<\/strong> C&rsquo;est une vari\u00e9t\u00e9 rustique qui peut \u00eatre cultiv\u00e9e toute l&rsquo;ann\u00e9e, supportant aussi bien la chaleur que le froid mod\u00e9r\u00e9.<\/p>\n<p><strong>Productivit\u00e9 \u00e9lev\u00e9e :<\/strong> produit de grandes t\u00eates compactes, garantissant des r\u00e9coltes abondantes et continues.<\/p>\n<p><strong>Facile \u00e0 cultiver :<\/strong> Parfaite pour les d\u00e9butants et les experts, cette vari\u00e9t\u00e9 s&rsquo;adapte bien \u00e0 diff\u00e9rents types de sols et de climats.<\/p>\n<p><strong>Culture biologique :<\/strong> Nos semences sont <strong>100 % biologiques<\/strong>, sans pesticides ni engrais chimiques, ce qui favorise un jardin durable et respectueux de l&rsquo;environnement.<\/p>\n<p>Appr\u00e9ciez la saveur, la fra\u00eecheur et la polyvalence de la <strong>laitue magique biologique Four Seasons<\/strong>, un choix parfait pour votre jardin \u00e0 tout moment de l&rsquo;ann\u00e9e. Commandez d\u00e8s aujourd&rsquo;hui et commencez \u00e0 cultiver ! <\/p>\n","protected":false},"featured_media":45430,"comment_status":"open","ping_status":"closed","template":"","meta":{"_acf_changed":false},"product_brand":[],"product_cat":[424,459],"product_tag":[1579],"class_list":{"0":"post-17711","1":"product","2":"type-product","3":"status-publish","4":"has-post-thumbnail","6":"product_cat-semences-biologiques","7":"product_cat-semences-de-legumes-feuilles-biologiques","8":"product_tag-eco","10":"first","11":"instock","12":"sale","13":"taxable","14":"shipping-taxable","15":"purchasable","16":"product-type-simple"},"acf":[],"_links":{"self":[{"href":"https:\/\/cultivers.es\/fr\/wp-json\/wp\/v2\/product\/17711","targetHints":{"allow":["GET"]}}],"collection":[{"href":"https:\/\/cultivers.es\/fr\/wp-json\/wp\/v2\/product"}],"about":[{"href":"https:\/\/cultivers.es\/fr\/wp-json\/wp\/v2\/types\/product"}],"replies":[{"embeddable":true,"href":"https:\/\/cultivers.es\/fr\/wp-json\/wp\/v2\/comments?post=17711"}],"wp:featuredmedia":[{"embeddable":true,"href":"https:\/\/cultivers.es\/fr\/wp-json\/wp\/v2\/media\/45430"}],"wp:attachment":[{"href":"https:\/\/cultivers.es\/fr\/wp-json\/wp\/v2\/media?parent=17711"}],"wp:term":[{"taxonomy":"product_brand","embeddable":true,"href":"https:\/\/cultivers.es\/fr\/wp-json\/wp\/v2\/product_brand?post=17711"},{"taxonomy":"product_cat","embeddable":true,"href":"https:\/\/cultivers.es\/fr\/wp-json\/wp\/v2\/product_cat?post=17711"},{"taxonomy":"product_tag","embeddable":true,"href":"https:\/\/cultivers.es\/fr\/wp-json\/wp\/v2\/product_tag?post=17711"}],"curies":[{"name":"wp","href":"https:\/\/api.w.org\/{rel}","templated":true}]}}