{"id":17713,"date":"2023-07-04T04:25:17","date_gmt":"2023-07-04T04:25:17","guid":{"rendered":"https:\/\/cultivers.es\/abonos\/pack-prele-et-ortie-purine\/"},"modified":"2026-03-19T07:05:48","modified_gmt":"2026-03-19T07:05:48","slug":"queue-de-cheval-et-purin-de-lortie","status":"publish","type":"product","link":"https:\/\/cultivers.es\/fr\/abonnements\/queue-de-cheval-et-purin-de-lortie\/","title":{"rendered":"Pack Pr\u00eale et Ortie Purine"},"content":{"rendered":"<div id=\"productDescription_feature_div\" class=\"celwidget\" data-feature-name=\"productDescription\" data-csa-c-type=\"widget\" data-csa-c-content-id=\"productDescription\" data-csa-c-slot-id=\"productDescription_feature_div\" data-csa-c-asin=\"\" data-csa-c-is-in-initial-active-row=\"false\" data-csa-c-id=\"wn60rw-hd28dm-sm5qt-oq9hhm\" data-cel-widget=\"productDescription_feature_div\">\n<div>\n<div id=\"productDescription_feature_div\" class=\"a-row feature\" data-feature-name=\"productDescription\" data-template-name=\"productDescription\" data-cel-widget=\"productDescription_feature_div\">\n<div id=\"productDescription\" class=\"a-section a-spacing-small\">\n<p>Renforcez vos plantes avec CULTIVERS Pr\u00eale : Pr\u00e9ventive et curative. Le biostimulant naturel pr\u00e9vient et combat les maladies fongiques telles que le mildiou, l&rsquo;o\u00efdium et la rouille. \ud83d\udcaa Renforcez le m\u00e9canisme de d\u00e9fense de vos plantes : CULTIVERS Horsetail est un extrait d&rsquo;Equisentum Arvense qui renforce le syst\u00e8me de protection naturel des plantes, les rendant plus r\u00e9sistantes aux maladies et aux parasites. L&rsquo;extrait ou la bouillie contient une composition riche en compos\u00e9s qui renforcent le m\u00e9canisme de d\u00e9fense naturelle des plantes. Il peut \u00eatre appliqu\u00e9 comme engrais ou comme stimulant pour les plantes. Riche en \u00e9l\u00e9ments secondaires tels que le soufre, le silicium et le magn\u00e9sium.<\/p>\n<\/div>\n<\/div>\n<\/div>\n<\/div>\n","protected":false},"excerpt":{"rendered":"<ul class=\"a-unordered-list a-vertical a-spacing-mini\">\n<li class=\"a-spacing-mini\"><span class=\"a-list-item\">Renforcement naturel de vos plantes : Avec CULTIVERS Horsetail, vos plantes seront plus fortes et plus r\u00e9sistantes aux maladies et aux parasites gr\u00e2ce \u00e0 son extrait Equisentum Arvense.<\/span><\/li>\n<li class=\"a-spacing-mini\"><span class=\"a-list-item\">\ud83c\udf44 Pr\u00e9vention et traitement des maladies fongiques : Ce produit lutte efficacement contre les champignons tels que le mildiou, l&rsquo;o\u00efdium et la rouille, prot\u00e9geant ainsi vos plantes de mani\u00e8re naturelle et respectueuse de l&rsquo;environnement.<\/span><\/li>\n<li class=\"a-spacing-mini\"><span class=\"a-list-item\">Stimulant et engrais organique : le purin d&rsquo;ortie de CULTIVERS est une solution riche en compos\u00e9s qui renforcent le m\u00e9canisme de d\u00e9fense naturel des plantes et peut \u00eatre appliqu\u00e9 comme engrais ou stimulant.<\/span><\/li>\n<li class=\"a-spacing-mini\"><span class=\"a-list-item\">\ud83d\udca7 \ud83d\udca6 SUPER CONCENTR\u00c9. Dosage et utilisation faciles : Pour l&rsquo;application des produits du pack CULTIVERS, nous recommandons de les utiliser par voie foliaire. Plus d&rsquo;applications avec moins de produits.  <\/span><\/li>\n<li class=\"a-spacing-mini\"><span class=\"a-list-item\">Riche en \u00e9l\u00e9ments secondaires essentiels : CULTIVERS Pr\u00eale &amp; Ortie Purine contient du soufre, du silicium et du magn\u00e9sium, \u00e9l\u00e9ments essentiels pour la croissance et le d\u00e9veloppement sain de vos plantes.<\/span><\/li>\n<\/ul>\n","protected":false},"featured_media":16779,"comment_status":"open","ping_status":"closed","template":"","meta":{"_acf_changed":false},"product_brand":[],"product_cat":[460,461],"product_tag":[],"woo-feed-brand":[],"class_list":{"0":"post-17713","1":"product","2":"type-product","3":"status-publish","4":"has-post-thumbnail","6":"product_cat-protection-des-cultures-et-des-plantes","7":"product_cat-substances-de-base","9":"first","10":"instock","11":"taxable","12":"shipping-taxable","13":"purchasable","14":"product-type-variable"},"acf":[],"_links":{"self":[{"href":"https:\/\/cultivers.es\/fr\/wp-json\/wp\/v2\/product\/17713","targetHints":{"allow":["GET"]}}],"collection":[{"href":"https:\/\/cultivers.es\/fr\/wp-json\/wp\/v2\/product"}],"about":[{"href":"https:\/\/cultivers.es\/fr\/wp-json\/wp\/v2\/types\/product"}],"replies":[{"embeddable":true,"href":"https:\/\/cultivers.es\/fr\/wp-json\/wp\/v2\/comments?post=17713"}],"wp:featuredmedia":[{"embeddable":true,"href":"https:\/\/cultivers.es\/fr\/wp-json\/wp\/v2\/media\/16779"}],"wp:attachment":[{"href":"https:\/\/cultivers.es\/fr\/wp-json\/wp\/v2\/media?parent=17713"}],"wp:term":[{"taxonomy":"product_brand","embeddable":true,"href":"https:\/\/cultivers.es\/fr\/wp-json\/wp\/v2\/product_brand?post=17713"},{"taxonomy":"product_cat","embeddable":true,"href":"https:\/\/cultivers.es\/fr\/wp-json\/wp\/v2\/product_cat?post=17713"},{"taxonomy":"product_tag","embeddable":true,"href":"https:\/\/cultivers.es\/fr\/wp-json\/wp\/v2\/product_tag?post=17713"},{"taxonomy":"woo-feed-brand","embeddable":true,"href":"https:\/\/cultivers.es\/fr\/wp-json\/wp\/v2\/woo-feed-brand?post=17713"}],"curies":[{"name":"wp","href":"https:\/\/api.w.org\/{rel}","templated":true}]}}