{"id":17714,"date":"2023-06-06T08:20:32","date_gmt":"2023-06-06T08:20:32","guid":{"rendered":"https:\/\/cultivers.es\/abonos\/mise-en-place\/"},"modified":"2025-09-22T04:47:28","modified_gmt":"2025-09-22T04:47:28","slug":"mise-en-place","status":"publish","type":"product","link":"https:\/\/cultivers.es\/fr\/abonnements\/mise-en-place\/","title":{"rendered":"Mise en place"},"content":{"rendered":"<p>R\u00e9cup\u00e8re la culture pendant les phases ph\u00e9nologiques critiques pour stimuler et am\u00e9liorer l&rsquo;enracinement, la germination, la floraison, la nouaison et l&rsquo;engraissement des fruits. Traiter avant l&rsquo;apparition de conditions d\u00e9favorables.<\/p>\n","protected":false},"excerpt":{"rendered":"<p>Il concentre les acides amin\u00e9s osmoprotecteurs les plus efficaces qui lui conf\u00e8rent un mode d&rsquo;action unique. Il r\u00e9gule l&rsquo;\u00e9quilibre d&rsquo;hormones cl\u00e9s pour l&rsquo;immunit\u00e9 des plantes (brassinost\u00e9ro\u00efdes, acide salicylique) et l&rsquo;expression de g\u00e8nes impliqu\u00e9s dans les fonctions antioxydantes.<\/p>\n<p>SET UP fournit les ressources n\u00e9cessaires pour minimiser les d\u00e9penses m\u00e9taboliques afin de s&rsquo;adapter au stress et aux dommages qu&rsquo;il peut causer. R\u00e9active imm\u00e9diatement les processus physiologiques de la plante pour maintenir le potentiel de rendement.<\/p>\n","protected":false},"featured_media":0,"comment_status":"open","ping_status":"closed","template":"","meta":{"_acf_changed":false},"product_brand":[],"product_cat":[465,463],"product_tag":[],"woo-feed-brand":[],"class_list":{"0":"post-17714","1":"product","2":"type-product","3":"status-publish","5":"product_cat-acides-amines","6":"product_cat-biostimulants-fr","8":"first","9":"instock","10":"taxable","11":"shipping-taxable","12":"purchasable","13":"product-type-simple"},"acf":[],"_links":{"self":[{"href":"https:\/\/cultivers.es\/fr\/wp-json\/wp\/v2\/product\/17714","targetHints":{"allow":["GET"]}}],"collection":[{"href":"https:\/\/cultivers.es\/fr\/wp-json\/wp\/v2\/product"}],"about":[{"href":"https:\/\/cultivers.es\/fr\/wp-json\/wp\/v2\/types\/product"}],"replies":[{"embeddable":true,"href":"https:\/\/cultivers.es\/fr\/wp-json\/wp\/v2\/comments?post=17714"}],"wp:attachment":[{"href":"https:\/\/cultivers.es\/fr\/wp-json\/wp\/v2\/media?parent=17714"}],"wp:term":[{"taxonomy":"product_brand","embeddable":true,"href":"https:\/\/cultivers.es\/fr\/wp-json\/wp\/v2\/product_brand?post=17714"},{"taxonomy":"product_cat","embeddable":true,"href":"https:\/\/cultivers.es\/fr\/wp-json\/wp\/v2\/product_cat?post=17714"},{"taxonomy":"product_tag","embeddable":true,"href":"https:\/\/cultivers.es\/fr\/wp-json\/wp\/v2\/product_tag?post=17714"},{"taxonomy":"woo-feed-brand","embeddable":true,"href":"https:\/\/cultivers.es\/fr\/wp-json\/wp\/v2\/woo-feed-brand?post=17714"}],"curies":[{"name":"wp","href":"https:\/\/api.w.org\/{rel}","templated":true}]}}