{"id":17715,"date":"2023-06-06T08:31:07","date_gmt":"2023-06-06T08:31:07","guid":{"rendered":"https:\/\/cultivers.es\/abonos\/fleurs-melangees\/"},"modified":"2025-09-22T04:48:20","modified_gmt":"2025-09-22T04:48:20","slug":"melange-de-fleurs","status":"publish","type":"product","link":"https:\/\/cultivers.es\/fr\/abonnements\/melange-de-fleurs\/","title":{"rendered":"Semences de fleurs m\u00e9lang\u00e9es"},"content":{"rendered":"<p>M\u00e9lange de fleurs annuelles non spontan\u00e9es. Elles attirent les insectes utiles et augmentent la biodiversit\u00e9. Elles sont parfaites pour \u00eatre plant\u00e9es en bordure du potager. Le sol doit \u00eatre pr\u00e9par\u00e9 et d\u00e9barrass\u00e9 des mauvaises herbes pour permettre une plantation correcte.<\/p>\n<p>&nbsp;<\/p>\n","protected":false},"excerpt":{"rendered":"<p>Notre <strong>m\u00e9lange de fleurs biologiques<\/strong> est parfait pour remplir votre <strong>verger et votre jardin<\/strong> de couleurs, de vie et de biodiversit\u00e9. Ce m\u00e9lange comprend une vari\u00e9t\u00e9 de fleurs s\u00e9lectionn\u00e9es pour apporter une explosion de tons vibrants et de parfums naturels, cr\u00e9ant un espace attrayant pour l&rsquo;\u0153il et les pollinisateurs tels que les abeilles et les papillons. Id\u00e9al pour les bordures, les prairies naturelles ou les zones ornementales, ce m\u00e9lange est facile \u00e0 cultiver et n\u00e9cessite peu de soins.  <\/p>\n<p><strong>Vari\u00e9t\u00e9 de couleurs et de formes :<\/strong> Ce m\u00e9lange comprend des fleurs de tailles et de couleurs diff\u00e9rentes, qui donnent un aspect dynamique et naturel \u00e0 tout espace vert.<\/p>\n<p><strong>Attractif pour les pollinisateurs :<\/strong> con\u00e7u pour attirer les abeilles, les papillons et d&rsquo;autres insectes b\u00e9n\u00e9fiques, favorisant la biodiversit\u00e9 et aidant \u00e0 polliniser d&rsquo;autres cultures.<\/p>\n<p><strong>Floraison prolong\u00e9e :<\/strong> Gr\u00e2ce \u00e0 la diversit\u00e9 des esp\u00e8ces, vous profiterez des fleurs tout au long de la saison, du printemps \u00e0 l&rsquo;automne.<\/p>\n<p><strong>Facile \u00e0 cultiver :<\/strong> S&rsquo;adaptant \u00e0 diff\u00e9rents types de sols et de conditions climatiques, ce m\u00e9lange est parfait pour les d\u00e9butants comme pour les jardiniers exp\u00e9riment\u00e9s.<\/p>\n<p><strong>Id\u00e9al pour les prairies naturelles et les bordures :<\/strong> donne un aspect sauvage et d\u00e9contract\u00e9, parfait pour cr\u00e9er des espaces plus vivants et \u00e9cologiques.<\/p>\n<p><strong>Culture biologique :<\/strong> Nos semences sont <strong>100 % biologiques<\/strong>, sans pesticides ni engrais chimiques, ce qui favorise un <strong>jardin<\/strong> durable et respectueux de l&rsquo;environnement.<\/p>\n<p>Remplissez votre <strong>jardin et votre verger<\/strong> de vie et de couleur avec ce <strong>m\u00e9lange de fleurs biologiques<\/strong> et transformez votre espace en un havre de nature. Commandez d\u00e8s aujourd&rsquo;hui et profitez d&rsquo;une floraison spectaculaire ! <\/p>\n","protected":false},"featured_media":16804,"comment_status":"open","ping_status":"closed","template":"","meta":{"_acf_changed":false},"product_brand":[],"product_cat":[464],"product_tag":[1579],"class_list":{"0":"post-17715","1":"product","2":"type-product","3":"status-publish","4":"has-post-thumbnail","6":"product_cat-semences-de-fleurs-biologiques","7":"product_tag-eco","9":"first","10":"outofstock","11":"taxable","12":"shipping-taxable","13":"purchasable","14":"product-type-variable"},"acf":[],"_links":{"self":[{"href":"https:\/\/cultivers.es\/fr\/wp-json\/wp\/v2\/product\/17715","targetHints":{"allow":["GET"]}}],"collection":[{"href":"https:\/\/cultivers.es\/fr\/wp-json\/wp\/v2\/product"}],"about":[{"href":"https:\/\/cultivers.es\/fr\/wp-json\/wp\/v2\/types\/product"}],"replies":[{"embeddable":true,"href":"https:\/\/cultivers.es\/fr\/wp-json\/wp\/v2\/comments?post=17715"}],"wp:featuredmedia":[{"embeddable":true,"href":"https:\/\/cultivers.es\/fr\/wp-json\/wp\/v2\/media\/16804"}],"wp:attachment":[{"href":"https:\/\/cultivers.es\/fr\/wp-json\/wp\/v2\/media?parent=17715"}],"wp:term":[{"taxonomy":"product_brand","embeddable":true,"href":"https:\/\/cultivers.es\/fr\/wp-json\/wp\/v2\/product_brand?post=17715"},{"taxonomy":"product_cat","embeddable":true,"href":"https:\/\/cultivers.es\/fr\/wp-json\/wp\/v2\/product_cat?post=17715"},{"taxonomy":"product_tag","embeddable":true,"href":"https:\/\/cultivers.es\/fr\/wp-json\/wp\/v2\/product_tag?post=17715"}],"curies":[{"name":"wp","href":"https:\/\/api.w.org\/{rel}","templated":true}]}}