{"id":17716,"date":"2023-07-31T13:32:10","date_gmt":"2023-07-31T13:32:10","guid":{"rendered":"https:\/\/cultivers.es\/abonos\/correcteur-potassique-vegetal\/"},"modified":"2025-09-22T04:50:18","modified_gmt":"2025-09-22T04:50:18","slug":"potassium-legumes","status":"publish","type":"product","link":"https:\/\/cultivers.es\/fr\/abonnements\/potassium-legumes\/","title":{"rendered":"Correcteur potassique v\u00e9g\u00e9tal"},"content":{"rendered":"<p class=\"p1\">Le potassium d&rsquo;origine v\u00e9g\u00e9tale, produit obtenu \u00e0 partir d&rsquo;algues, est un engrais de haute qualit\u00e9 qui apporte du potassium et des micro-\u00e9l\u00e9ments essentiels \u00e0 la croissance et au d\u00e9veloppement des plantes. Cet engrais appliqu\u00e9 sur les racines se caract\u00e9rise par son origine naturelle et respectueuse de l&rsquo;environnement.<\/p>\n<p class=\"p1\">Le potassium est un macro-\u00e9l\u00e9ment qui joue un r\u00f4le fondamental dans la sant\u00e9 de nos plantes, en contribuant au d\u00e9veloppement de racines solides, en am\u00e9liorant la r\u00e9sistance au stress et en favorisant la qualit\u00e9 des fruits. Les micro-\u00e9l\u00e9ments pr\u00e9sents dans ce produit, tels que le fer, le mangan\u00e8se, le zinc et le bore, sont essentiels pour de nombreux processus m\u00e9taboliques des plantes.<\/p>\n<p class=\"p1\">En utilisant ce potassium d&rsquo;origine v\u00e9g\u00e9tale, vous garantissez une nutrition \u00e9quilibr\u00e9e et compl\u00e8te \u00e0 vos cultures. L&rsquo;application racinaire permet une absorption efficace des nutriments, favorisant une croissance saine et une r\u00e9sistance accrue aux maladies et aux conditions d\u00e9favorables.<\/p>\n<p class=\"p1\"><b>VEGAN :<\/b><\/p>\n<p class=\"p2\">Ce potassium d&rsquo;origine v\u00e9g\u00e9tale est un excellent choix pour les v\u00e9g\u00e9taliens qui souhaitent fertiliser leurs plantes avec des sources d&rsquo;origine v\u00e9g\u00e9tale. En tant que produit obtenu \u00e0 partir d&rsquo;algues, il est totalement exempt d&rsquo;ingr\u00e9dients d&rsquo;origine animale.<\/p>\n<p class=\"p2\">Le fait qu&rsquo;il s&rsquo;agisse d&rsquo;un produit \u00e0 base de plantes en fait une alternative \u00e9thique et durable, car il ne contribue pas \u00e0 l&rsquo;exploitation animale et n&rsquo;a pas d&rsquo;impact n\u00e9gatif sur l&rsquo;environnement. Les v\u00e9g\u00e9taliens peuvent \u00eatre s\u00fbrs qu&rsquo;ils prennent soin de leurs plantes d&rsquo;une mani\u00e8re conforme \u00e0 leurs valeurs et \u00e0 leur mode de vie.<span class=\"Apple-converted-space\"> <\/span><\/p>\n<p class=\"p2\">Il s&rsquo;agit non seulement d&rsquo;un engrais respectueux des animaux, mais il offre \u00e9galement des avantages significatifs pour la croissance et le d\u00e9veloppement de nos plantes dans les jardins et les vergers. Gr\u00e2ce \u00e0 sa forte concentration en potassium et en micro-\u00e9l\u00e9ments, il garantit une nutrition \u00e9quilibr\u00e9e et une plus grande r\u00e9sistance des plantes au stress abiotique, ce qui se traduit par des plantes plus saines, des r\u00e9coltes abondantes et une excellente qualit\u00e9.<\/p>\n<p class=\"p2\">En r\u00e9sum\u00e9, le potassium v\u00e9g\u00e9tal est le choix id\u00e9al pour les v\u00e9g\u00e9taliens qui souhaitent promouvoir un mode de vie durable, \u00e9thique et sain, en accord avec leurs valeurs et leur mode de vie. En m\u00eame temps, ils prennent soin de leurs cultures et de leurs jardins d&rsquo;une mani\u00e8re efficace et respectueuse de l&rsquo;environnement.<span class=\"Apple-converted-space\"> <\/span><\/p>\n","protected":false},"excerpt":{"rendered":"<p class=\"p1\"><b>Augmente la r\u00e9sistance des plantes<\/b>: Le potassium d&rsquo;origine v\u00e9g\u00e9tale renforce la r\u00e9sistance des plantes aux maladies, au stress hydrique et aux conditions environnementales d\u00e9favorables, am\u00e9liorant ainsi leur sant\u00e9 g\u00e9n\u00e9rale.<\/p>\n<p class=\"p1\"><b>Stimule la croissance des racines :<\/b> ce produit favorise le d\u00e9veloppement de racines fortes et vigoureuses, ce qui am\u00e9liore l&rsquo;absorption des nutriments et de l&rsquo;eau par les plantes.<\/p>\n<p class=\"p1\"><b>Am\u00e9liore la qualit\u00e9 du fruit :<\/b> la teneur en potassium contribue \u00e0 am\u00e9liorer la qualit\u00e9 du fruit, en augmentant sa saveur, sa taille et sa valeur nutritionnelle.<\/p>\n<p class=\"p1\"><b>\u00c9quilibre la nutrition des<\/b> plantes : contenant des micro-\u00e9l\u00e9ments essentiels, ce produit aide \u00e0 \u00e9quilibrer la nutrition des plantes, garantissant une croissance saine et de bons rendements.<\/p>\n<p class=\"p1\">Gr\u00e2ce \u00e0 ce potassium d&rsquo;origine v\u00e9g\u00e9tale sous forme solide, vous pouvez profiter d&rsquo;un jardin et d&rsquo;un verger plus vigoureux et plus productif, en favorisant une croissance saine de vos plantes et en obtenant des r\u00e9coltes d&rsquo;excellente qualit\u00e9.<\/p>\n","protected":false},"featured_media":16974,"comment_status":"open","ping_status":"closed","template":"","meta":{"_acf_changed":false},"product_brand":[],"product_cat":[710],"product_tag":[],"class_list":{"0":"post-17716","1":"product","2":"type-product","3":"status-publish","4":"has-post-thumbnail","6":"product_cat-maturation-et-engraissement-fr","8":"first","9":"instock","10":"taxable","11":"shipping-taxable","12":"purchasable","13":"product-type-variable"},"acf":[],"_links":{"self":[{"href":"https:\/\/cultivers.es\/fr\/wp-json\/wp\/v2\/product\/17716","targetHints":{"allow":["GET"]}}],"collection":[{"href":"https:\/\/cultivers.es\/fr\/wp-json\/wp\/v2\/product"}],"about":[{"href":"https:\/\/cultivers.es\/fr\/wp-json\/wp\/v2\/types\/product"}],"replies":[{"embeddable":true,"href":"https:\/\/cultivers.es\/fr\/wp-json\/wp\/v2\/comments?post=17716"}],"wp:featuredmedia":[{"embeddable":true,"href":"https:\/\/cultivers.es\/fr\/wp-json\/wp\/v2\/media\/16974"}],"wp:attachment":[{"href":"https:\/\/cultivers.es\/fr\/wp-json\/wp\/v2\/media?parent=17716"}],"wp:term":[{"taxonomy":"product_brand","embeddable":true,"href":"https:\/\/cultivers.es\/fr\/wp-json\/wp\/v2\/product_brand?post=17716"},{"taxonomy":"product_cat","embeddable":true,"href":"https:\/\/cultivers.es\/fr\/wp-json\/wp\/v2\/product_cat?post=17716"},{"taxonomy":"product_tag","embeddable":true,"href":"https:\/\/cultivers.es\/fr\/wp-json\/wp\/v2\/product_tag?post=17716"}],"curies":[{"name":"wp","href":"https:\/\/api.w.org\/{rel}","templated":true}]}}