{"id":17722,"date":"2023-07-14T10:58:03","date_gmt":"2023-07-14T10:58:03","guid":{"rendered":"https:\/\/cultivers.es\/abonos\/tuteurs-en-bambou\/"},"modified":"2025-09-22T04:48:38","modified_gmt":"2025-09-22T04:48:38","slug":"tuteurs-bambu","status":"publish","type":"product","link":"https:\/\/cultivers.es\/fr\/abonnements\/tuteurs-bambu\/","title":{"rendered":"Tuteurs en bambou"},"content":{"rendered":"<p>CULTIVERS, marque r\u00e9put\u00e9e pour son engagement en mati\u00e8re de qualit\u00e9 et de durabilit\u00e9, pr\u00e9sente son lot de 30 tuteurs en bambou, id\u00e9aux pour soutenir et guider vos plantes dans le jardin, sur la terrasse, le balcon, le patio ou le toit. Avec des ann\u00e9es d&rsquo;exp\u00e9rience dans le secteur, CULTIVERS est devenu un choix fiable pour ceux qui recherchent des produits durables et respectueux de l&rsquo;environnement.<\/p>\n<p>Ces tuteurs en bambou naturel sont solides et robustes, garantissant une longue dur\u00e9e de vie dans votre jardin. Cultiv\u00e9s de mani\u00e8re durable et coup\u00e9s \u00e0 la main, ces roseaux ne nuisent pas \u00e0 l&rsquo;environnement et n&rsquo;affectent pas les plantes et les animaux. Ils sont \u00e9galement tr\u00e8s faciles \u00e0 installer : il suffit d&rsquo;ins\u00e9rer les piquets minces et fermes dans le sol, et si vous avez besoin d&rsquo;ajuster leur longueur, vous pouvez facilement les couper.<\/p>\n<p>Les tuteurs en bambou CULTIVERS sont parfaits pour soutenir une grande vari\u00e9t\u00e9 de plantes ornementales, en veillant \u00e0 ce qu&rsquo;elles poussent droites et fortes. Elles sont \u00e9galement id\u00e9ales pour la construction de treillis, de cl\u00f4tures ou comme support naturel pour les plantes grimpantes. Leur polyvalence en fait un excellent choix pour la d\u00e9coration int\u00e9rieure et ext\u00e9rieure, car leurs couleurs naturelles ajoutent une touche unique \u00e0 tout espace.<\/p>\n<p>Avec ces tuteurs, vous pouvez cr\u00e9er votre propre potager vertical et cultiver des l\u00e9gumes, des herbes aromatiques, des fruits ou n&rsquo;importe quel type de l\u00e9gume sans vous soucier de sa hauteur.<\/p>\n<p>En bref, les tuteurs en bambou CULTIVERS sont une solution \u00e9cologique, durable et polyvalente pour soutenir vos plantes et embellir vos espaces. N&rsquo;attendez plus pour profiter de ses multiples avantages et transformer votre jardin en une oasis de verdure et de sant\u00e9.<\/p>\n","protected":false},"excerpt":{"rendered":"<div id=\"featurebullets_feature_div\" class=\"celwidget\" data-feature-name=\"featurebullets\" data-csa-c-type=\"widget\" data-csa-c-content-id=\"featurebullets\" data-csa-c-slot-id=\"featurebullets_feature_div\" data-csa-c-asin=\"B0C7CXYSVD\" data-csa-c-is-in-initial-active-row=\"false\" data-csa-c-id=\"hqew4v-rfx582-ixcgmq-dqyj5\" data-cel-widget=\"featurebullets_feature_div\">\n<div id=\"feature-bullets\" class=\"a-section a-spacing-medium a-spacing-top-small\">\n<ul>\n<li><span class=\"a-list-item\"><span class=\"a-list-item\">Tuteurs en bambou biologique : CULTIVERS propose 30 tuteurs en bambou naturel, id\u00e9aux pour soutenir vos plantes grimpantes telles que les tomates, les l\u00e9gumes et les arbres, assurant ainsi une croissance saine et solide.<\/span><\/span><\/li>\n<li><span class=\"a-list-item\"><span class=\"a-list-item\">Solidit\u00e9 et durabilit\u00e9 : les tuteurs en bambou sont solides et robustes, ce qui leur permet de durer plusieurs saisons dans votre jardin. Cultiv\u00e9s de mani\u00e8re durable et cueillis \u00e0 la main, ils ne nuisent ni aux plantes ni aux animaux.<\/span><\/span><\/li>\n<li><span class=\"a-list-item\"><span class=\"a-list-item\">Facile \u00e0 installer : il suffit de placer les piquets fins et robustes dans le sol. Si vous n&rsquo;\u00eates pas satisfait de la longueur, il est facile \u00e0 couper \u00e0 n&rsquo;importe quelle longueur et est id\u00e9al pour la construction de treillis ou pour le soutien naturel des plantes grimpantes.<\/span><\/span><\/li>\n<li><span class=\"a-list-item\"><span class=\"a-list-item\">\ud83c\udf3c Utilisation multiple et d\u00e9corative : Ces tuteurs peuvent \u00eatre utilis\u00e9s pour soutenir une grande vari\u00e9t\u00e9 de plantes ornementales et \u00e9galement comme \u00e9l\u00e9ments d\u00e9coratifs \u00e0 l&rsquo;int\u00e9rieur et \u00e0 l&rsquo;ext\u00e9rieur, en construisant des treillis, des cl\u00f4tures ou en les accrochant au mur.<\/span><\/span><\/li>\n<li><span class=\"a-list-item\">\ud83c\udfe1 Adapt\u00e9 \u00e0 tous les types d&rsquo;espaces : Les tuteurs en bambou CULTIVERS sont parfaits pour am\u00e9nager votre jardin, votre terrasse, votre balcon, votre patio ou votre toit, vous permettant ainsi de cr\u00e9er votre propre potager vertical et de profiter de vos fruits et l\u00e9gumes cultiv\u00e9s \u00e0 la maison.<\/span><\/li>\n<\/ul>\n<\/div>\n<\/div>\n<div id=\"provenanceCertifications_feature_div\" class=\"celwidget\" data-feature-name=\"provenanceCertifications\" data-csa-c-type=\"widget\" data-csa-c-content-id=\"provenanceCertifications\" data-csa-c-slot-id=\"provenanceCertifications_feature_div\" data-csa-c-asin=\"B0C7CXYSVD\" data-csa-c-is-in-initial-active-row=\"false\" data-csa-c-id=\"9h55pu-p4awvn-8sd9v7-p19yv7\" data-cel-widget=\"provenanceCertifications_feature_div\">\n<div id=\"provenance-certifications\" class=\"a-section a-spacing-medium a-spacing-top-micro\"><\/div>\n<\/div>\n","protected":false},"featured_media":16889,"comment_status":"open","ping_status":"closed","template":"","meta":{"_acf_changed":false},"product_brand":[],"product_cat":[1322],"product_tag":[],"woo-feed-brand":[],"class_list":{"0":"post-17722","1":"product","2":"type-product","3":"status-publish","4":"has-post-thumbnail","6":"product_cat-nursery-fr","8":"first","9":"instock","10":"taxable","11":"shipping-taxable","12":"purchasable","13":"product-type-variable"},"acf":[],"_links":{"self":[{"href":"https:\/\/cultivers.es\/fr\/wp-json\/wp\/v2\/product\/17722","targetHints":{"allow":["GET"]}}],"collection":[{"href":"https:\/\/cultivers.es\/fr\/wp-json\/wp\/v2\/product"}],"about":[{"href":"https:\/\/cultivers.es\/fr\/wp-json\/wp\/v2\/types\/product"}],"replies":[{"embeddable":true,"href":"https:\/\/cultivers.es\/fr\/wp-json\/wp\/v2\/comments?post=17722"}],"wp:featuredmedia":[{"embeddable":true,"href":"https:\/\/cultivers.es\/fr\/wp-json\/wp\/v2\/media\/16889"}],"wp:attachment":[{"href":"https:\/\/cultivers.es\/fr\/wp-json\/wp\/v2\/media?parent=17722"}],"wp:term":[{"taxonomy":"product_brand","embeddable":true,"href":"https:\/\/cultivers.es\/fr\/wp-json\/wp\/v2\/product_brand?post=17722"},{"taxonomy":"product_cat","embeddable":true,"href":"https:\/\/cultivers.es\/fr\/wp-json\/wp\/v2\/product_cat?post=17722"},{"taxonomy":"product_tag","embeddable":true,"href":"https:\/\/cultivers.es\/fr\/wp-json\/wp\/v2\/product_tag?post=17722"},{"taxonomy":"woo-feed-brand","embeddable":true,"href":"https:\/\/cultivers.es\/fr\/wp-json\/wp\/v2\/woo-feed-brand?post=17722"}],"curies":[{"name":"wp","href":"https:\/\/api.w.org\/{rel}","templated":true}]}}