{"id":17724,"date":"2023-07-07T13:58:05","date_gmt":"2023-07-07T13:58:05","guid":{"rendered":"https:\/\/cultivers.es\/abonos\/acide-citrique-anhydre\/"},"modified":"2025-09-22T04:48:50","modified_gmt":"2025-09-22T04:48:50","slug":"cultivateurs-acide-citrique-anhydro-acide","status":"publish","type":"product","link":"https:\/\/cultivers.es\/fr\/abonnements\/cultivateurs-acide-citrique-anhydro-acide\/","title":{"rendered":"Acide citrique anhydre"},"content":{"rendered":"","protected":false},"excerpt":{"rendered":"<div id=\"featurebullets_feature_div\" class=\"celwidget\" data-feature-name=\"featurebullets\" data-csa-c-type=\"widget\" data-csa-c-content-id=\"featurebullets\" data-csa-c-slot-id=\"featurebullets_feature_div\" data-csa-c-asin=\"B0C8Z2FVRH\" data-csa-c-is-in-initial-active-row=\"false\" data-csa-c-id=\"2d4w6n-txdvr1-blqe7g-yp5qwt\" data-cel-widget=\"featurebullets_feature_div\">\n<div id=\"feature-bullets\" class=\"a-section a-spacing-medium a-spacing-top-small\">\n<ul class=\"a-unordered-list a-vertical a-spacing-mini\">\n<li class=\"a-spacing-mini\"><span class=\"a-list-item\">\ud83c\udf31 Des jardins et des ext\u00e9rieurs impeccables : l&rsquo;acide citrique de CULTIVERS est parfait pour maintenir en parfait \u00e9tat les lits de semence, les jardini\u00e8res, les outils de jardin, les barbecues et les meubles d&rsquo;ext\u00e9rieur. Votre jardin sera toujours radieux !<\/span><\/li>\n<li class=\"a-spacing-mini\"><span class=\"a-list-item\">\u267b\ufe0f Nettoyage \u00e9cologique et polyvalent : notre acide citrique 100 % pur est id\u00e9al pour le nettoyage des m\u00e9nages et des installations. Il est exempt d&rsquo;OGM et d&rsquo;agents antiagglom\u00e9rants. Un produit respectueux de l&rsquo;environnement et sans OGM<\/span><\/li>\n<li class=\"a-spacing-mini\"><span class=\"a-list-item\">Agriculture et correcteur de pH : l&rsquo;acide citrique de CULTIVERS est excellent pour la r\u00e9gulation du pH dans l&rsquo;agriculture biologique, la promotion de la microbiologie du sol et le d\u00e9bouchage des goutteurs dans le cadre de la fertigation. Un alli\u00e9 pour vos cultures !<\/span><\/li>\n<li class=\"a-spacing-mini\"><span class=\"a-list-item\">\ud83d\udca7 Am\u00e9liore l&rsquo;eau d&rsquo;irrigation et la d\u00e9sinfection : Utilisez notre acide citrique comme correcteur de pH dans l&rsquo;eau d&rsquo;irrigation, favorisant ainsi l&rsquo;activit\u00e9 microbienne du sol. Il est \u00e9galement parfait pour nettoyer et d\u00e9sinfecter les goutteurs, les \u00e9quipements et les drains.<\/span><\/li>\n<li class=\"a-spacing-mini\"><span class=\"a-list-item\">\ud83c\udfe0 Des cuisines et des salles de bains brillantes : L&rsquo;acide citrique CULTIVERS est id\u00e9al pour nettoyer les baignoires, les \u00e9viers, les toilettes, les robinets et les carrelages dans les salles de bains, ainsi que pour d\u00e9graisser les ustensiles de cuisine et garder les surfaces propres et brillantes.<\/span><\/li>\n<\/ul>\n<\/div>\n<\/div>\n<div id=\"provenanceCertifications_feature_div\" class=\"celwidget\" data-feature-name=\"provenanceCertifications\" data-csa-c-type=\"widget\" data-csa-c-content-id=\"provenanceCertifications\" data-csa-c-slot-id=\"provenanceCertifications_feature_div\" data-csa-c-asin=\"B0C8Z2FVRH\" data-csa-c-is-in-initial-active-row=\"false\" data-csa-c-id=\"dyqgc4-xfgm8h-p11qwx-6us0q3\" data-cel-widget=\"provenanceCertifications_feature_div\">\n<div id=\"provenance-certifications\" class=\"a-section a-spacing-medium a-spacing-top-micro\"><\/div>\n<\/div>\n","protected":false},"featured_media":16834,"comment_status":"open","ping_status":"closed","template":"","meta":{"_acf_changed":false},"product_brand":[],"product_cat":[687],"product_tag":[],"woo-feed-brand":[],"class_list":{"0":"post-17724","1":"product","2":"type-product","3":"status-publish","4":"has-post-thumbnail","6":"product_cat-matieres-premieres","8":"first","9":"instock","10":"taxable","11":"shipping-taxable","12":"purchasable","13":"product-type-variable"},"acf":[],"_links":{"self":[{"href":"https:\/\/cultivers.es\/fr\/wp-json\/wp\/v2\/product\/17724","targetHints":{"allow":["GET"]}}],"collection":[{"href":"https:\/\/cultivers.es\/fr\/wp-json\/wp\/v2\/product"}],"about":[{"href":"https:\/\/cultivers.es\/fr\/wp-json\/wp\/v2\/types\/product"}],"replies":[{"embeddable":true,"href":"https:\/\/cultivers.es\/fr\/wp-json\/wp\/v2\/comments?post=17724"}],"wp:featuredmedia":[{"embeddable":true,"href":"https:\/\/cultivers.es\/fr\/wp-json\/wp\/v2\/media\/16834"}],"wp:attachment":[{"href":"https:\/\/cultivers.es\/fr\/wp-json\/wp\/v2\/media?parent=17724"}],"wp:term":[{"taxonomy":"product_brand","embeddable":true,"href":"https:\/\/cultivers.es\/fr\/wp-json\/wp\/v2\/product_brand?post=17724"},{"taxonomy":"product_cat","embeddable":true,"href":"https:\/\/cultivers.es\/fr\/wp-json\/wp\/v2\/product_cat?post=17724"},{"taxonomy":"product_tag","embeddable":true,"href":"https:\/\/cultivers.es\/fr\/wp-json\/wp\/v2\/product_tag?post=17724"},{"taxonomy":"woo-feed-brand","embeddable":true,"href":"https:\/\/cultivers.es\/fr\/wp-json\/wp\/v2\/woo-feed-brand?post=17724"}],"curies":[{"name":"wp","href":"https:\/\/api.w.org\/{rel}","templated":true}]}}