{"id":17742,"date":"2023-09-06T11:05:03","date_gmt":"2023-09-06T11:05:03","guid":{"rendered":"https:\/\/cultivers.es\/abonos\/semences-de-chou-blanc-biologique\/"},"modified":"2025-09-22T05:05:11","modified_gmt":"2025-09-22T05:05:11","slug":"bio-colombine-collenca-semences-ecologique-irandela-semences","status":"publish","type":"product","link":"https:\/\/cultivers.es\/fr\/abonnements\/bio-colombine-collenca-semences-ecologique-irandela-semences\/","title":{"rendered":"Semences de chou fris\u00e9 Mirandela"},"content":{"rendered":"","protected":false},"excerpt":{"rendered":"<p>D\u00e9couvrez le go\u00fbt authentique de la tradition portugaise avec nos <strong>graines de chou Penca de Mirandela biologique<\/strong>. Cette vari\u00e9t\u00e9 est r\u00e9put\u00e9e pour ses grandes feuilles, sa texture tendre et sa saveur douce, id\u00e9ale pour pr\u00e9parer des plats traditionnels tels que des soupes et des rago\u00fbts, ou pour les d\u00e9guster \u00e0 la vapeur. Parfait pour les cultures d&rsquo;automne et d&rsquo;hiver, le chou de Mirandela allie rusticit\u00e9 et productivit\u00e9, ce qui en fait un excellent choix pour les potagers durables.  <\/p>\n<ul>\n<li><strong>Feuilles larges et tendres :<\/strong> Le chou fris\u00e9 Mirandela produit de larges feuilles vertes et charnues qui conviennent parfaitement aux recettes traditionnelles et aux nouvelles cr\u00e9ations culinaires.<\/li>\n<li><strong>Saveur douce et polyvalente :<\/strong> avec une saveur d\u00e9licate et l\u00e9g\u00e8rement sucr\u00e9e, ce chou est id\u00e9al pour \u00eatre consomm\u00e9 cuit dans des soupes, des rago\u00fbts ou en accompagnement de plats sains.<\/li>\n<li><strong>R\u00e9sistance au froid :<\/strong> Cette vari\u00e9t\u00e9 est particuli\u00e8rement r\u00e9sistante aux basses temp\u00e9ratures, ce qui en fait un choix id\u00e9al pour les cultures d&rsquo;automne et d&rsquo;hiver.<\/li>\n<li><strong>Riche en nutriments :<\/strong> Ce chou est une excellente source de vitamines A, C et K, de fibres et de min\u00e9raux essentiels tels que le calcium et le fer, ce qui le rend tr\u00e8s nutritif et sain.<\/li>\n<li><strong>Facile \u00e0 cultiver : le<\/strong> chou fris\u00e9 Mirandela est une plante rustique qui s&rsquo;adapte \u00e0 diff\u00e9rents types de sols et de climats, ce qui le rend parfait pour les d\u00e9butants et les jardiniers plus exp\u00e9riment\u00e9s.<\/li>\n<li><strong>Culture biologique :<\/strong> Nos semences sont 100 % biologiques, sans pesticides ni produits chimiques, ce qui favorise une culture saine et respectueuse de l&rsquo;environnement pour vous et votre famille.<\/li>\n<\/ul>\n<p>Remplissez votre potager de tradition et de saveur avec les <strong>graines de chou bio Mirandela Penca de Mirandela<\/strong>. Faciles \u00e0 cultiver, nutritifs et d\u00e9licieux, ces choux seront un ajout indispensable \u00e0 votre table. Commandez d\u00e8s aujourd&rsquo;hui et commencez \u00e0 profiter de cette d\u00e9licieuse vari\u00e9t\u00e9 portugaise.  <\/p>\n","protected":false},"featured_media":45392,"comment_status":"open","ping_status":"closed","template":"","meta":{"_acf_changed":false},"product_brand":[],"product_cat":[424,431],"product_tag":[1579],"class_list":{"0":"post-17742","1":"product","2":"type-product","3":"status-publish","4":"has-post-thumbnail","6":"product_cat-semences-biologiques","7":"product_cat-semences-de-brassica-biologiques","8":"product_tag-eco","10":"first","11":"instock","12":"taxable","13":"shipping-taxable","14":"purchasable","15":"product-type-simple"},"acf":[],"_links":{"self":[{"href":"https:\/\/cultivers.es\/fr\/wp-json\/wp\/v2\/product\/17742","targetHints":{"allow":["GET"]}}],"collection":[{"href":"https:\/\/cultivers.es\/fr\/wp-json\/wp\/v2\/product"}],"about":[{"href":"https:\/\/cultivers.es\/fr\/wp-json\/wp\/v2\/types\/product"}],"replies":[{"embeddable":true,"href":"https:\/\/cultivers.es\/fr\/wp-json\/wp\/v2\/comments?post=17742"}],"wp:featuredmedia":[{"embeddable":true,"href":"https:\/\/cultivers.es\/fr\/wp-json\/wp\/v2\/media\/45392"}],"wp:attachment":[{"href":"https:\/\/cultivers.es\/fr\/wp-json\/wp\/v2\/media?parent=17742"}],"wp:term":[{"taxonomy":"product_brand","embeddable":true,"href":"https:\/\/cultivers.es\/fr\/wp-json\/wp\/v2\/product_brand?post=17742"},{"taxonomy":"product_cat","embeddable":true,"href":"https:\/\/cultivers.es\/fr\/wp-json\/wp\/v2\/product_cat?post=17742"},{"taxonomy":"product_tag","embeddable":true,"href":"https:\/\/cultivers.es\/fr\/wp-json\/wp\/v2\/product_tag?post=17742"}],"curies":[{"name":"wp","href":"https:\/\/api.w.org\/{rel}","templated":true}]}}