{"id":17809,"date":"2021-10-22T12:12:46","date_gmt":"2021-10-22T12:12:46","guid":{"rendered":"https:\/\/cultivers.es\/abonos\/engrais-universel-liquide-ecologique\/"},"modified":"2025-09-22T04:54:02","modified_gmt":"2025-09-22T04:54:02","slug":"engrais-universel-ecologique-liquide","status":"publish","type":"product","link":"https:\/\/cultivers.es\/fr\/abonnements\/engrais-universel-ecologique-liquide\/","title":{"rendered":"Engrais universel liquide \u00e9cologique"},"content":{"rendered":"<p>Engrais organique liquide universel pour tous les types de plantes d&rsquo;int\u00e9rieur et d&rsquo;ext\u00e9rieur. Des plantes plus saines et plus vigoureuses. Facilite le d\u00e9veloppement des plantes dans les situations de stress, ce qui permet une meilleure r\u00e9cup\u00e9ration des plantes. \u00c9quilibre optimal des nutriments essentiels pour le d\u00e9veloppement v\u00e9g\u00e9tatif et la fructification. Solution npk 4-1-7. L&rsquo;apport combin\u00e9 de macronutriments (azote, phosphore et potassium) et de micronutriments (bore, calcium, fer, mangan\u00e8se, molybd\u00e8ne et zinc) fournit une alimentation plus compl\u00e8te et plus \u00e9quilibr\u00e9e. Les acides amin\u00e9s favorisent l&rsquo;assimilation des \u00e9l\u00e9ments et lui conf\u00e8rent une action biostimulante. Produit 100% naturel, inoffensif pour les animaux et respectueux de l&rsquo;environnement. Engrais organique universel liquide. Engrais 100% organique et naturel. Solution Npk (4-1-7) avec micronutriments (b, cu, fe, mn, mo et zn) et acides amin\u00e9s.<\/p>\n","protected":false},"excerpt":{"rendered":"<ul class=\"a-unordered-list a-vertical a-spacing-mini\">\n<li><span class=\"a-list-item\">Engrais organique liquide universel pour tous les types de plantes d&rsquo;int\u00e9rieur et d&rsquo;ext\u00e9rieur.<\/span><\/li>\n<li><span class=\"a-list-item\">Des plantes plus saines et plus vigoureuses. Facilite le d\u00e9veloppement des plantes dans les situations de stress, ce qui permet une meilleure r\u00e9cup\u00e9ration des plantes.<\/span><\/li>\n<li><span class=\"a-list-item\">\u00c9quilibre optimal des nutriments essentiels pour le d\u00e9veloppement v\u00e9g\u00e9tatif et la fructification.<\/span><\/li>\n<li><span class=\"a-list-item\">Solution NPK 4-1-7. Apport combin\u00e9 de macronutriments (azote, phosphore et potassium) et de micronutriments (bore, calcium, fer, magn\u00e9sium, molybd\u00e8ne et zinc) pour une alimentation plus compl\u00e8te et \u00e9quilibr\u00e9e. Les acides amin\u00e9s favorisent l&rsquo;assimilation des \u00e9l\u00e9ments et leur conf\u00e8rent une action biostimulante.<\/span><\/li>\n<li><span class=\"a-list-item\">Produit 100% naturel et inoffensif pour les animaux, respectueux de l&rsquo;environnement.<\/span><\/li>\n<\/ul>\n","protected":false},"featured_media":53745,"comment_status":"open","ping_status":"closed","template":"","meta":{"_acf_changed":false},"product_brand":[],"product_cat":[314,378],"product_tag":[1416],"class_list":{"0":"post-17809","1":"product","2":"type-product","3":"status-publish","4":"has-post-thumbnail","6":"product_cat-engrais","7":"product_cat-engrais-liquides","8":"product_tag-caae-fr","10":"first","11":"instock","12":"taxable","13":"shipping-taxable","14":"purchasable","15":"product-type-variable"},"acf":[],"_links":{"self":[{"href":"https:\/\/cultivers.es\/fr\/wp-json\/wp\/v2\/product\/17809","targetHints":{"allow":["GET"]}}],"collection":[{"href":"https:\/\/cultivers.es\/fr\/wp-json\/wp\/v2\/product"}],"about":[{"href":"https:\/\/cultivers.es\/fr\/wp-json\/wp\/v2\/types\/product"}],"replies":[{"embeddable":true,"href":"https:\/\/cultivers.es\/fr\/wp-json\/wp\/v2\/comments?post=17809"}],"wp:featuredmedia":[{"embeddable":true,"href":"https:\/\/cultivers.es\/fr\/wp-json\/wp\/v2\/media\/53745"}],"wp:attachment":[{"href":"https:\/\/cultivers.es\/fr\/wp-json\/wp\/v2\/media?parent=17809"}],"wp:term":[{"taxonomy":"product_brand","embeddable":true,"href":"https:\/\/cultivers.es\/fr\/wp-json\/wp\/v2\/product_brand?post=17809"},{"taxonomy":"product_cat","embeddable":true,"href":"https:\/\/cultivers.es\/fr\/wp-json\/wp\/v2\/product_cat?post=17809"},{"taxonomy":"product_tag","embeddable":true,"href":"https:\/\/cultivers.es\/fr\/wp-json\/wp\/v2\/product_tag?post=17809"}],"curies":[{"name":"wp","href":"https:\/\/api.w.org\/{rel}","templated":true}]}}