{"id":17811,"date":"2021-10-22T12:12:45","date_gmt":"2021-10-22T12:12:45","guid":{"rendered":"https:\/\/cultivers.es\/abonos\/engrais-liquide-biologique-pour-le-jardin\/"},"modified":"2025-09-22T05:00:47","modified_gmt":"2025-09-22T05:00:47","slug":"engrais-ecologique-liquide-organique-engrais-de-jardin","status":"publish","type":"product","link":"https:\/\/cultivers.es\/fr\/abonnements\/engrais-ecologique-liquide-organique-engrais-de-jardin\/","title":{"rendered":"Engrais liquide biologique pour le jardin"},"content":{"rendered":"<p>Engrais liquide biologique pour <a href=\"https:\/\/cultivers.es\/fr\/abonos-ecologicos\/cultures\/verger\/\">le jardin<\/a>. L&rsquo;engrais organique pour le jardin est une formulation organique avec un apport continu de nutriments d&rsquo;une <span class=\"original-content\">mani\u00e8re <\/span>g\u00e9n\u00e9rale. Sa composition est con\u00e7ue pour favoriser le d\u00e9veloppement \u00e9quilibr\u00e9 des nutriments tout au long du cycle de la plante. Favorise la nutrition et la structure du sol. Fourniture d&rsquo;<span class=\"original-content\">AA <\/span>essentiels qui favorisent la croissance des cultures. Fourniture de micronutriments essentiels pour \u00e9viter les pertes de production. Teneur \u00e9lev\u00e9e en potassium pour une meilleure nouaison et une bonne r\u00e9sistance aux temp\u00e9ratures \u00e9lev\u00e9es.<\/p>\n","protected":false},"excerpt":{"rendered":"<ul class=\"a-unordered-list a-vertical a-spacing-mini\">\n<li><span class=\"a-list-item\">Engrais organique liquide pour tous les types de l\u00e9gumes ; active la vie du sol.<\/span><\/li>\n<li><span class=\"a-list-item\">\u00c9quilibre optimal des nutriments essentiels pour la croissance v\u00e9g\u00e9tative et la fructification<\/span><\/li>\n<li><span class=\"a-list-item\">Solution npk 4-1-6 ; apport combin\u00e9 de macronutriments (azote, phosphore et potassium) et de micronutriments (bore, calcium, fer, magn\u00e9sium, molybd\u00e8ne et zinc) pour une nutrition plus compl\u00e8te et \u00e9quilibr\u00e9e ; les acides amin\u00e9s favorisent l&rsquo;assimilation des \u00e9l\u00e9ments et exercent une action biostimulante.<\/span><\/li>\n<li><span class=\"a-list-item\">Facilite le d\u00e9veloppement des plantes dans les situations de stress, ce qui permet une meilleure r\u00e9cup\u00e9ration des plantes.<\/span><\/li>\n<li><span class=\"a-list-item\">Produit 100% naturel et sans danger pour les animaux, respectueux de l&rsquo;environnement.<\/span><\/li>\n<\/ul>\n","protected":false},"featured_media":27324,"comment_status":"open","ping_status":"closed","template":"","meta":{"_acf_changed":false},"product_brand":[],"product_cat":[314,378,1272],"product_tag":[1416],"class_list":{"0":"post-17811","1":"product","2":"type-product","3":"status-publish","4":"has-post-thumbnail","6":"product_cat-engrais","7":"product_cat-engrais-liquides","8":"product_cat-engrais-recommandes","9":"product_tag-caae-fr","11":"first","12":"instock","13":"taxable","14":"shipping-taxable","15":"purchasable","16":"product-type-variable"},"acf":[],"_links":{"self":[{"href":"https:\/\/cultivers.es\/fr\/wp-json\/wp\/v2\/product\/17811","targetHints":{"allow":["GET"]}}],"collection":[{"href":"https:\/\/cultivers.es\/fr\/wp-json\/wp\/v2\/product"}],"about":[{"href":"https:\/\/cultivers.es\/fr\/wp-json\/wp\/v2\/types\/product"}],"replies":[{"embeddable":true,"href":"https:\/\/cultivers.es\/fr\/wp-json\/wp\/v2\/comments?post=17811"}],"wp:featuredmedia":[{"embeddable":true,"href":"https:\/\/cultivers.es\/fr\/wp-json\/wp\/v2\/media\/27324"}],"wp:attachment":[{"href":"https:\/\/cultivers.es\/fr\/wp-json\/wp\/v2\/media?parent=17811"}],"wp:term":[{"taxonomy":"product_brand","embeddable":true,"href":"https:\/\/cultivers.es\/fr\/wp-json\/wp\/v2\/product_brand?post=17811"},{"taxonomy":"product_cat","embeddable":true,"href":"https:\/\/cultivers.es\/fr\/wp-json\/wp\/v2\/product_cat?post=17811"},{"taxonomy":"product_tag","embeddable":true,"href":"https:\/\/cultivers.es\/fr\/wp-json\/wp\/v2\/product_tag?post=17811"}],"curies":[{"name":"wp","href":"https:\/\/api.w.org\/{rel}","templated":true}]}}