{"id":17812,"date":"2021-10-22T12:12:46","date_gmt":"2021-10-22T12:12:46","guid":{"rendered":"https:\/\/cultivers.es\/abonos\/engrais-liquide-biologique-pour-agrumes\/"},"modified":"2025-09-22T04:54:17","modified_gmt":"2025-09-22T04:54:17","slug":"engrais-ecologique-liquide-agrumes-bio","status":"publish","type":"product","link":"https:\/\/cultivers.es\/fr\/abonnements\/engrais-ecologique-liquide-agrumes-bio\/","title":{"rendered":"Engrais liquide biologique pour agrumes"},"content":{"rendered":"<div class=\"page\" title=\"Page 1\">\n<div class=\"section\">\n<div class=\"layoutArea\">\n<div class=\"column\">\n<p>Notre engrais liquide biologique pour agrumes est un engrais biologique pour agrumes sous forme liquide. Formul\u00e9 avec un rapport \u00e9quilibr\u00e9 de macro et micronutriments pour r\u00e9pondre aux besoins vitaux des plantes tout au long du cycle de croissance. Contient 6 % d&rsquo;<a href=\"https:\/\/cultivers.es\/fr\/abonos-ecologicos\/engrais\/biostimulants-fr\/acides-amines\/\">acides amin\u00e9s<\/a> qui facilitent la croissance rapide des arbres. Il favorise la floraison, la nouaison et l&rsquo;engraissement des fruits, ainsi que leur bonne saveur.<\/p>\n<\/div>\n<\/div>\n<\/div>\n<\/div>\n","protected":false},"excerpt":{"rendered":"<ul class=\"a-unordered-list a-vertical a-spacing-mini\">\n<li><span class=\"a-list-item\">Engrais liquide organique sp\u00e9cial pour les agrumes : citron, orange, pamplemousse, mandarine, lime, etc.<\/span><\/li>\n<li><span class=\"a-list-item\">\u00c9quilibre optimal des nutriments essentiels pour la croissance v\u00e9g\u00e9tative et la fructification<\/span><\/li>\n<li><span class=\"a-list-item\">solution npk 4-1-7 ; apport combin\u00e9 de macronutriments (azote, phosphore et potassium) et de micronutriments (bore, fer, magn\u00e9sium, molybd\u00e8ne et zinc) pour une alimentation plus compl\u00e8te et \u00e9quilibr\u00e9e ; les acides amin\u00e9s favorisent l&rsquo;assimilation des \u00e9l\u00e9ments et exercent une action biostimulante<\/span><\/li>\n<li><span class=\"a-list-item\">Facilite le d\u00e9veloppement des plantes dans les situations de stress, ce qui permet une meilleure r\u00e9cup\u00e9ration des plantes.<\/span><\/li>\n<li><span class=\"a-list-item\">Produit 100% naturel et sans danger pour les animaux, respectueux de l&rsquo;environnement.<\/span><\/li>\n<\/ul>\n","protected":false},"featured_media":49563,"comment_status":"open","ping_status":"closed","template":"","meta":{"_acf_changed":false},"product_brand":[],"product_cat":[522,314,378],"product_tag":[1416],"class_list":{"0":"post-17812","1":"product","2":"type-product","3":"status-publish","4":"has-post-thumbnail","6":"product_cat-agrumes","7":"product_cat-engrais","8":"product_cat-engrais-liquides","9":"product_tag-caae-fr","11":"first","12":"instock","13":"taxable","14":"shipping-taxable","15":"purchasable","16":"product-type-variable"},"acf":[],"_links":{"self":[{"href":"https:\/\/cultivers.es\/fr\/wp-json\/wp\/v2\/product\/17812","targetHints":{"allow":["GET"]}}],"collection":[{"href":"https:\/\/cultivers.es\/fr\/wp-json\/wp\/v2\/product"}],"about":[{"href":"https:\/\/cultivers.es\/fr\/wp-json\/wp\/v2\/types\/product"}],"replies":[{"embeddable":true,"href":"https:\/\/cultivers.es\/fr\/wp-json\/wp\/v2\/comments?post=17812"}],"wp:featuredmedia":[{"embeddable":true,"href":"https:\/\/cultivers.es\/fr\/wp-json\/wp\/v2\/media\/49563"}],"wp:attachment":[{"href":"https:\/\/cultivers.es\/fr\/wp-json\/wp\/v2\/media?parent=17812"}],"wp:term":[{"taxonomy":"product_brand","embeddable":true,"href":"https:\/\/cultivers.es\/fr\/wp-json\/wp\/v2\/product_brand?post=17812"},{"taxonomy":"product_cat","embeddable":true,"href":"https:\/\/cultivers.es\/fr\/wp-json\/wp\/v2\/product_cat?post=17812"},{"taxonomy":"product_tag","embeddable":true,"href":"https:\/\/cultivers.es\/fr\/wp-json\/wp\/v2\/product_tag?post=17812"}],"curies":[{"name":"wp","href":"https:\/\/api.w.org\/{rel}","templated":true}]}}