{"id":17813,"date":"2021-10-22T12:12:46","date_gmt":"2021-10-22T12:12:46","guid":{"rendered":"https:\/\/cultivers.es\/abonos\/engrais-liquide-organique-pour-coniferes\/"},"modified":"2025-09-22T04:53:35","modified_gmt":"2025-09-22T04:53:35","slug":"engrais-ecologique-liquide-organique-engrais-conifere","status":"publish","type":"product","link":"https:\/\/cultivers.es\/fr\/abonnements\/engrais-ecologique-liquide-organique-engrais-conifere\/","title":{"rendered":"Engrais liquide organique pour conif\u00e8res"},"content":{"rendered":"<div class=\"page\" title=\"Page 1\">\n<div class=\"section\">\n<div class=\"layoutArea\">\n<div class=\"column\">\n<p>L&rsquo;engrais liquide organique pour conif\u00e8res et haies est un compos\u00e9 organique liquide \u00e0 base d&rsquo;acides amin\u00e9s, d\u00e9velopp\u00e9 pour une croissance rapide et vigoureuse des plantes. L&rsquo;apport continu de cet engrais stimule la croissance des racines, assure une croissance uniforme et augmente la r\u00e9sistance aux situations extr\u00eames telles que le froid ou la chaleur, \u00e9vitant ainsi le brunissement (dess\u00e8chement des feuilles) et stimulant la formation de feuilles vertes et saines.<\/p>\n<p>L&rsquo;engrais liquide organique pour conif\u00e8res et haies contient du <a href=\"https:\/\/cultivers.es\/fr\/abonos\/chelate-de-fer\/\">fer<\/a>, du zinc et du mangan\u00e8se ch\u00e9lat\u00e9s par EDTA pour augmenter la nouaison et la production de fruits. Sa teneur en potassium am\u00e9liore l&rsquo;engraissement et le rendement correct des fruits.<\/p>\n<\/div>\n<\/div>\n<\/div>\n<\/div>\n","protected":false},"excerpt":{"rendered":"<ul class=\"a-unordered-list a-vertical a-spacing-mini\">\n<li><span class=\"a-list-item\">Engrais organique liquide sp\u00e9cial pour conif\u00e8res et haies (pins, sapins, cypr\u00e8s, thuyas)<\/span><\/li>\n<li><span class=\"a-list-item\">Am\u00e9liore la croissance des arbres et des feuilles, assure des arbres forts et sains<\/span><\/li>\n<li><span class=\"a-list-item\">solution npk 4-1-4 ; apport combin\u00e9 de macronutriments (azote, phosphore et potassium) et de micronutriments (bore, calcium, fer, mangan\u00e8se, molybd\u00e8ne et zinc) pour une nutrition plus compl\u00e8te et \u00e9quilibr\u00e9e ; les acides amin\u00e9s favorisent l&rsquo;assimilation des \u00e9l\u00e9ments et exercent une action biostimulante<\/span><\/li>\n<li><span class=\"a-list-item\">Facilite le d\u00e9veloppement des plantes dans des situations de stress, ce qui permet une meilleure r\u00e9cup\u00e9ration des plantes et pr\u00e9vient les maladies.<\/span><\/li>\n<li><span class=\"a-list-item\">Produit 100% naturel et sans danger pour les animaux, respectueux de l&rsquo;environnement.<\/span><\/li>\n<\/ul>\n","protected":false},"featured_media":27149,"comment_status":"open","ping_status":"closed","template":"","meta":{"_acf_changed":false},"product_brand":[],"product_cat":[313,314,378],"product_tag":[1416],"class_list":{"0":"post-17813","1":"product","2":"type-product","3":"status-publish","4":"has-post-thumbnail","6":"product_cat-coniferes-et-haies","7":"product_cat-engrais","8":"product_cat-engrais-liquides","9":"product_tag-caae-fr","11":"first","12":"instock","13":"taxable","14":"shipping-taxable","15":"purchasable","16":"product-type-variable"},"acf":[],"_links":{"self":[{"href":"https:\/\/cultivers.es\/fr\/wp-json\/wp\/v2\/product\/17813","targetHints":{"allow":["GET"]}}],"collection":[{"href":"https:\/\/cultivers.es\/fr\/wp-json\/wp\/v2\/product"}],"about":[{"href":"https:\/\/cultivers.es\/fr\/wp-json\/wp\/v2\/types\/product"}],"replies":[{"embeddable":true,"href":"https:\/\/cultivers.es\/fr\/wp-json\/wp\/v2\/comments?post=17813"}],"wp:featuredmedia":[{"embeddable":true,"href":"https:\/\/cultivers.es\/fr\/wp-json\/wp\/v2\/media\/27149"}],"wp:attachment":[{"href":"https:\/\/cultivers.es\/fr\/wp-json\/wp\/v2\/media?parent=17813"}],"wp:term":[{"taxonomy":"product_brand","embeddable":true,"href":"https:\/\/cultivers.es\/fr\/wp-json\/wp\/v2\/product_brand?post=17813"},{"taxonomy":"product_cat","embeddable":true,"href":"https:\/\/cultivers.es\/fr\/wp-json\/wp\/v2\/product_cat?post=17813"},{"taxonomy":"product_tag","embeddable":true,"href":"https:\/\/cultivers.es\/fr\/wp-json\/wp\/v2\/product_tag?post=17813"}],"curies":[{"name":"wp","href":"https:\/\/api.w.org\/{rel}","templated":true}]}}