{"id":17816,"date":"2021-10-22T12:12:44","date_gmt":"2021-10-22T12:12:44","guid":{"rendered":"https:\/\/cultivers.es\/abonos\/engrais-organique-pour-olivier\/"},"modified":"2026-03-19T07:06:12","modified_gmt":"2026-03-19T07:06:12","slug":"engrais-olive-ecologique-organique","status":"publish","type":"product","link":"https:\/\/cultivers.es\/fr\/abonnements\/engrais-olive-ecologique-organique\/","title":{"rendered":"Engrais organique pour olivier"},"content":{"rendered":"<p data-spm-anchor-id=\"a2g0o.detail.1000023.i0.69e07349ks0JgS\">Engrais organique pour l\u00e9gumes sous forme de perles faciles \u00e0 manipuler. Il s&rsquo;agit d&rsquo;un engrais tr\u00e8s complet, avec des acides humiques et une teneur \u00e9lev\u00e9e en azote et en potassium.<\/p>\n<p>C&rsquo;est un engrais qui convient aux oliveraies pluviales et irrigu\u00e9es.<\/p>\n<p>L&rsquo;azote organique contenu dans la formule est lib\u00e9r\u00e9 progressivement tout au long du cycle.<\/p>\n<p>La potasse joue le r\u00f4le de r\u00e9serve de sucre, augmentant le niveau des r\u00e9serves de graisse dans le fruit.<\/p>\n<p>&nbsp;<\/p>\n<p>Les acides humiques am\u00e9liorent la r\u00e9tention d&rsquo;eau dans le sol et favorisent la formation des racines.<\/p>\n","protected":false},"excerpt":{"rendered":"<div id=\"featurebullets_feature_div\" class=\"celwidget\" data-feature-name=\"featurebullets\" data-csa-c-id=\"b3esmh-gltkyg-iauhml-ycjlkr\" data-cel-widget=\"featurebullets_feature_div\">\n<div id=\"feature-bullets\" class=\"a-section a-spacing-medium a-spacing-top-small\">\n<ul class=\"a-unordered-list a-vertical a-spacing-mini\">\n<li><span class=\"a-list-item\">Engrais sous forme de micro-granules \u00e0 lib\u00e9ration lente et contr\u00f4l\u00e9e.<\/span><\/li>\n<li><span class=\"a-list-item\">Augmentation de la nouaison.<\/span><\/li>\n<li><span class=\"a-list-item\">Augmentation du rendement en mati\u00e8re grasse et r\u00e9duction de l&rsquo;incidence des maladies.<\/span><\/li>\n<li><span class=\"a-list-item\">Haute assimilation avec NPK + 74% de mati\u00e8re organique et d&rsquo;acides humiques.<\/span><\/li>\n<li><span class=\"a-list-item\">Produit 100% naturel et inoffensif pour les animaux, respectueux de l&rsquo;environnement.<\/span><\/li>\n<\/ul>\n<\/div>\n<\/div>\n<div id=\"customerReviewsAttribute_feature_div\" class=\"celwidget\" data-feature-name=\"customerReviewsAttribute\" data-csa-c-id=\"xi4epm-assa4t-fdyk31-h1wm91\" data-cel-widget=\"customerReviewsAttribute_feature_div\"><\/div>\n<div id=\"addOnItem_feature_div\" class=\"celwidget\" data-feature-name=\"addOnItem\" data-csa-c-id=\"24xdej-vz0t5h-h4jnfz-j8q1w9\" data-cel-widget=\"addOnItem_feature_div\"><\/div>\n<div id=\"andonCord_feature_div\" class=\"celwidget\" data-feature-name=\"andonCord\" data-csa-c-id=\"8238w-deksgk-wfby4o-k2dpgb\" data-cel-widget=\"andonCord_feature_div\"><\/div>\n<div id=\"HLCXComparisonJumplink_feature_div\"><\/div>\n","protected":false},"featured_media":12429,"comment_status":"open","ping_status":"closed","template":"","meta":{"_acf_changed":false},"product_brand":[],"product_cat":[314,312,523],"product_tag":[1416],"class_list":{"0":"post-17816","1":"product","2":"type-product","3":"status-publish","4":"has-post-thumbnail","6":"product_cat-engrais","7":"product_cat-engrais-solides","8":"product_cat-olivier","9":"product_tag-caae-fr","11":"first","12":"instock","13":"taxable","14":"shipping-taxable","15":"purchasable","16":"product-type-variable"},"acf":[],"_links":{"self":[{"href":"https:\/\/cultivers.es\/fr\/wp-json\/wp\/v2\/product\/17816","targetHints":{"allow":["GET"]}}],"collection":[{"href":"https:\/\/cultivers.es\/fr\/wp-json\/wp\/v2\/product"}],"about":[{"href":"https:\/\/cultivers.es\/fr\/wp-json\/wp\/v2\/types\/product"}],"replies":[{"embeddable":true,"href":"https:\/\/cultivers.es\/fr\/wp-json\/wp\/v2\/comments?post=17816"}],"wp:featuredmedia":[{"embeddable":true,"href":"https:\/\/cultivers.es\/fr\/wp-json\/wp\/v2\/media\/12429"}],"wp:attachment":[{"href":"https:\/\/cultivers.es\/fr\/wp-json\/wp\/v2\/media?parent=17816"}],"wp:term":[{"taxonomy":"product_brand","embeddable":true,"href":"https:\/\/cultivers.es\/fr\/wp-json\/wp\/v2\/product_brand?post=17816"},{"taxonomy":"product_cat","embeddable":true,"href":"https:\/\/cultivers.es\/fr\/wp-json\/wp\/v2\/product_cat?post=17816"},{"taxonomy":"product_tag","embeddable":true,"href":"https:\/\/cultivers.es\/fr\/wp-json\/wp\/v2\/product_tag?post=17816"}],"curies":[{"name":"wp","href":"https:\/\/api.w.org\/{rel}","templated":true}]}}