{"id":17817,"date":"2021-10-22T12:12:45","date_gmt":"2021-10-22T12:12:45","guid":{"rendered":"https:\/\/cultivers.es\/abonos\/engrais-liquide-organique-pour-fruits\/"},"modified":"2025-09-22T04:53:08","modified_gmt":"2025-09-22T04:53:08","slug":"engrais-arbres-fruits-ecologique-liquide","status":"publish","type":"product","link":"https:\/\/cultivers.es\/fr\/abonnements\/engrais-arbres-fruits-ecologique-liquide\/","title":{"rendered":"Engrais liquide organique pour fruits"},"content":{"rendered":"<p>Engrais liquide biologique pour arbres fruitiers. Il s&rsquo;agit d&rsquo;un compos\u00e9 organique liquide formul\u00e9 avec un rapport \u00e9quilibr\u00e9 de macro et micronutriments pour r\u00e9pondre aux besoins vitaux des plantes tout au long du cycle de croissance. Contient 6 % d&rsquo;<a href=\"https:\/\/cultivers.es\/fr\/abonos-ecologicos\/engrais\/biostimulants-fr\/acides-amines\/\">acides amin\u00e9s<\/a> qui facilitent la croissance rapide des arbres. Gr\u00e2ce \u00e0 cet engrais, la floraison, la nouaison, l&rsquo;engraissement et la saveur des fruits sont am\u00e9lior\u00e9s.<\/p>\n","protected":false},"excerpt":{"rendered":"<ul class=\"a-unordered-list a-vertical a-spacing-mini\">\n<li><span class=\"a-list-item\">Engrais liquide organique sp\u00e9cial pour pommes, poires, cerises, noix, prunes, amandes, n\u00e8fles, etc.<\/span><\/li>\n<li><span class=\"a-list-item\">\u00c9quilibre optimal des nutriments essentiels pour la croissance v\u00e9g\u00e9tative et la fructification<\/span><\/li>\n<li><span class=\"a-list-item\">L&rsquo;apport combin\u00e9 de macronutriments (azote, phosphore et potassium) et de micronutriments (bore, calcium, fer, mangan\u00e8se, molybd\u00e8ne et zinc) de la solution NPK 4-1-6 permet d&rsquo;obtenir une nutrition plus compl\u00e8te et plus \u00e9quilibr\u00e9e ; les acides amin\u00e9s favorisent l&rsquo;assimilation des \u00e9l\u00e9ments et exercent une action biostimulante.<\/span><\/li>\n<li><span class=\"a-list-item\">Facilite le d\u00e9veloppement des plantes dans les situations de stress, ce qui permet une meilleure r\u00e9cup\u00e9ration des plantes.<\/span><\/li>\n<li><span class=\"a-list-item\">Produit 100% naturel et sans danger pour les animaux, respectueux de l&rsquo;environnement.<\/span><\/li>\n<\/ul>\n","protected":false},"featured_media":27288,"comment_status":"open","ping_status":"closed","template":"","meta":{"_acf_changed":false},"product_brand":[],"product_cat":[314,378],"product_tag":[1416],"class_list":{"0":"post-17817","1":"product","2":"type-product","3":"status-publish","4":"has-post-thumbnail","6":"product_cat-engrais","7":"product_cat-engrais-liquides","8":"product_tag-caae-fr","10":"first","11":"instock","12":"taxable","13":"shipping-taxable","14":"purchasable","15":"product-type-variable"},"acf":[],"_links":{"self":[{"href":"https:\/\/cultivers.es\/fr\/wp-json\/wp\/v2\/product\/17817","targetHints":{"allow":["GET"]}}],"collection":[{"href":"https:\/\/cultivers.es\/fr\/wp-json\/wp\/v2\/product"}],"about":[{"href":"https:\/\/cultivers.es\/fr\/wp-json\/wp\/v2\/types\/product"}],"replies":[{"embeddable":true,"href":"https:\/\/cultivers.es\/fr\/wp-json\/wp\/v2\/comments?post=17817"}],"wp:featuredmedia":[{"embeddable":true,"href":"https:\/\/cultivers.es\/fr\/wp-json\/wp\/v2\/media\/27288"}],"wp:attachment":[{"href":"https:\/\/cultivers.es\/fr\/wp-json\/wp\/v2\/media?parent=17817"}],"wp:term":[{"taxonomy":"product_brand","embeddable":true,"href":"https:\/\/cultivers.es\/fr\/wp-json\/wp\/v2\/product_brand?post=17817"},{"taxonomy":"product_cat","embeddable":true,"href":"https:\/\/cultivers.es\/fr\/wp-json\/wp\/v2\/product_cat?post=17817"},{"taxonomy":"product_tag","embeddable":true,"href":"https:\/\/cultivers.es\/fr\/wp-json\/wp\/v2\/product_tag?post=17817"}],"curies":[{"name":"wp","href":"https:\/\/api.w.org\/{rel}","templated":true}]}}