{"id":17818,"date":"2021-10-22T12:12:44","date_gmt":"2021-10-22T12:12:44","guid":{"rendered":"https:\/\/cultivers.es\/abonos\/fertilisant-biologique-pour-agrumes\/"},"modified":"2025-09-22T05:29:54","modified_gmt":"2025-09-22T05:29:54","slug":"engrais-ecologique-agrumes-bio","status":"publish","type":"product","link":"https:\/\/cultivers.es\/fr\/abonnements\/engrais-ecologique-agrumes-bio\/","title":{"rendered":"Fertilisant biologique pour agrumes"},"content":{"rendered":"<div class=\"page\" title=\"Page 1\">\n<div class=\"section\">\n<div class=\"layoutArea\">\n<div class=\"column\">\n<p>Engrais organique sous forme de perles pour une manipulation facile, riche en potassium et en acides humiques.<\/p>\n<p>-Une teneur \u00e9lev\u00e9e en potassium dans les agrumes influence la pr\u00e9vention des maladies et des ravageurs sur les feuilles et les pousses.<\/p>\n<p data-spm-anchor-id=\"a2g0o.detail.1000023.i0.757f5dc4eMta2P\">-Les acides humiques augmentent l&rsquo;activit\u00e9 microbienne, emp\u00eachent le compactage du sol et maximisent l&rsquo;assimilation des nutriments du sol et des engrais appliqu\u00e9s. Ils augmentent \u00e9galement le rendement des cultures.<\/p>\n<\/div>\n<\/div>\n<\/div>\n<\/div>\n","protected":false},"excerpt":{"rendered":"<ul class=\"a-unordered-list a-vertical a-spacing-mini\">\n<li><span class=\"a-list-item\">Augmentation de la taille des fruits et du rendement de la r\u00e9colte.<\/span><\/li>\n<li><span class=\"a-list-item\">Engrais sous forme de micro-granules \u00e0 lib\u00e9ration lente et contr\u00f4l\u00e9e.<\/span><\/li>\n<li><span class=\"a-list-item\">Engrais organique \u00e9cologique avec NPK +74% M.O. et Acide. Humique.<\/span><\/li>\n<li><span class=\"a-list-item\">Am\u00e9liorer le d\u00e9veloppement des racines des plantes et l&rsquo;absorption des nutriments.<\/span><\/li>\n<li><span class=\"a-list-item\">100% naturel et inoffensif pour les animaux et les plantes.<\/span><\/li>\n<\/ul>\n","protected":false},"featured_media":11790,"comment_status":"open","ping_status":"closed","template":"","meta":{"_acf_changed":false},"product_brand":[],"product_cat":[522,314,312],"product_tag":[1416],"class_list":{"0":"post-17818","1":"product","2":"type-product","3":"status-publish","4":"has-post-thumbnail","6":"product_cat-agrumes","7":"product_cat-engrais","8":"product_cat-engrais-solides","9":"product_tag-caae-fr","11":"first","12":"instock","13":"taxable","14":"shipping-taxable","15":"purchasable","16":"product-type-variable"},"acf":[],"_links":{"self":[{"href":"https:\/\/cultivers.es\/fr\/wp-json\/wp\/v2\/product\/17818","targetHints":{"allow":["GET"]}}],"collection":[{"href":"https:\/\/cultivers.es\/fr\/wp-json\/wp\/v2\/product"}],"about":[{"href":"https:\/\/cultivers.es\/fr\/wp-json\/wp\/v2\/types\/product"}],"replies":[{"embeddable":true,"href":"https:\/\/cultivers.es\/fr\/wp-json\/wp\/v2\/comments?post=17818"}],"wp:featuredmedia":[{"embeddable":true,"href":"https:\/\/cultivers.es\/fr\/wp-json\/wp\/v2\/media\/11790"}],"wp:attachment":[{"href":"https:\/\/cultivers.es\/fr\/wp-json\/wp\/v2\/media?parent=17818"}],"wp:term":[{"taxonomy":"product_brand","embeddable":true,"href":"https:\/\/cultivers.es\/fr\/wp-json\/wp\/v2\/product_brand?post=17818"},{"taxonomy":"product_cat","embeddable":true,"href":"https:\/\/cultivers.es\/fr\/wp-json\/wp\/v2\/product_cat?post=17818"},{"taxonomy":"product_tag","embeddable":true,"href":"https:\/\/cultivers.es\/fr\/wp-json\/wp\/v2\/product_tag?post=17818"}],"curies":[{"name":"wp","href":"https:\/\/api.w.org\/{rel}","templated":true}]}}