{"id":18049,"date":"2021-10-22T12:12:44","date_gmt":"2021-10-22T12:12:44","guid":{"rendered":"https:\/\/cultivers.es\/abonos\/engrais-organique-pour-orchidees\/"},"modified":"2025-09-22T05:30:44","modified_gmt":"2025-09-22T05:30:44","slug":"engrais-ecologique-pour-orchidees-bio","status":"publish","type":"product","link":"https:\/\/cultivers.es\/fr\/abonnements\/engrais-ecologique-pour-orchidees-bio\/","title":{"rendered":"Engrais organique pour orchid\u00e9es"},"content":{"rendered":"<div class=\"page\" title=\"Page 1\">\n<div class=\"section\">\n<div class=\"layoutArea\">\n<div class=\"column\">\n<p>Engrais organique pour orchid\u00e9es. L&rsquo;engrais organique pour orchid\u00e9es est une formulation liquide d\u00e9velopp\u00e9e pour fournir une nutrition compl\u00e8te et \u00e9quilibr\u00e9e pour la croissance et la floraison.<\/p>\n<p>La formule contient des micro-\u00e9l\u00e9ments n\u00e9cessaires au d\u00e9veloppement de la plante et \u00e0 une floraison durable.<\/p>\n<\/div>\n<\/div>\n<\/div>\n<\/div>\n","protected":false},"excerpt":{"rendered":"<ul class=\"a-unordered-list a-vertical a-spacing-mini\">\n<li><span class=\"a-list-item\">Renforce la taille et la couleur des fleurs.<\/span><\/li>\n<li><span class=\"a-list-item\">R\u00e9duit l&rsquo;effet de la salinit\u00e9 et favorise l&rsquo;activit\u00e9 microbiologique.<\/span><\/li>\n<li><span class=\"a-list-item\">Engrais \u00e9cologique d&rsquo;origine v\u00e9g\u00e9tale 100% organique.<\/span><\/li>\n<li><span class=\"a-list-item\">Engrais granulaire sous forme de microsph\u00e8res \u00e0 lib\u00e9ration lente et contr\u00f4l\u00e9e.<\/span><\/li>\n<li><span class=\"a-list-item\">Am\u00e9liore l&rsquo;a\u00e9ration et la r\u00e9tention d&rsquo;eau.<\/span><\/li>\n<\/ul>\n","protected":false},"featured_media":11810,"comment_status":"open","ping_status":"closed","template":"","meta":{"_acf_changed":false},"product_brand":[],"product_cat":[314,312,532],"product_tag":[1416],"woo-feed-brand":[],"class_list":{"0":"post-18049","1":"product","2":"type-product","3":"status-publish","4":"has-post-thumbnail","6":"product_cat-engrais","7":"product_cat-engrais-solides","8":"product_cat-orchidees","9":"product_tag-caae-fr","11":"first","12":"instock","13":"taxable","14":"shipping-taxable","15":"purchasable","16":"product-type-variable"},"acf":[],"_links":{"self":[{"href":"https:\/\/cultivers.es\/fr\/wp-json\/wp\/v2\/product\/18049","targetHints":{"allow":["GET"]}}],"collection":[{"href":"https:\/\/cultivers.es\/fr\/wp-json\/wp\/v2\/product"}],"about":[{"href":"https:\/\/cultivers.es\/fr\/wp-json\/wp\/v2\/types\/product"}],"replies":[{"embeddable":true,"href":"https:\/\/cultivers.es\/fr\/wp-json\/wp\/v2\/comments?post=18049"}],"wp:featuredmedia":[{"embeddable":true,"href":"https:\/\/cultivers.es\/fr\/wp-json\/wp\/v2\/media\/11810"}],"wp:attachment":[{"href":"https:\/\/cultivers.es\/fr\/wp-json\/wp\/v2\/media?parent=18049"}],"wp:term":[{"taxonomy":"product_brand","embeddable":true,"href":"https:\/\/cultivers.es\/fr\/wp-json\/wp\/v2\/product_brand?post=18049"},{"taxonomy":"product_cat","embeddable":true,"href":"https:\/\/cultivers.es\/fr\/wp-json\/wp\/v2\/product_cat?post=18049"},{"taxonomy":"product_tag","embeddable":true,"href":"https:\/\/cultivers.es\/fr\/wp-json\/wp\/v2\/product_tag?post=18049"},{"taxonomy":"woo-feed-brand","embeddable":true,"href":"https:\/\/cultivers.es\/fr\/wp-json\/wp\/v2\/woo-feed-brand?post=18049"}],"curies":[{"name":"wp","href":"https:\/\/api.w.org\/{rel}","templated":true}]}}