{"id":18050,"date":"2021-10-22T12:12:44","date_gmt":"2021-10-22T12:12:44","guid":{"rendered":"https:\/\/cultivers.es\/abonos\/engrais-liquide-biologique-pour-tomates\/"},"modified":"2025-09-22T05:14:19","modified_gmt":"2025-09-22T05:14:19","slug":"engrais-liquide-organique-pour-tomates","status":"publish","type":"product","link":"https:\/\/cultivers.es\/fr\/abonnements\/engrais-liquide-organique-pour-tomates\/","title":{"rendered":"Engrais liquide biologique pour tomates"},"content":{"rendered":"<p>Engrais liquide biologique pour tomates. L&rsquo;engrais organique pour tomates est un engrais organique \u00e0 action imm\u00e9diate, d\u00e9velopp\u00e9 pour un apport continu de nutriments tout au long du cycle. Contient des acides amin\u00e9s pour am\u00e9liorer la croissance des plantes et des fruits. Bore et molybd\u00e8ne pour favoriser la nouaison. <a href=\"https:\/\/cultivers.es\/fr\/abonos\/chelate-de-fer\/\">Fer ch\u00e9lat\u00e9<\/a> qui favorise la photosynth\u00e8se, cuivre et autres micronutriments qui en font le produit id\u00e9al pour la production biologique de tomates.<\/p>\n","protected":false},"excerpt":{"rendered":"<ul class=\"a-unordered-list a-vertical a-spacing-mini\">\n<li><span class=\"a-list-item\">Engrais liquide organique sp\u00e9cial tomates pour l&rsquo;ensemble du cycle de la plante<\/span><\/li>\n<li><span class=\"a-list-item\">Solution npk 4-1-6 ; apport combin\u00e9 de macronutriments (azote, phosphore et potassium) et de micronutriments (bore, calcium, fer, magn\u00e9sium, molybd\u00e8ne et zinc) pour une nutrition plus compl\u00e8te et \u00e9quilibr\u00e9e ; les acides amin\u00e9s favorisent l&rsquo;assimilation des \u00e9l\u00e9ments et exercent une action biostimulante.<\/span><\/li>\n<li><span class=\"a-list-item\">\u00c9quilibre optimal des nutriments essentiels pour la croissance v\u00e9g\u00e9tative et la fructification<\/span><\/li>\n<li><span class=\"a-list-item\">Facilite le d\u00e9veloppement des plantes dans les situations de stress, ce qui permet une meilleure r\u00e9cup\u00e9ration des plantes.<\/span><\/li>\n<li><span class=\"a-list-item\">Produit 100% naturel et sans danger pour les animaux, respectueux de l&rsquo;environnement.<\/span><\/li>\n<\/ul>\n","protected":false},"featured_media":27354,"comment_status":"open","ping_status":"closed","template":"","meta":{"_acf_changed":false},"product_brand":[],"product_cat":[314,378,357],"product_tag":[1416],"class_list":{"0":"post-18050","1":"product","2":"type-product","3":"status-publish","4":"has-post-thumbnail","6":"product_cat-engrais","7":"product_cat-engrais-liquides","8":"product_cat-tomates","9":"product_tag-caae-fr","11":"first","12":"instock","13":"taxable","14":"shipping-taxable","15":"purchasable","16":"product-type-variable"},"acf":[],"_links":{"self":[{"href":"https:\/\/cultivers.es\/fr\/wp-json\/wp\/v2\/product\/18050","targetHints":{"allow":["GET"]}}],"collection":[{"href":"https:\/\/cultivers.es\/fr\/wp-json\/wp\/v2\/product"}],"about":[{"href":"https:\/\/cultivers.es\/fr\/wp-json\/wp\/v2\/types\/product"}],"replies":[{"embeddable":true,"href":"https:\/\/cultivers.es\/fr\/wp-json\/wp\/v2\/comments?post=18050"}],"wp:featuredmedia":[{"embeddable":true,"href":"https:\/\/cultivers.es\/fr\/wp-json\/wp\/v2\/media\/27354"}],"wp:attachment":[{"href":"https:\/\/cultivers.es\/fr\/wp-json\/wp\/v2\/media?parent=18050"}],"wp:term":[{"taxonomy":"product_brand","embeddable":true,"href":"https:\/\/cultivers.es\/fr\/wp-json\/wp\/v2\/product_brand?post=18050"},{"taxonomy":"product_cat","embeddable":true,"href":"https:\/\/cultivers.es\/fr\/wp-json\/wp\/v2\/product_cat?post=18050"},{"taxonomy":"product_tag","embeddable":true,"href":"https:\/\/cultivers.es\/fr\/wp-json\/wp\/v2\/product_tag?post=18050"}],"curies":[{"name":"wp","href":"https:\/\/api.w.org\/{rel}","templated":true}]}}