{"id":18051,"date":"2021-10-22T12:12:44","date_gmt":"2021-10-22T12:12:44","guid":{"rendered":"https:\/\/cultivers.es\/abonos\/engrais-organique-pour-hortensias\/"},"modified":"2025-09-22T05:30:26","modified_gmt":"2025-09-22T05:30:26","slug":"engrais-ecologique-hortensia-fertilisant","status":"publish","type":"product","link":"https:\/\/cultivers.es\/fr\/abonnements\/engrais-ecologique-hortensia-fertilisant\/","title":{"rendered":"Engrais organique pour hortensias"},"content":{"rendered":"<p>Engrais organique pour hortensias. L&rsquo;engrais organique pour hortensias et autres plantes acides est une formulation organique liquide qui fournit un \u00e9quilibre nutritionnel d\u00e9velopp\u00e9 pour maintenir le pH du sol \u00e0 un niveau plus bas. Faciliter l&rsquo;absorption des nutriments par la plante. Recommand\u00e9 pour stimuler la floraison et la croissance contr\u00f4l\u00e9e. Contient du fer ch\u00e9lat\u00e9 pour maintenir le vert intense des feuilles.<\/p>\n","protected":false},"excerpt":{"rendered":"<div id=\"featurebullets_feature_div\" class=\"celwidget\" data-feature-name=\"featurebullets\" data-csa-c-id=\"1hl9t2-oj47c8-7b56s0-1pa7hz\" data-cel-widget=\"featurebullets_feature_div\">\n<div id=\"feature-bullets\" class=\"a-section a-spacing-medium a-spacing-top-small\">\n<ul class=\"a-unordered-list a-vertical a-spacing-mini\">\n<li><span class=\"a-list-item\">Engrais organique sp\u00e9cial pour hortensias et cam\u00e9lias<\/span><\/li>\n<li><span class=\"a-list-item\">Favorise la floraison et active la couleur des fleurs<\/span><\/li>\n<li><span class=\"a-list-item\">100% d&rsquo;origine biologique et v\u00e9g\u00e9talienne ; hautement assimilable avec npk 8-1-5 74% de mati\u00e8re organique et d&rsquo;acides humiques<\/span><\/li>\n<li><span class=\"a-list-item\">Formulation contr\u00f4l\u00e9e d&rsquo;origine v\u00e9g\u00e9tale \u00e0 action lente ; renforce la r\u00e9sistance aux maladies<\/span><\/li>\n<li><span class=\"a-list-item\">Produit 100% naturel et sans danger pour les animaux, respectueux de l&rsquo;environnement.<\/span><\/li>\n<\/ul>\n<\/div>\n<\/div>\n","protected":false},"featured_media":12479,"comment_status":"open","ping_status":"closed","template":"","meta":{"_acf_changed":false},"product_brand":[],"product_cat":[314,312,533],"product_tag":[1416],"class_list":{"0":"post-18051","1":"product","2":"type-product","3":"status-publish","4":"has-post-thumbnail","6":"product_cat-engrais","7":"product_cat-engrais-solides","8":"product_cat-hortensias-fr","9":"product_tag-caae-fr","11":"first","12":"instock","13":"taxable","14":"shipping-taxable","15":"purchasable","16":"product-type-variable"},"acf":[],"_links":{"self":[{"href":"https:\/\/cultivers.es\/fr\/wp-json\/wp\/v2\/product\/18051","targetHints":{"allow":["GET"]}}],"collection":[{"href":"https:\/\/cultivers.es\/fr\/wp-json\/wp\/v2\/product"}],"about":[{"href":"https:\/\/cultivers.es\/fr\/wp-json\/wp\/v2\/types\/product"}],"replies":[{"embeddable":true,"href":"https:\/\/cultivers.es\/fr\/wp-json\/wp\/v2\/comments?post=18051"}],"wp:featuredmedia":[{"embeddable":true,"href":"https:\/\/cultivers.es\/fr\/wp-json\/wp\/v2\/media\/12479"}],"wp:attachment":[{"href":"https:\/\/cultivers.es\/fr\/wp-json\/wp\/v2\/media?parent=18051"}],"wp:term":[{"taxonomy":"product_brand","embeddable":true,"href":"https:\/\/cultivers.es\/fr\/wp-json\/wp\/v2\/product_brand?post=18051"},{"taxonomy":"product_cat","embeddable":true,"href":"https:\/\/cultivers.es\/fr\/wp-json\/wp\/v2\/product_cat?post=18051"},{"taxonomy":"product_tag","embeddable":true,"href":"https:\/\/cultivers.es\/fr\/wp-json\/wp\/v2\/product_tag?post=18051"}],"curies":[{"name":"wp","href":"https:\/\/api.w.org\/{rel}","templated":true}]}}