{"id":18052,"date":"2021-10-22T12:12:44","date_gmt":"2021-10-22T12:12:44","guid":{"rendered":"https:\/\/cultivers.es\/abonos\/engrais-organique-a-base-de-guano\/"},"modified":"2025-10-31T09:56:58","modified_gmt":"2025-10-31T09:56:58","slug":"engrais-avec-guano","status":"publish","type":"product","link":"https:\/\/cultivers.es\/fr\/abonnements\/engrais-avec-guano\/","title":{"rendered":"Engrais organique \u00e0 base de guano"},"content":{"rendered":"<div id=\"dpx-product-description_feature_div\">\n<div class=\"celwidget\" data-csa-c-id=\"5jyizg-4o2ji4-od18pl-sv9ler\" data-cel-widget=\"dpx-product-description_csm_instrumentation_wrapper\">\n<div id=\"descriptionAndDetails\" class=\"a-section a-spacing-extra-large\">\n<div id=\"productDescription_feature_div\" class=\"celwidget\" data-feature-name=\"productDescription\" data-csa-c-id=\"jg15ak-vfn0hs-n6a0uj-smv9th\" data-cel-widget=\"productDescription_feature_div\">\n<div>\n<div id=\"productDescription_feature_div\" class=\"a-row feature\" data-feature-name=\"productDescription\" data-template-name=\"productDescription\" data-cel-widget=\"productDescription_feature_div\">\n<div id=\"productDescription\" class=\"a-section a-spacing-small\">\n<p>Notre engrais organique Guano augmente la taille des fruits et le rendement de la culture. Stimule les d\u00e9fenses naturelles. Engrais organique \u00e9cologique \u00e0 forte concentration en NPK. 100% naturel et inoffensif pour les animaux et les plantes. Haute teneur en mati\u00e8res organiques et en substances humiques, qui ont un effet b\u00e9n\u00e9fique sur les propri\u00e9t\u00e9s physiques, chimiques et biologiques du sol, am\u00e9liorant le d\u00e9veloppement des racines des plantes et l&rsquo;absorption des nutriments. Engrais \u00e9cologique \u00e0 base de guano. Engrais universel 100% organique et naturel pour le jardin et le potager.<\/p>\n<\/div>\n<\/div>\n<\/div>\n<\/div>\n<\/div>\n<\/div>\n<\/div>\n","protected":false},"excerpt":{"rendered":"<ul class=\"a-unordered-list a-vertical a-spacing-mini\">\n<li><span class=\"a-list-item\">Augmentation de la taille des fruits et du rendement de la r\u00e9colte.<\/span><\/li>\n<li><span class=\"a-list-item\">Stimule les d\u00e9fenses naturelles.<\/span><\/li>\n<li><span class=\"a-list-item\">Engrais organique \u00e0 forte concentration en NPK<\/span><\/li>\n<li><span class=\"a-list-item\">100% naturel et inoffensif pour les animaux et les plantes.<\/span><\/li>\n<li><span class=\"a-list-item\">Haute teneur en mati\u00e8res organiques et en substances humiques, qui ont un effet b\u00e9n\u00e9fique sur les propri\u00e9t\u00e9s physiques, chimiques et biologiques du sol, am\u00e9liorant le d\u00e9veloppement des racines des plantes et l&rsquo;absorption des nutriments.<\/span><\/li>\n<\/ul>\n","protected":false},"featured_media":12499,"comment_status":"open","ping_status":"closed","template":"","meta":{"_acf_changed":false},"product_brand":[],"product_cat":[522,317,313,314,312,523,357],"product_tag":[1570],"class_list":{"0":"post-18052","1":"product","2":"type-product","3":"status-publish","4":"has-post-thumbnail","6":"product_cat-agrumes","7":"product_cat-bonsai-fr","8":"product_cat-coniferes-et-haies","9":"product_cat-engrais","10":"product_cat-engrais-solides","11":"product_cat-olivier","12":"product_cat-tomates","13":"product_tag-sohiscert-fr","15":"first","16":"instock","17":"taxable","18":"shipping-taxable","19":"purchasable","20":"product-type-variable"},"acf":[],"_links":{"self":[{"href":"https:\/\/cultivers.es\/fr\/wp-json\/wp\/v2\/product\/18052","targetHints":{"allow":["GET"]}}],"collection":[{"href":"https:\/\/cultivers.es\/fr\/wp-json\/wp\/v2\/product"}],"about":[{"href":"https:\/\/cultivers.es\/fr\/wp-json\/wp\/v2\/types\/product"}],"replies":[{"embeddable":true,"href":"https:\/\/cultivers.es\/fr\/wp-json\/wp\/v2\/comments?post=18052"}],"wp:featuredmedia":[{"embeddable":true,"href":"https:\/\/cultivers.es\/fr\/wp-json\/wp\/v2\/media\/12499"}],"wp:attachment":[{"href":"https:\/\/cultivers.es\/fr\/wp-json\/wp\/v2\/media?parent=18052"}],"wp:term":[{"taxonomy":"product_brand","embeddable":true,"href":"https:\/\/cultivers.es\/fr\/wp-json\/wp\/v2\/product_brand?post=18052"},{"taxonomy":"product_cat","embeddable":true,"href":"https:\/\/cultivers.es\/fr\/wp-json\/wp\/v2\/product_cat?post=18052"},{"taxonomy":"product_tag","embeddable":true,"href":"https:\/\/cultivers.es\/fr\/wp-json\/wp\/v2\/product_tag?post=18052"}],"curies":[{"name":"wp","href":"https:\/\/api.w.org\/{rel}","templated":true}]}}